{"id":258,"date":"2024-10-28T17:03:07","date_gmt":"2024-10-28T16:03:07","guid":{"rendered":"http:\/\/sucredorge-burlesque.com\/new\/?page_id=258"},"modified":"2024-11-21T20:37:30","modified_gmt":"2024-11-21T19:37:30","slug":"diary","status":"publish","type":"page","link":"https:\/\/sucredorge-burlesque.com\/en\/diary\/","title":{"rendered":"Diary"},"content":{"rendered":"\n<div class=\"block-posts\" class=\"align wp-block-acf-list-of-posts\">\n  <ul class=\"list-articles\">\n     \n<li id=\"post-16908\" class=\"post post-16908 type-post status-publish format-standard has-post-thumbnail hentry category-non-classifiee\">\n\n  <div class=\"card\">\n    <div class=\"card-img\">\n              <figure class=\"img\"><img loading=\"lazy\" decoding=\"async\" width=\"840\" height=\"560\" src=\"https:\/\/sucredorge-burlesque.com\/wp-content\/uploads\/2014\/11\/pina-kontakthof1-840x560.jpg\" class=\"attachment-list-thumb size-list-thumb wp-post-image\" alt=\"\" srcset=\"https:\/\/sucredorge-burlesque.com\/wp-content\/uploads\/2014\/11\/pina-kontakthof1-840x560.jpg 840w, https:\/\/sucredorge-burlesque.com\/wp-content\/uploads\/2014\/11\/pina-kontakthof1-600x400.jpg 600w\" sizes=\"auto, (max-width: 840px) 100vw, 840px\" \/><\/figure>\n          <\/div><!-- .card-img -->\n    <div class=\"card-content\">\n            <h3 class=\"entry-title\">\n        <a href=\"https:\/\/sucredorge-burlesque.com\/en\/shooting-pina-in-the-ring\/\" rel=\"bookmark\" class=\"post-link\" title=\"Read more: Shooting: Pina in the ring\">\n          Shooting: Pina in the ring        <\/a>\n      <\/h3>\n            \n      <div class=\"teaser\">\n        <p>In April, I was invited to the opening of a new and stylish boxing club in Paris : Le Temple. I get\u2026<\/p>\n      <\/div>\n        \n      <div class=\"entry-meta\">\n        <time class=\"entry-date\" datetime=\"2014-12-03T19:16:43+01:00\">\n          3 December 2014        <\/time>\n        \n                  <p class=\"entry-category\">\n            <a href=\"https:\/\/sucredorge-burlesque.com\/en\/category\/non-classifiee\/\" rel=\"category tag\">Non classifi\u00e9(e)<\/a>          <\/p>\n                \n      <\/div><!-- .entry-meta -->\n    <\/div><!-- .card-content -->\n  <\/div><!-- .card -->\n<\/li><!-- #post-16908 --> \n<li id=\"post-16905\" class=\"post post-16905 type-post status-publish format-standard has-post-thumbnail hentry category-non-classifiee\">\n\n  <div class=\"card\">\n    <div class=\"card-img\">\n              <figure class=\"img\"><img loading=\"lazy\" decoding=\"async\" width=\"840\" height=\"560\" src=\"https:\/\/sucredorge-burlesque.com\/wp-content\/uploads\/2014\/10\/ice18-840x560.jpg\" class=\"attachment-list-thumb size-list-thumb wp-post-image\" alt=\"\" srcset=\"https:\/\/sucredorge-burlesque.com\/wp-content\/uploads\/2014\/10\/ice18-840x560.jpg 840w, https:\/\/sucredorge-burlesque.com\/wp-content\/uploads\/2014\/10\/ice18-600x400.jpg 600w\" sizes=\"auto, (max-width: 840px) 100vw, 840px\" \/><\/figure>\n          <\/div><!-- .card-img -->\n    <div class=\"card-content\">\n            <h3 class=\"entry-title\">\n        <a href=\"https:\/\/sucredorge-burlesque.com\/en\/ice-dream-in-jokulsarlon\/\" rel=\"bookmark\" class=\"post-link\" title=\"Read more: Ice dream in J\u00f6kuls\u00e1rl\u00f3n\">\n          Ice dream in J\u00f6kuls\u00e1rl\u00f3n        <\/a>\n      <\/h3>\n            \n      <div class=\"teaser\">\n        <p>Winter is coming and I remember\u00a0J\u00f6kuls\u00e1rl\u00f3n, the amazing Glacier-lagoon, one of the most beautiful place in Iceland. (click on photos to enlarge)\u2026<\/p>\n      <\/div>\n        \n      <div class=\"entry-meta\">\n        <time class=\"entry-date\" datetime=\"2014-11-02T09:54:20+01:00\">\n          2 November 2014        <\/time>\n        \n                  <p class=\"entry-category\">\n            <a href=\"https:\/\/sucredorge-burlesque.com\/en\/category\/non-classifiee\/\" rel=\"category tag\">Non classifi\u00e9(e)<\/a>          <\/p>\n                \n      <\/div><!-- .entry-meta -->\n    <\/div><!-- .card-content -->\n  <\/div><!-- .card -->\n<\/li><!-- #post-16905 --> \n<li id=\"post-4221\" class=\"post post-4221 type-post status-publish format-standard has-post-thumbnail hentry category-burlesque-en-diary tag-audience tag-burlesque tag-dance tag-dr-sketchys-anti-art-school tag-first-time tag-freak tag-performence-en tag-stress\">\n\n  <div class=\"card\">\n    <div class=\"card-img\">\n              <figure class=\"img\"><img loading=\"lazy\" decoding=\"async\" width=\"664\" height=\"495\" src=\"https:\/\/sucredorge-burlesque.com\/wp-content\/uploads\/2014\/10\/claire-do.jpg\" class=\"attachment-list-thumb size-list-thumb wp-post-image\" alt=\"\" srcset=\"https:\/\/sucredorge-burlesque.com\/wp-content\/uploads\/2014\/10\/claire-do.jpg 664w, https:\/\/sucredorge-burlesque.com\/wp-content\/uploads\/2014\/10\/claire-do-300x224.jpg 300w, https:\/\/sucredorge-burlesque.com\/wp-content\/uploads\/2014\/10\/claire-do-612x456.jpg 612w\" sizes=\"auto, (max-width: 664px) 100vw, 664px\" \/><\/figure>\n          <\/div><!-- .card-img -->\n    <div class=\"card-content\">\n            <h3 class=\"entry-title\">\n        <a href=\"https:\/\/sucredorge-burlesque.com\/en\/like-a-virgin\/\" rel=\"bookmark\" class=\"post-link\" title=\"Read more: Like a virgin\">\n          Like a virgin        <\/a>\n      <\/h3>\n            \n      <div class=\"teaser\">\n        <p>Where were you? Did you enjoy it? Was it something meaningful or without\u00a0consequences? &#8230;Were you paid?\u00a0 I am talking about the first\u2026<\/p>\n      <\/div>\n        \n      <div class=\"entry-meta\">\n        <time class=\"entry-date\" datetime=\"2014-10-22T19:58:13+02:00\">\n          22 October 2014        <\/time>\n        \n                  <p class=\"entry-category\">\n            <a href=\"https:\/\/sucredorge-burlesque.com\/fr\/category\/burlesque-en-diary\/\" rel=\"category tag\">Burlesque<\/a>          <\/p>\n                \n      <\/div><!-- .entry-meta -->\n    <\/div><!-- .card-content -->\n  <\/div><!-- .card -->\n<\/li><!-- #post-4221 --> \n<li id=\"post-4218\" class=\"post post-4218 type-post status-publish format-standard has-post-thumbnail hentry category-non-classifiee\">\n\n  <div class=\"card\">\n    <div class=\"card-img\">\n              <figure class=\"img\"><img loading=\"lazy\" decoding=\"async\" width=\"641\" height=\"560\" src=\"https:\/\/sucredorge-burlesque.com\/wp-content\/uploads\/2014\/10\/d-lish-spider3-641x560.jpg\" class=\"attachment-list-thumb size-list-thumb wp-post-image\" alt=\"\" \/><\/figure>\n          <\/div><!-- .card-img -->\n    <div class=\"card-content\">\n            <h3 class=\"entry-title\">\n        <a href=\"https:\/\/sucredorge-burlesque.com\/en\/masterclass-with-catherine-dlish\/\" rel=\"bookmark\" class=\"post-link\" title=\"Read more: Masterclass with Catherine D&#8217;Lish\">\n          Masterclass with Catherine D&#8217;Lish        <\/a>\n      <\/h3>\n            \n      <div class=\"teaser\">\n        <p>Two weeks ago, I attended Catherine D&#8217;Lish&#8217;s Masterclass. After the class, I was blown away, body and mind. *This is an attempt\u2026<\/p>\n      <\/div>\n        \n      <div class=\"entry-meta\">\n        <time class=\"entry-date\" datetime=\"2014-10-11T21:56:34+02:00\">\n          11 October 2014        <\/time>\n        \n                  <p class=\"entry-category\">\n            <a href=\"https:\/\/sucredorge-burlesque.com\/en\/category\/non-classifiee\/\" rel=\"category tag\">Non classifi\u00e9(e)<\/a>          <\/p>\n                \n      <\/div><!-- .entry-meta -->\n    <\/div><!-- .card-content -->\n  <\/div><!-- .card -->\n<\/li><!-- #post-4218 --> \n<li id=\"post-4214\" class=\"post post-4214 type-post status-publish format-standard has-post-thumbnail hentry category-non-classifiee\">\n\n  <div class=\"card\">\n    <div class=\"card-img\">\n              <figure class=\"img\"><img loading=\"lazy\" decoding=\"async\" width=\"495\" height=\"560\" src=\"https:\/\/sucredorge-burlesque.com\/wp-content\/uploads\/2014\/08\/sarah-bernhardt-495x560.jpg\" class=\"attachment-list-thumb size-list-thumb wp-post-image\" alt=\"Sarah Bernhardt\" \/><\/figure>\n          <\/div><!-- .card-img -->\n    <div class=\"card-content\">\n            <h3 class=\"entry-title\">\n        <a href=\"https:\/\/sucredorge-burlesque.com\/en\/dear-diary\/\" rel=\"bookmark\" class=\"post-link\" title=\"Read more: Dear Diary&#8230;\">\n          Dear Diary&#8230;        <\/a>\n      <\/h3>\n            \n      <div class=\"teaser\">\n        <p>Dear international readers, please be kind to me&#8230; I would like to be fluent in English but I still have to work\u2026<\/p>\n      <\/div>\n        \n      <div class=\"entry-meta\">\n        <time class=\"entry-date\" datetime=\"2014-10-01T08:00:07+02:00\">\n          1 October 2014        <\/time>\n        \n                  <p class=\"entry-category\">\n            <a href=\"https:\/\/sucredorge-burlesque.com\/en\/category\/non-classifiee\/\" rel=\"category tag\">Non classifi\u00e9(e)<\/a>          <\/p>\n                \n      <\/div><!-- .entry-meta -->\n    <\/div><!-- .card-content -->\n  <\/div><!-- .card -->\n<\/li><!-- #post-4214 --> \n<li id=\"post-4215\" class=\"post post-4215 type-post status-publish format-standard has-post-thumbnail hentry category-non-classifiee\">\n\n  <div class=\"card\">\n    <div class=\"card-img\">\n              <figure class=\"img\"><img loading=\"lazy\" decoding=\"async\" width=\"665\" height=\"560\" src=\"https:\/\/sucredorge-burlesque.com\/wp-content\/uploads\/2014\/09\/hoop-ziegfeld-665x560.jpg\" class=\"attachment-list-thumb size-list-thumb wp-post-image\" alt=\"\" \/><\/figure>\n          <\/div><!-- .card-img -->\n    <div class=\"card-content\">\n            <h3 class=\"entry-title\">\n        <a href=\"https:\/\/sucredorge-burlesque.com\/en\/ziegfeld-style\/\" rel=\"bookmark\" class=\"post-link\" title=\"Read more: Ziegfeld Style\">\n          Ziegfeld Style        <\/a>\n      <\/h3>\n            \n      <div class=\"teaser\">\n        <p>Circle and Model When Mireille Ampilhac asked me to be her model for a photoshoot, I was excited by the idea of\u2026<\/p>\n      <\/div>\n        \n      <div class=\"entry-meta\">\n        <time class=\"entry-date\" datetime=\"2014-09-20T17:00:57+02:00\">\n          20 September 2014        <\/time>\n        \n                  <p class=\"entry-category\">\n            <a href=\"https:\/\/sucredorge-burlesque.com\/en\/category\/non-classifiee\/\" rel=\"category tag\">Non classifi\u00e9(e)<\/a>          <\/p>\n                \n      <\/div><!-- .entry-meta -->\n    <\/div><!-- .card-content -->\n  <\/div><!-- .card -->\n<\/li><!-- #post-4215 --> \n<li id=\"post-4216\" class=\"post post-4216 type-post status-publish format-standard has-post-thumbnail hentry category-non-classifiee\">\n\n  <div class=\"card\">\n    <div class=\"card-img\">\n              <figure class=\"img\"><img loading=\"lazy\" decoding=\"async\" width=\"336\" height=\"433\" src=\"https:\/\/sucredorge-burlesque.com\/wp-content\/uploads\/2014\/08\/pin-up2.jpg\" class=\"attachment-list-thumb size-list-thumb wp-post-image\" alt=\"Bas nylon ?\" srcset=\"https:\/\/sucredorge-burlesque.com\/wp-content\/uploads\/2014\/08\/pin-up2.jpg 336w, https:\/\/sucredorge-burlesque.com\/wp-content\/uploads\/2014\/08\/pin-up2-233x300.jpg 233w\" sizes=\"auto, (max-width: 336px) 100vw, 336px\" \/><\/figure>\n          <\/div><!-- .card-img -->\n    <div class=\"card-content\">\n            <h3 class=\"entry-title\">\n        <a href=\"https:\/\/sucredorge-burlesque.com\/en\/cycle-with-style\/\" rel=\"bookmark\" class=\"post-link\" title=\"Read more: Cycle with style!\">\n          Cycle with style!        <\/a>\n      <\/h3>\n            \n      <div class=\"teaser\">\n        <p>Since I bought a lovely vintage bike, I am fond of riding through Paris. But the main question is : how to\u2026<\/p>\n      <\/div>\n        \n      <div class=\"entry-meta\">\n        <time class=\"entry-date\" datetime=\"2014-09-15T18:11:29+02:00\">\n          15 September 2014        <\/time>\n        \n                  <p class=\"entry-category\">\n            <a href=\"https:\/\/sucredorge-burlesque.com\/en\/category\/non-classifiee\/\" rel=\"category tag\">Non classifi\u00e9(e)<\/a>          <\/p>\n                \n      <\/div><!-- .entry-meta -->\n    <\/div><!-- .card-content -->\n  <\/div><!-- .card -->\n<\/li><!-- #post-4216 -->  <\/ul>\n  \n  <div class=\"pagination\">\n      <\/div>\n<\/div>\n\n","protected":false},"excerpt":{"rendered":"","protected":false},"author":1,"featured_media":228,"parent":0,"menu_order":0,"comment_status":"closed","ping_status":"closed","template":"","meta":{"_acf_changed":false,"footnotes":""},"class_list":["post-258","page","type-page","status-publish","has-post-thumbnail","hentry"],"acf":[],"yoast_head":"<!-- This site is optimized with the Yoast SEO plugin v27.2 - https:\/\/yoast.com\/product\/yoast-seo-wordpress\/ -->\n<title>Diary - Sucre d&#039;Orge<\/title>\n<meta name=\"robots\" content=\"index, follow, max-snippet:-1, max-image-preview:large, max-video-preview:-1\" \/>\n<link rel=\"canonical\" href=\"https:\/\/sucredorge-burlesque.com\/fr\/journal\/\" \/>\n<meta property=\"og:locale\" content=\"en_US\" \/>\n<meta property=\"og:type\" content=\"article\" \/>\n<meta property=\"og:title\" content=\"Diary - Sucre d&#039;Orge\" \/>\n<meta property=\"og:url\" content=\"https:\/\/sucredorge-burlesque.com\/fr\/journal\/\" \/>\n<meta property=\"og:site_name\" content=\"Sucre d&#039;Orge\" \/>\n<meta property=\"article:modified_time\" content=\"2024-11-21T19:37:30+00:00\" \/>\n<meta property=\"og:image\" content=\"https:\/\/sucredorge-burlesque.com\/wp-content\/uploads\/2024\/10\/dinosaur-11.jpg\" \/>\n\t<meta property=\"og:image:width\" content=\"940\" \/>\n\t<meta property=\"og:image:height\" content=\"1254\" \/>\n\t<meta property=\"og:image:type\" content=\"image\/jpeg\" \/>\n<meta name=\"twitter:card\" content=\"summary_large_image\" \/>\n<script type=\"application\/ld+json\" class=\"yoast-schema-graph\">{\"@context\":\"https:\/\/schema.org\",\"@graph\":[{\"@type\":\"WebPage\",\"@id\":\"https:\/\/sucredorge-burlesque.com\/fr\/journal\/\",\"url\":\"https:\/\/sucredorge-burlesque.com\/fr\/journal\/\",\"name\":\"Diary - Sucre d&#039;Orge\",\"isPartOf\":{\"@id\":\"https:\/\/sucredorge-burlesque.com\/fr\/#website\"},\"primaryImageOfPage\":{\"@id\":\"https:\/\/sucredorge-burlesque.com\/fr\/journal\/#primaryimage\"},\"image\":{\"@id\":\"https:\/\/sucredorge-burlesque.com\/fr\/journal\/#primaryimage\"},\"thumbnailUrl\":\"https:\/\/sucredorge-burlesque.com\/wp-content\/uploads\/2024\/10\/dinosaur-11.jpg\",\"datePublished\":\"2024-10-28T16:03:07+00:00\",\"dateModified\":\"2024-11-21T19:37:30+00:00\",\"breadcrumb\":{\"@id\":\"https:\/\/sucredorge-burlesque.com\/fr\/journal\/#breadcrumb\"},\"inLanguage\":\"en-US\",\"potentialAction\":[{\"@type\":\"ReadAction\",\"target\":[\"https:\/\/sucredorge-burlesque.com\/fr\/journal\/\"]}]},{\"@type\":\"ImageObject\",\"inLanguage\":\"en-US\",\"@id\":\"https:\/\/sucredorge-burlesque.com\/fr\/journal\/#primaryimage\",\"url\":\"https:\/\/sucredorge-burlesque.com\/wp-content\/uploads\/2024\/10\/dinosaur-11.jpg\",\"contentUrl\":\"https:\/\/sucredorge-burlesque.com\/wp-content\/uploads\/2024\/10\/dinosaur-11.jpg\",\"width\":940,\"height\":1254},{\"@type\":\"BreadcrumbList\",\"@id\":\"https:\/\/sucredorge-burlesque.com\/fr\/journal\/#breadcrumb\",\"itemListElement\":[{\"@type\":\"ListItem\",\"position\":1,\"name\":\"Accueil\",\"item\":\"https:\/\/sucredorge-burlesque.com\/en\/\"},{\"@type\":\"ListItem\",\"position\":2,\"name\":\"Diary\"}]},{\"@type\":\"WebSite\",\"@id\":\"https:\/\/sucredorge-burlesque.com\/fr\/#website\",\"url\":\"https:\/\/sucredorge-burlesque.com\/fr\/\",\"name\":\"Sucre d'Orge\",\"description\":\"\",\"potentialAction\":[{\"@type\":\"SearchAction\",\"target\":{\"@type\":\"EntryPoint\",\"urlTemplate\":\"https:\/\/sucredorge-burlesque.com\/fr\/?s={search_term_string}\"},\"query-input\":{\"@type\":\"PropertyValueSpecification\",\"valueRequired\":true,\"valueName\":\"search_term_string\"}}],\"inLanguage\":\"en-US\"}]}<\/script>\n<!-- \/ Yoast SEO plugin. -->","yoast_head_json":{"title":"Diary - Sucre d&#039;Orge","robots":{"index":"index","follow":"follow","max-snippet":"max-snippet:-1","max-image-preview":"max-image-preview:large","max-video-preview":"max-video-preview:-1"},"canonical":"https:\/\/sucredorge-burlesque.com\/fr\/journal\/","og_locale":"en_US","og_type":"article","og_title":"Diary - Sucre d&#039;Orge","og_url":"https:\/\/sucredorge-burlesque.com\/fr\/journal\/","og_site_name":"Sucre d&#039;Orge","article_modified_time":"2024-11-21T19:37:30+00:00","og_image":[{"width":940,"height":1254,"url":"https:\/\/sucredorge-burlesque.com\/wp-content\/uploads\/2024\/10\/dinosaur-11.jpg","type":"image\/jpeg"}],"twitter_card":"summary_large_image","schema":{"@context":"https:\/\/schema.org","@graph":[{"@type":"WebPage","@id":"https:\/\/sucredorge-burlesque.com\/fr\/journal\/","url":"https:\/\/sucredorge-burlesque.com\/fr\/journal\/","name":"Diary - Sucre d&#039;Orge","isPartOf":{"@id":"https:\/\/sucredorge-burlesque.com\/fr\/#website"},"primaryImageOfPage":{"@id":"https:\/\/sucredorge-burlesque.com\/fr\/journal\/#primaryimage"},"image":{"@id":"https:\/\/sucredorge-burlesque.com\/fr\/journal\/#primaryimage"},"thumbnailUrl":"https:\/\/sucredorge-burlesque.com\/wp-content\/uploads\/2024\/10\/dinosaur-11.jpg","datePublished":"2024-10-28T16:03:07+00:00","dateModified":"2024-11-21T19:37:30+00:00","breadcrumb":{"@id":"https:\/\/sucredorge-burlesque.com\/fr\/journal\/#breadcrumb"},"inLanguage":"en-US","potentialAction":[{"@type":"ReadAction","target":["https:\/\/sucredorge-burlesque.com\/fr\/journal\/"]}]},{"@type":"ImageObject","inLanguage":"en-US","@id":"https:\/\/sucredorge-burlesque.com\/fr\/journal\/#primaryimage","url":"https:\/\/sucredorge-burlesque.com\/wp-content\/uploads\/2024\/10\/dinosaur-11.jpg","contentUrl":"https:\/\/sucredorge-burlesque.com\/wp-content\/uploads\/2024\/10\/dinosaur-11.jpg","width":940,"height":1254},{"@type":"BreadcrumbList","@id":"https:\/\/sucredorge-burlesque.com\/fr\/journal\/#breadcrumb","itemListElement":[{"@type":"ListItem","position":1,"name":"Accueil","item":"https:\/\/sucredorge-burlesque.com\/en\/"},{"@type":"ListItem","position":2,"name":"Diary"}]},{"@type":"WebSite","@id":"https:\/\/sucredorge-burlesque.com\/fr\/#website","url":"https:\/\/sucredorge-burlesque.com\/fr\/","name":"Sucre d'Orge","description":"","potentialAction":[{"@type":"SearchAction","target":{"@type":"EntryPoint","urlTemplate":"https:\/\/sucredorge-burlesque.com\/fr\/?s={search_term_string}"},"query-input":{"@type":"PropertyValueSpecification","valueRequired":true,"valueName":"search_term_string"}}],"inLanguage":"en-US"}]}},"jetpack_sharing_enabled":true,"_links":{"self":[{"href":"https:\/\/sucredorge-burlesque.com\/en\/wp-json\/wp\/v2\/pages\/258","targetHints":{"allow":["GET"]}}],"collection":[{"href":"https:\/\/sucredorge-burlesque.com\/en\/wp-json\/wp\/v2\/pages"}],"about":[{"href":"https:\/\/sucredorge-burlesque.com\/en\/wp-json\/wp\/v2\/types\/page"}],"author":[{"embeddable":true,"href":"https:\/\/sucredorge-burlesque.com\/en\/wp-json\/wp\/v2\/users\/1"}],"replies":[{"embeddable":true,"href":"https:\/\/sucredorge-burlesque.com\/en\/wp-json\/wp\/v2\/comments?post=258"}],"version-history":[{"count":1,"href":"https:\/\/sucredorge-burlesque.com\/en\/wp-json\/wp\/v2\/pages\/258\/revisions"}],"predecessor-version":[{"id":259,"href":"https:\/\/sucredorge-burlesque.com\/en\/wp-json\/wp\/v2\/pages\/258\/revisions\/259"}],"wp:featuredmedia":[{"embeddable":true,"href":"https:\/\/sucredorge-burlesque.com\/en\/wp-json\/wp\/v2\/media\/228"}],"wp:attachment":[{"href":"https:\/\/sucredorge-burlesque.com\/en\/wp-json\/wp\/v2\/media?parent=258"}],"curies":[{"name":"wp","href":"https:\/\/api.w.org\/{rel}","templated":true}]}}