{"id":268,"date":"2024-10-31T19:46:26","date_gmt":"2024-10-31T18:46:26","guid":{"rendered":"http:\/\/sucredorge-burlesque.com\/new\/?page_id=268"},"modified":"2026-03-30T12:12:07","modified_gmt":"2026-03-30T10:12:07","slug":"references","status":"publish","type":"page","link":"https:\/\/sucredorge-burlesque.com\/en\/references\/","title":{"rendered":"References"},"content":{"rendered":"\n<h2 class=\"wp-block-heading\">Burlesque shows<\/h2>\n\n\n\n<div class=\"wp-block-media-text is-stacked-on-mobile\" style=\"grid-template-columns:40% auto\"><figure class=\"wp-block-media-text__media\"><img loading=\"lazy\" decoding=\"async\" width=\"675\" height=\"1024\" src=\"https:\/\/sucredorge-burlesque.com\/wp-content\/uploads\/2024\/10\/SucreDorge-Yago-10-675x1024.jpg\" alt=\"\" class=\"wp-image-18525 size-full\" srcset=\"https:\/\/sucredorge-burlesque.com\/wp-content\/uploads\/2024\/10\/SucreDorge-Yago-10-675x1024.jpg 675w, https:\/\/sucredorge-burlesque.com\/wp-content\/uploads\/2024\/10\/SucreDorge-Yago-10-198x300.jpg 198w, https:\/\/sucredorge-burlesque.com\/wp-content\/uploads\/2024\/10\/SucreDorge-Yago-10-768x1165.jpg 768w, https:\/\/sucredorge-burlesque.com\/wp-content\/uploads\/2024\/10\/SucreDorge-Yago-10-1013x1536.jpg 1013w, https:\/\/sucredorge-burlesque.com\/wp-content\/uploads\/2024\/10\/SucreDorge-Yago-10-612x928.jpg 612w, https:\/\/sucredorge-burlesque.com\/wp-content\/uploads\/2024\/10\/SucreDorge-Yago-10.jpg 1055w\" sizes=\"auto, (max-width: 675px) 100vw, 675px\" \/><\/figure><div class=\"wp-block-media-text__content\">\n<h3 class=\"wp-block-heading has-small-font-size\">Paris:<\/h3>\n\n\n\n<p>Le Cabaret Burlesque (on the peniche boat la Nouvelle Seine, at the Rouge Gorge theatre during Avingon theater festival), cabaret Canaille (th\u00e9\u00e2tre Michel), La Barbichette (at the Machine du Moulin Rouge), Velvet Dinners (at Victoria then Boeuf sur le toit), the Carnaval du Ch\u00e2teau de Versailles, the f\u00eate de la danse of Blanca Li et hers cabarets at Maxim&#8217;s, Le Divan Japonais (chez Madame Arthur), le Boudoir des Muses, le Secret (au Truc du P\u00e8re Lachaise), la Glitter Fever of Miss Glitter Painkiller, le Silencio, le Raspoutine, le Carmen, la Petite Cour des Astres.<\/p>\n\n\n\n<h3 class=\"wp-block-heading has-small-font-size\">In France:<\/h3>\n\n\n\n<p>Le Cabaret Burlesque at the Rouge Gorge theater at Avignon during Avignon festival, on tour in France, le Scandal des fr\u00e8res Pourcels (Montpellier), le Papagayo (Saint-Tropez), &#8230;<\/p>\n\n\n\n<p class=\"has-small-font-size\">\u00a9 Katherine Chulkova<\/p>\n<\/div><\/div>\n\n\n\n<div class=\"wp-block-media-text has-media-on-the-right is-stacked-on-mobile\" style=\"grid-template-columns:auto 40%\"><div class=\"wp-block-media-text__content\">\n<h3 class=\"wp-block-heading has-small-font-size\">Europe:<\/h3>\n\n\n\n<p>Le Cabaret Mademoiselle (Bruxelles), le Sassy Cabaret (Bruxelles), le Bizz&#8217;Art Show (Belgique), Voodoo de Luxe (Milan, Italie), Frauke Fraulein Show et Stockholm burlesque festival (Stockholm, Su\u00e8de), Secret Follies (Suisse), Blue Moon Cabaret, Casa do Alejandro (Lisbonne, Portugal), Wilton Theatre (Londres).<\/p>\n\n\n\n<h3 class=\"wp-block-heading has-small-font-size\">Worldwide:<\/h3>\n\n\n\n<p>L&#8217;Or Espresso with the Burlesque Klub (Sydney, Australie), burlesque cabarets in China (the Pearl, Shanghai et Modernista, Beijing), Gemini &amp; Scorpio (New York)<\/p>\n\n\n\n<p class=\"has-small-font-size\">\u00a9 Conteur d&#8217;histoire<\/p>\n<\/div><figure class=\"wp-block-media-text__media\"><img loading=\"lazy\" decoding=\"async\" width=\"682\" height=\"1024\" src=\"https:\/\/sucredorge-burlesque.com\/wp-content\/uploads\/2024\/10\/DSC_1953-682x1024.jpg\" alt=\"\" class=\"wp-image-18516 size-full\" srcset=\"https:\/\/sucredorge-burlesque.com\/wp-content\/uploads\/2024\/10\/DSC_1953-682x1024.jpg 682w, https:\/\/sucredorge-burlesque.com\/wp-content\/uploads\/2024\/10\/DSC_1953-200x300.jpg 200w, https:\/\/sucredorge-burlesque.com\/wp-content\/uploads\/2024\/10\/DSC_1953-768x1154.jpg 768w, https:\/\/sucredorge-burlesque.com\/wp-content\/uploads\/2024\/10\/DSC_1953-1022x1536.jpg 1022w, https:\/\/sucredorge-burlesque.com\/wp-content\/uploads\/2024\/10\/DSC_1953-560x840.jpg 560w, https:\/\/sucredorge-burlesque.com\/wp-content\/uploads\/2024\/10\/DSC_1953-400x600.jpg 400w, https:\/\/sucredorge-burlesque.com\/wp-content\/uploads\/2024\/10\/DSC_1953-612x919.jpg 612w, https:\/\/sucredorge-burlesque.com\/wp-content\/uploads\/2024\/10\/DSC_1953.jpg 1065w\" sizes=\"auto, (max-width: 682px) 100vw, 682px\" \/><\/figure><\/div>\n\n\n\n<h2 class=\"wp-block-heading\">Private Events<\/h2>\n\n\n\n<div class=\"wp-block-media-text is-stacked-on-mobile\"><figure class=\"wp-block-media-text__media\"><img loading=\"lazy\" decoding=\"async\" width=\"960\" height=\"640\" src=\"https:\/\/sucredorge-burlesque.com\/wp-content\/uploads\/2024\/12\/1907648_10152425974318948_786058456575627882_n.jpg\" alt=\"\" class=\"wp-image-18740 size-full\" srcset=\"https:\/\/sucredorge-burlesque.com\/wp-content\/uploads\/2024\/12\/1907648_10152425974318948_786058456575627882_n.jpg 960w, https:\/\/sucredorge-burlesque.com\/wp-content\/uploads\/2024\/12\/1907648_10152425974318948_786058456575627882_n-300x200.jpg 300w, https:\/\/sucredorge-burlesque.com\/wp-content\/uploads\/2024\/12\/1907648_10152425974318948_786058456575627882_n-768x512.jpg 768w, https:\/\/sucredorge-burlesque.com\/wp-content\/uploads\/2024\/12\/1907648_10152425974318948_786058456575627882_n-840x560.jpg 840w, https:\/\/sucredorge-burlesque.com\/wp-content\/uploads\/2024\/12\/1907648_10152425974318948_786058456575627882_n-600x400.jpg 600w, https:\/\/sucredorge-burlesque.com\/wp-content\/uploads\/2024\/12\/1907648_10152425974318948_786058456575627882_n-612x408.jpg 612w\" sizes=\"auto, (max-width: 960px) 100vw, 960px\" \/><\/figure><div class=\"wp-block-media-text__content\">\n<p> Penhaligon&#8217;s perfumes launches (Juniper Sling, Tralala)<\/p>\n\n\n\n<p>L&#8217;Or Espresso (2018 Sydney, Australie) with Le Burlesque Klub.<\/p>\n\n\n\n<p>With Brand Contente:  Canal+ parties (Paris et Cannes), Bal Dior (2018 \u00e0 Paris et Shanghai), Christmas events at the Printemps and the Samaritaine, &#8230;<\/p>\n<\/div><\/div>\n\n\n\n<h2 class=\"wp-block-heading\">Music<\/h2>\n\n\n\n<div class=\"wp-block-media-text has-media-on-the-right is-stacked-on-mobile\" style=\"grid-template-columns:auto 40%\"><div class=\"wp-block-media-text__content\">\n<h3 class=\"wp-block-heading has-small-font-size\">Solo singer<\/h3>\n\n\n\n<p>Solo singer in 2023 and 2024 for Velvet Dinner at the Victoria (Paris 8\u00e8me), during immersive pr\u00e9-shows for Cabaret Canaille (th\u00e9\u00e2tre Michel, Paris 8\u00e8me), in duo with les Soeurs Papilles at the Belles Poules.<\/p>\n\n\n\n<h3 class=\"wp-block-heading has-small-font-size\">One-lute show : &#8220;Sucre d&#8217;Orge shows off her lute&#8221;<\/h3>\n\n\n\n<p>2023 : 8 shows at la Divine Com\u00e9die (Paris 9)<\/p>\n\n\n\n<p>2024: Festival les Clopes (Montreuil), Cave de Bleu L\u00e9zard (Lausanne, Suisse)<\/p>\n\n\n\n<p>2025: Lyon, Rouen, more to come!<\/p>\n\n\n\n<p class=\"has-small-font-size\">\u00a9 Eve Saint-Ramon<\/p>\n<\/div><figure class=\"wp-block-media-text__media\"><img loading=\"lazy\" decoding=\"async\" width=\"768\" height=\"1024\" src=\"https:\/\/sucredorge-burlesque.com\/wp-content\/uploads\/2024\/10\/DSC9829-768x1024.jpg\" alt=\"\" class=\"wp-image-18554 size-full\" srcset=\"https:\/\/sucredorge-burlesque.com\/wp-content\/uploads\/2024\/10\/DSC9829-768x1024.jpg 768w, https:\/\/sucredorge-burlesque.com\/wp-content\/uploads\/2024\/10\/DSC9829-225x300.jpg 225w, https:\/\/sucredorge-burlesque.com\/wp-content\/uploads\/2024\/10\/DSC9829-612x816.jpg 612w, https:\/\/sucredorge-burlesque.com\/wp-content\/uploads\/2024\/10\/DSC9829.jpg 1080w\" sizes=\"auto, (max-width: 768px) 100vw, 768px\" \/><\/figure><\/div>\n\n\n\n<h2 class=\"wp-block-heading\">Photo shoots and model &#8211; drawing<\/h2>\n\n\n\n<div class=\"wp-block-media-text is-stacked-on-mobile\" style=\"grid-template-columns:40% auto\"><figure class=\"wp-block-media-text__media\"><img loading=\"lazy\" decoding=\"async\" width=\"683\" height=\"1024\" src=\"https:\/\/sucredorge-burlesque.com\/wp-content\/uploads\/2024\/12\/DSCF1489-683x1024.jpg\" alt=\"\" class=\"wp-image-19111 size-full\" srcset=\"https:\/\/sucredorge-burlesque.com\/wp-content\/uploads\/2024\/12\/DSCF1489-683x1024.jpg 683w, https:\/\/sucredorge-burlesque.com\/wp-content\/uploads\/2024\/12\/DSCF1489-200x300.jpg 200w, https:\/\/sucredorge-burlesque.com\/wp-content\/uploads\/2024\/12\/DSCF1489-768x1152.jpg 768w, https:\/\/sucredorge-burlesque.com\/wp-content\/uploads\/2024\/12\/DSCF1489-1024x1536.jpg 1024w, https:\/\/sucredorge-burlesque.com\/wp-content\/uploads\/2024\/12\/DSCF1489-1365x2048.jpg 1365w, https:\/\/sucredorge-burlesque.com\/wp-content\/uploads\/2024\/12\/DSCF1489-560x840.jpg 560w, https:\/\/sucredorge-burlesque.com\/wp-content\/uploads\/2024\/12\/DSCF1489-400x600.jpg 400w, https:\/\/sucredorge-burlesque.com\/wp-content\/uploads\/2024\/12\/DSCF1489-612x918.jpg 612w, https:\/\/sucredorge-burlesque.com\/wp-content\/uploads\/2024\/12\/DSCF1489-scaled.jpg 1707w\" sizes=\"auto, (max-width: 683px) 100vw, 683px\" \/><\/figure><div class=\"wp-block-media-text__content\">\n<h3 class=\"wp-block-heading has-small-font-size\">Cinema &amp; video<\/h3>\n\n\n\n<ul class=\"wp-block-list\">\n<li>Silhouette in Katell Quill\u00e9v\u00e9r\u00e9&#8217;s <em>Le temps d&#8217;aimer<\/em>, 2023 (<a href=\"https:\/\/www.youtube.com\/watch?v=Xxwyl-7Fdso`\" target=\"_blank\" rel=\"noreferrer noopener\">view trailer<\/a>)<\/li>\n\n\n\n<li>Silhouette of Mata Hari in <em>L&#8217;ombre d&#8217;un doute, Mata Hari une coupable id\u00e9ale?<\/em>, 2011 (<a href=\"https:\/\/histoire.fr\/programmes\/l-ombre-d-un-doute-mata-hari-une-coupable-ideale-124618\" target=\"_blank\" rel=\"noreferrer noopener\">view broadcasts<\/a>)<\/li>\n\n\n\n<li>Clip for the association R\u00e8gles \u00e9l\u00e9mentaires, 2020<\/li>\n\n\n\n<li>Clip directed by Jethro Massey (<a href=\"https:\/\/www.youtube.com\/watch?v=HJeMFNgQy5c\" target=\"_blank\" rel=\"noreferrer noopener\">see here<\/a>)<\/li>\n\n\n\n<li><em>Garter belt workshops<\/em> for Marie Audran&#8217;s Cabinet de Curiosit\u00e9, 2014 (3 episodes <a href=\"https:\/\/www.dailymotion.com\/video\/x1bruzu\" target=\"_blank\" rel=\"noreferrer noopener\">view here<\/a>)<\/li>\n<\/ul>\n\n\n\n<h3 class=\"wp-block-heading has-small-font-size\">Photo model:<\/h3>\n\n\n\n<ul class=\"wp-block-list\">\n<li>Sucre d&#8217;Orge often lends itself to photographic collaborations with Shot by Alexandra, Cedric Roulliat, Eve Saint-Ramon, Julien Benhamou, Isaure Anska, Armelle Gouyet, Paul von Borax, among others\u2026<\/li>\n<\/ul>\n\n\n\n<h3 class=\"wp-block-heading has-small-font-size\">Drawing Model:<\/h3>\n\n\n\n<p>She regularly poses for art schools and private workshops such as Gobelins, Dr Sketchy&#8217;s Anti-Art School (Paris, NYC), l&#8217;atelier double-raisin, \u2026<\/p>\n<\/div><\/div>\n\n\n\n<div class=\"wp-block-buttons is-content-justification-center is-layout-flex wp-container-core-buttons-is-layout-16018d1d wp-block-buttons-is-layout-flex\">\n<div class=\"wp-block-button\"><a class=\"wp-block-button__link wp-element-button\" href=\"https:\/\/sucredorge-burlesque.com\/en\/contact\/\">Contact<\/a><\/div>\n<\/div>\n","protected":false},"excerpt":{"rendered":"<p>Burlesque shows Paris: Le Cabaret Burlesque (on the peniche boat la Nouvelle Seine, at the Rouge Gorge theatre during Avingon theater festival), cabaret Canaille (th\u00e9\u00e2tre Michel), La Barbichette (at the Machine du Moulin Rouge), Velvet Dinners (at Victoria then Boeuf sur le toit), the Carnaval du Ch\u00e2teau de Versailles, the f\u00eate de la danse of [&hellip;]<\/p>\n","protected":false},"author":1,"featured_media":0,"parent":0,"menu_order":0,"comment_status":"closed","ping_status":"closed","template":"","meta":{"_acf_changed":false,"footnotes":""},"class_list":["post-268","page","type-page","status-publish","hentry"],"acf":[],"yoast_head":"<!-- This site is optimized with the Yoast SEO plugin v27.2 - https:\/\/yoast.com\/product\/yoast-seo-wordpress\/ -->\n<title>References - Sucre d&#039;Orge<\/title>\n<meta name=\"description\" content=\"Burlesque shows, private events, musical performences with ot without her lute: discover all the references of Sucre d&#039;Orge.\" \/>\n<meta name=\"robots\" content=\"index, follow, max-snippet:-1, max-image-preview:large, max-video-preview:-1\" \/>\n<link rel=\"canonical\" href=\"https:\/\/sucredorge-burlesque.com\/en\/references\/\" \/>\n<meta property=\"og:locale\" content=\"en_US\" \/>\n<meta property=\"og:type\" content=\"article\" \/>\n<meta property=\"og:title\" content=\"References - Sucre d&#039;Orge\" \/>\n<meta property=\"og:description\" content=\"Burlesque shows, private events, musical performences with ot without her lute: discover all the references of Sucre d&#039;Orge.\" \/>\n<meta property=\"og:url\" content=\"https:\/\/sucredorge-burlesque.com\/en\/references\/\" \/>\n<meta property=\"og:site_name\" content=\"Sucre d&#039;Orge\" \/>\n<meta property=\"article:modified_time\" content=\"2026-03-30T10:12:07+00:00\" \/>\n<meta property=\"og:image\" content=\"https:\/\/sucredorge-burlesque.com\/wp-content\/uploads\/2024\/10\/SucreDorge-Yago-10.jpg\" \/>\n\t<meta property=\"og:image:width\" content=\"1055\" \/>\n\t<meta property=\"og:image:height\" content=\"1600\" \/>\n\t<meta property=\"og:image:type\" content=\"image\/jpeg\" \/>\n<meta name=\"twitter:card\" content=\"summary_large_image\" \/>\n<meta name=\"twitter:label1\" content=\"Est. reading time\" \/>\n\t<meta name=\"twitter:data1\" content=\"4 minutes\" \/>\n<script type=\"application\/ld+json\" class=\"yoast-schema-graph\">{\"@context\":\"https:\/\/schema.org\",\"@graph\":[{\"@type\":\"WebPage\",\"@id\":\"https:\/\/sucredorge-burlesque.com\/en\/references\/\",\"url\":\"https:\/\/sucredorge-burlesque.com\/en\/references\/\",\"name\":\"References - Sucre d&#039;Orge\",\"isPartOf\":{\"@id\":\"https:\/\/sucredorge-burlesque.com\/fr\/#website\"},\"primaryImageOfPage\":{\"@id\":\"https:\/\/sucredorge-burlesque.com\/en\/references\/#primaryimage\"},\"image\":{\"@id\":\"https:\/\/sucredorge-burlesque.com\/en\/references\/#primaryimage\"},\"thumbnailUrl\":\"https:\/\/sucredorge-burlesque.com\/wp-content\/uploads\/2024\/10\/SucreDorge-Yago-10-675x1024.jpg\",\"datePublished\":\"2024-10-31T18:46:26+00:00\",\"dateModified\":\"2026-03-30T10:12:07+00:00\",\"description\":\"Burlesque shows, private events, musical performences with ot without her lute: discover all the references of Sucre d'Orge.\",\"breadcrumb\":{\"@id\":\"https:\/\/sucredorge-burlesque.com\/en\/references\/#breadcrumb\"},\"inLanguage\":\"en-US\",\"potentialAction\":[{\"@type\":\"ReadAction\",\"target\":[\"https:\/\/sucredorge-burlesque.com\/en\/references\/\"]}]},{\"@type\":\"ImageObject\",\"inLanguage\":\"en-US\",\"@id\":\"https:\/\/sucredorge-burlesque.com\/en\/references\/#primaryimage\",\"url\":\"https:\/\/sucredorge-burlesque.com\/wp-content\/uploads\/2024\/10\/SucreDorge-Yago-10-675x1024.jpg\",\"contentUrl\":\"https:\/\/sucredorge-burlesque.com\/wp-content\/uploads\/2024\/10\/SucreDorge-Yago-10-675x1024.jpg\"},{\"@type\":\"BreadcrumbList\",\"@id\":\"https:\/\/sucredorge-burlesque.com\/en\/references\/#breadcrumb\",\"itemListElement\":[{\"@type\":\"ListItem\",\"position\":1,\"name\":\"Accueil\",\"item\":\"https:\/\/sucredorge-burlesque.com\/en\/\"},{\"@type\":\"ListItem\",\"position\":2,\"name\":\"References\"}]},{\"@type\":\"WebSite\",\"@id\":\"https:\/\/sucredorge-burlesque.com\/fr\/#website\",\"url\":\"https:\/\/sucredorge-burlesque.com\/fr\/\",\"name\":\"Sucre d'Orge\",\"description\":\"\",\"potentialAction\":[{\"@type\":\"SearchAction\",\"target\":{\"@type\":\"EntryPoint\",\"urlTemplate\":\"https:\/\/sucredorge-burlesque.com\/fr\/?s={search_term_string}\"},\"query-input\":{\"@type\":\"PropertyValueSpecification\",\"valueRequired\":true,\"valueName\":\"search_term_string\"}}],\"inLanguage\":\"en-US\"}]}<\/script>\n<!-- \/ Yoast SEO plugin. -->","yoast_head_json":{"title":"References - Sucre d&#039;Orge","description":"Burlesque shows, private events, musical performences with ot without her lute: discover all the references of Sucre d'Orge.","robots":{"index":"index","follow":"follow","max-snippet":"max-snippet:-1","max-image-preview":"max-image-preview:large","max-video-preview":"max-video-preview:-1"},"canonical":"https:\/\/sucredorge-burlesque.com\/en\/references\/","og_locale":"en_US","og_type":"article","og_title":"References - Sucre d&#039;Orge","og_description":"Burlesque shows, private events, musical performences with ot without her lute: discover all the references of Sucre d'Orge.","og_url":"https:\/\/sucredorge-burlesque.com\/en\/references\/","og_site_name":"Sucre d&#039;Orge","article_modified_time":"2026-03-30T10:12:07+00:00","og_image":[{"width":1055,"height":1600,"url":"https:\/\/sucredorge-burlesque.com\/wp-content\/uploads\/2024\/10\/SucreDorge-Yago-10.jpg","type":"image\/jpeg"}],"twitter_card":"summary_large_image","twitter_misc":{"Est. reading time":"4 minutes"},"schema":{"@context":"https:\/\/schema.org","@graph":[{"@type":"WebPage","@id":"https:\/\/sucredorge-burlesque.com\/en\/references\/","url":"https:\/\/sucredorge-burlesque.com\/en\/references\/","name":"References - Sucre d&#039;Orge","isPartOf":{"@id":"https:\/\/sucredorge-burlesque.com\/fr\/#website"},"primaryImageOfPage":{"@id":"https:\/\/sucredorge-burlesque.com\/en\/references\/#primaryimage"},"image":{"@id":"https:\/\/sucredorge-burlesque.com\/en\/references\/#primaryimage"},"thumbnailUrl":"https:\/\/sucredorge-burlesque.com\/wp-content\/uploads\/2024\/10\/SucreDorge-Yago-10-675x1024.jpg","datePublished":"2024-10-31T18:46:26+00:00","dateModified":"2026-03-30T10:12:07+00:00","description":"Burlesque shows, private events, musical performences with ot without her lute: discover all the references of Sucre d'Orge.","breadcrumb":{"@id":"https:\/\/sucredorge-burlesque.com\/en\/references\/#breadcrumb"},"inLanguage":"en-US","potentialAction":[{"@type":"ReadAction","target":["https:\/\/sucredorge-burlesque.com\/en\/references\/"]}]},{"@type":"ImageObject","inLanguage":"en-US","@id":"https:\/\/sucredorge-burlesque.com\/en\/references\/#primaryimage","url":"https:\/\/sucredorge-burlesque.com\/wp-content\/uploads\/2024\/10\/SucreDorge-Yago-10-675x1024.jpg","contentUrl":"https:\/\/sucredorge-burlesque.com\/wp-content\/uploads\/2024\/10\/SucreDorge-Yago-10-675x1024.jpg"},{"@type":"BreadcrumbList","@id":"https:\/\/sucredorge-burlesque.com\/en\/references\/#breadcrumb","itemListElement":[{"@type":"ListItem","position":1,"name":"Accueil","item":"https:\/\/sucredorge-burlesque.com\/en\/"},{"@type":"ListItem","position":2,"name":"References"}]},{"@type":"WebSite","@id":"https:\/\/sucredorge-burlesque.com\/fr\/#website","url":"https:\/\/sucredorge-burlesque.com\/fr\/","name":"Sucre d'Orge","description":"","potentialAction":[{"@type":"SearchAction","target":{"@type":"EntryPoint","urlTemplate":"https:\/\/sucredorge-burlesque.com\/fr\/?s={search_term_string}"},"query-input":{"@type":"PropertyValueSpecification","valueRequired":true,"valueName":"search_term_string"}}],"inLanguage":"en-US"}]}},"jetpack_sharing_enabled":true,"_links":{"self":[{"href":"https:\/\/sucredorge-burlesque.com\/en\/wp-json\/wp\/v2\/pages\/268","targetHints":{"allow":["GET"]}}],"collection":[{"href":"https:\/\/sucredorge-burlesque.com\/en\/wp-json\/wp\/v2\/pages"}],"about":[{"href":"https:\/\/sucredorge-burlesque.com\/en\/wp-json\/wp\/v2\/types\/page"}],"author":[{"embeddable":true,"href":"https:\/\/sucredorge-burlesque.com\/en\/wp-json\/wp\/v2\/users\/1"}],"replies":[{"embeddable":true,"href":"https:\/\/sucredorge-burlesque.com\/en\/wp-json\/wp\/v2\/comments?post=268"}],"version-history":[{"count":10,"href":"https:\/\/sucredorge-burlesque.com\/en\/wp-json\/wp\/v2\/pages\/268\/revisions"}],"predecessor-version":[{"id":25797,"href":"https:\/\/sucredorge-burlesque.com\/en\/wp-json\/wp\/v2\/pages\/268\/revisions\/25797"}],"wp:attachment":[{"href":"https:\/\/sucredorge-burlesque.com\/en\/wp-json\/wp\/v2\/media?parent=268"}],"curies":[{"name":"wp","href":"https:\/\/api.w.org\/{rel}","templated":true}]}}