{"id":10,"date":"2024-10-28T16:59:20","date_gmt":"2024-10-28T15:59:20","guid":{"rendered":"http:\/\/sucredorge-burlesque.com\/new\/?page_id=10"},"modified":"2024-12-21T20:49:38","modified_gmt":"2024-12-21T19:49:38","slug":"repertoire","status":"publish","type":"page","link":"https:\/\/sucredorge-burlesque.com\/fr\/repertoire\/","title":{"rendered":"R\u00e9pertoire"},"content":{"rendered":"\n<div class=\"acf-block-featured-content block-featured-content section-featured-content\">\n  <ul class=\"list-featured-posts\">\n    \n          <li class=\"post\">\n        <div class=\"inner-content\">\n          <a class=\"block-link\" href=\"https:\/\/sucredorge-burlesque.com\/fr\/repertoire\/effeuillage-burlesque\/\">\n                        <figure class=\"img\" aria-hidden=\"true\"><img loading=\"lazy\" decoding=\"async\" width=\"560\" height=\"840\" src=\"https:\/\/sucredorge-burlesque.com\/wp-content\/uploads\/2024\/11\/sucre-dorge-marie-antoinette-01-560x840.jpg\" class=\"attachment-thumb-vertical size-thumb-vertical wp-post-image\" alt=\"\" srcset=\"https:\/\/sucredorge-burlesque.com\/wp-content\/uploads\/2024\/11\/sucre-dorge-marie-antoinette-01-560x840.jpg 560w, https:\/\/sucredorge-burlesque.com\/wp-content\/uploads\/2024\/11\/sucre-dorge-marie-antoinette-01-200x300.jpg 200w, https:\/\/sucredorge-burlesque.com\/wp-content\/uploads\/2024\/11\/sucre-dorge-marie-antoinette-01-768x1152.jpg 768w, https:\/\/sucredorge-burlesque.com\/wp-content\/uploads\/2024\/11\/sucre-dorge-marie-antoinette-01-683x1024.jpg 683w, https:\/\/sucredorge-burlesque.com\/wp-content\/uploads\/2024\/11\/sucre-dorge-marie-antoinette-01-400x600.jpg 400w, https:\/\/sucredorge-burlesque.com\/wp-content\/uploads\/2024\/11\/sucre-dorge-marie-antoinette-01-612x918.jpg 612w, https:\/\/sucredorge-burlesque.com\/wp-content\/uploads\/2024\/11\/sucre-dorge-marie-antoinette-01.jpg 960w\" sizes=\"auto, (max-width: 560px) 100vw, 560px\" \/><\/figure>\n                        <h2 class=\"title\">\n              Effeuillage burlesque            <\/h2>\n          <\/a>\n        <\/div>\n      <\/li>\n          <li class=\"post\">\n        <div class=\"inner-content\">\n          <a class=\"block-link\" href=\"https:\/\/sucredorge-burlesque.com\/fr\/spectacles\/sucre-dorge-vous-montre-son-luth\/\">\n                        <figure class=\"img\" aria-hidden=\"true\"><img loading=\"lazy\" decoding=\"async\" width=\"560\" height=\"840\" src=\"https:\/\/sucredorge-burlesque.com\/wp-content\/uploads\/2024\/11\/sucre-dorge-luth-01-560x840.jpg\" class=\"attachment-thumb-vertical size-thumb-vertical wp-post-image\" alt=\"\" srcset=\"https:\/\/sucredorge-burlesque.com\/wp-content\/uploads\/2024\/11\/sucre-dorge-luth-01-560x840.jpg 560w, https:\/\/sucredorge-burlesque.com\/wp-content\/uploads\/2024\/11\/sucre-dorge-luth-01-400x600.jpg 400w\" sizes=\"auto, (max-width: 560px) 100vw, 560px\" \/><\/figure>\n                        <h2 class=\"title\">\n              MUSIQUE ENCHIENNE            <\/h2>\n          <\/a>\n        <\/div>\n      <\/li>\n          <li class=\"post\">\n        <div class=\"inner-content\">\n          <a class=\"block-link\" href=\"https:\/\/sucredorge-burlesque.com\/fr\/spectacles\/chansons-jazz-cabaret\/\">\n                        <figure class=\"img\" aria-hidden=\"true\"><img loading=\"lazy\" decoding=\"async\" width=\"560\" height=\"840\" src=\"https:\/\/sucredorge-burlesque.com\/wp-content\/uploads\/2024\/10\/SucreDorge-Yago-23-560x840.jpg\" class=\"attachment-thumb-vertical size-thumb-vertical wp-post-image\" alt=\"\" srcset=\"https:\/\/sucredorge-burlesque.com\/wp-content\/uploads\/2024\/10\/SucreDorge-Yago-23-560x840.jpg 560w, https:\/\/sucredorge-burlesque.com\/wp-content\/uploads\/2024\/10\/SucreDorge-Yago-23-200x300.jpg 200w, https:\/\/sucredorge-burlesque.com\/wp-content\/uploads\/2024\/10\/SucreDorge-Yago-23-768x1152.jpg 768w, https:\/\/sucredorge-burlesque.com\/wp-content\/uploads\/2024\/10\/SucreDorge-Yago-23-683x1024.jpg 683w, https:\/\/sucredorge-burlesque.com\/wp-content\/uploads\/2024\/10\/SucreDorge-Yago-23-1024x1536.jpg 1024w, https:\/\/sucredorge-burlesque.com\/wp-content\/uploads\/2024\/10\/SucreDorge-Yago-23-400x600.jpg 400w, https:\/\/sucredorge-burlesque.com\/wp-content\/uploads\/2024\/10\/SucreDorge-Yago-23-612x918.jpg 612w, https:\/\/sucredorge-burlesque.com\/wp-content\/uploads\/2024\/10\/SucreDorge-Yago-23.jpg 1067w\" sizes=\"auto, (max-width: 560px) 100vw, 560px\" \/><\/figure>\n                        <h2 class=\"title\">\n              Chansons R\u00e9tro            <\/h2>\n          <\/a>\n        <\/div>\n      <\/li>\n      <\/ul>\n<\/div>\n\n","protected":false},"excerpt":{"rendered":"<p>Que ce soit en s&rsquo;effeuillant, en dansant avec ses grands \u00e9ventails en plume, en jouant du luth renaissance ou en chantant, Sucre d&rsquo;Orge saura vous ravir !<\/p>\n<p>XVIII\u00e8me si\u00e8cle libertin, ballets russes, \u00e9l\u00e9gance des ann\u00e9es 1920, mythologie, inc\u00f4nes du chic \u00e0 la fran\u00e7aise, sont autant d&rsquo;inspirations ch\u00e8res \u00e0 Sucre d&rsquo;Orge. Son secret pour vous divertir : ajouter un twist \u00e0 l&rsquo;\u00e9l\u00e9gance classique, un je-ne-sais-quoi d&rsquo;impertinent voire d&rsquo;\u00e9bouriffant !<\/p>\n","protected":false},"author":1,"featured_media":0,"parent":0,"menu_order":0,"comment_status":"closed","ping_status":"closed","template":"","meta":{"_acf_changed":false,"footnotes":""},"class_list":["post-10","page","type-page","status-publish","hentry"],"acf":[],"yoast_head":"<!-- This site is optimized with the Yoast SEO plugin v27.2 - https:\/\/yoast.com\/product\/yoast-seo-wordpress\/ -->\n<title>R\u00e9pertoire - Sucre d&#039;Orge<\/title>\n<meta name=\"robots\" content=\"index, follow, max-snippet:-1, max-image-preview:large, max-video-preview:-1\" \/>\n<link rel=\"canonical\" href=\"https:\/\/sucredorge-burlesque.com\/fr\/repertoire\/\" \/>\n<meta property=\"og:locale\" content=\"fr_FR\" \/>\n<meta property=\"og:type\" content=\"article\" \/>\n<meta property=\"og:title\" content=\"R\u00e9pertoire - Sucre d&#039;Orge\" \/>\n<meta property=\"og:description\" content=\"Que ce soit en s&#039;effeuillant, en dansant avec ses grands \u00e9ventails en plume, en jouant du luth renaissance ou en chantant, Sucre d&#039;Orge saura vous ravir ! XVIII\u00e8me si\u00e8cle libertin, ballets russes, \u00e9l\u00e9gance des ann\u00e9es 1920, mythologie, inc\u00f4nes du chic \u00e0 la fran\u00e7aise, sont autant d&#039;inspirations ch\u00e8res \u00e0 Sucre d&#039;Orge. Son secret pour vous divertir : ajouter un twist \u00e0 l&#039;\u00e9l\u00e9gance classique, un je-ne-sais-quoi d&#039;impertinent voire d&#039;\u00e9bouriffant !\" \/>\n<meta property=\"og:url\" content=\"https:\/\/sucredorge-burlesque.com\/fr\/repertoire\/\" \/>\n<meta property=\"og:site_name\" content=\"Sucre d&#039;Orge\" \/>\n<meta property=\"article:modified_time\" content=\"2024-12-21T19:49:38+00:00\" \/>\n<meta name=\"twitter:card\" content=\"summary_large_image\" \/>\n<script type=\"application\/ld+json\" class=\"yoast-schema-graph\">{\"@context\":\"https:\/\/schema.org\",\"@graph\":[{\"@type\":\"WebPage\",\"@id\":\"https:\/\/sucredorge-burlesque.com\/fr\/repertoire\/\",\"url\":\"https:\/\/sucredorge-burlesque.com\/fr\/repertoire\/\",\"name\":\"R\u00e9pertoire - Sucre d&#039;Orge\",\"isPartOf\":{\"@id\":\"https:\/\/sucredorge-burlesque.com\/fr\/#website\"},\"datePublished\":\"2024-10-28T15:59:20+00:00\",\"dateModified\":\"2024-12-21T19:49:38+00:00\",\"breadcrumb\":{\"@id\":\"https:\/\/sucredorge-burlesque.com\/fr\/repertoire\/#breadcrumb\"},\"inLanguage\":\"fr-FR\",\"potentialAction\":[{\"@type\":\"ReadAction\",\"target\":[\"https:\/\/sucredorge-burlesque.com\/fr\/repertoire\/\"]}]},{\"@type\":\"BreadcrumbList\",\"@id\":\"https:\/\/sucredorge-burlesque.com\/fr\/repertoire\/#breadcrumb\",\"itemListElement\":[{\"@type\":\"ListItem\",\"position\":1,\"name\":\"Accueil\",\"item\":\"https:\/\/sucredorge-burlesque.com\/fr\/\"},{\"@type\":\"ListItem\",\"position\":2,\"name\":\"R\u00e9pertoire\"}]},{\"@type\":\"WebSite\",\"@id\":\"https:\/\/sucredorge-burlesque.com\/fr\/#website\",\"url\":\"https:\/\/sucredorge-burlesque.com\/fr\/\",\"name\":\"Sucre d'Orge\",\"description\":\"\",\"potentialAction\":[{\"@type\":\"SearchAction\",\"target\":{\"@type\":\"EntryPoint\",\"urlTemplate\":\"https:\/\/sucredorge-burlesque.com\/fr\/?s={search_term_string}\"},\"query-input\":{\"@type\":\"PropertyValueSpecification\",\"valueRequired\":true,\"valueName\":\"search_term_string\"}}],\"inLanguage\":\"fr-FR\"}]}<\/script>\n<!-- \/ Yoast SEO plugin. -->","yoast_head_json":{"title":"R\u00e9pertoire - Sucre d&#039;Orge","robots":{"index":"index","follow":"follow","max-snippet":"max-snippet:-1","max-image-preview":"max-image-preview:large","max-video-preview":"max-video-preview:-1"},"canonical":"https:\/\/sucredorge-burlesque.com\/fr\/repertoire\/","og_locale":"fr_FR","og_type":"article","og_title":"R\u00e9pertoire - Sucre d&#039;Orge","og_description":"Que ce soit en s'effeuillant, en dansant avec ses grands \u00e9ventails en plume, en jouant du luth renaissance ou en chantant, Sucre d'Orge saura vous ravir ! XVIII\u00e8me si\u00e8cle libertin, ballets russes, \u00e9l\u00e9gance des ann\u00e9es 1920, mythologie, inc\u00f4nes du chic \u00e0 la fran\u00e7aise, sont autant d'inspirations ch\u00e8res \u00e0 Sucre d'Orge. Son secret pour vous divertir : ajouter un twist \u00e0 l'\u00e9l\u00e9gance classique, un je-ne-sais-quoi d'impertinent voire d'\u00e9bouriffant !","og_url":"https:\/\/sucredorge-burlesque.com\/fr\/repertoire\/","og_site_name":"Sucre d&#039;Orge","article_modified_time":"2024-12-21T19:49:38+00:00","twitter_card":"summary_large_image","schema":{"@context":"https:\/\/schema.org","@graph":[{"@type":"WebPage","@id":"https:\/\/sucredorge-burlesque.com\/fr\/repertoire\/","url":"https:\/\/sucredorge-burlesque.com\/fr\/repertoire\/","name":"R\u00e9pertoire - Sucre d&#039;Orge","isPartOf":{"@id":"https:\/\/sucredorge-burlesque.com\/fr\/#website"},"datePublished":"2024-10-28T15:59:20+00:00","dateModified":"2024-12-21T19:49:38+00:00","breadcrumb":{"@id":"https:\/\/sucredorge-burlesque.com\/fr\/repertoire\/#breadcrumb"},"inLanguage":"fr-FR","potentialAction":[{"@type":"ReadAction","target":["https:\/\/sucredorge-burlesque.com\/fr\/repertoire\/"]}]},{"@type":"BreadcrumbList","@id":"https:\/\/sucredorge-burlesque.com\/fr\/repertoire\/#breadcrumb","itemListElement":[{"@type":"ListItem","position":1,"name":"Accueil","item":"https:\/\/sucredorge-burlesque.com\/fr\/"},{"@type":"ListItem","position":2,"name":"R\u00e9pertoire"}]},{"@type":"WebSite","@id":"https:\/\/sucredorge-burlesque.com\/fr\/#website","url":"https:\/\/sucredorge-burlesque.com\/fr\/","name":"Sucre d'Orge","description":"","potentialAction":[{"@type":"SearchAction","target":{"@type":"EntryPoint","urlTemplate":"https:\/\/sucredorge-burlesque.com\/fr\/?s={search_term_string}"},"query-input":{"@type":"PropertyValueSpecification","valueRequired":true,"valueName":"search_term_string"}}],"inLanguage":"fr-FR"}]}},"jetpack_sharing_enabled":true,"_links":{"self":[{"href":"https:\/\/sucredorge-burlesque.com\/fr\/wp-json\/wp\/v2\/pages\/10","targetHints":{"allow":["GET"]}}],"collection":[{"href":"https:\/\/sucredorge-burlesque.com\/fr\/wp-json\/wp\/v2\/pages"}],"about":[{"href":"https:\/\/sucredorge-burlesque.com\/fr\/wp-json\/wp\/v2\/types\/page"}],"author":[{"embeddable":true,"href":"https:\/\/sucredorge-burlesque.com\/fr\/wp-json\/wp\/v2\/users\/1"}],"replies":[{"embeddable":true,"href":"https:\/\/sucredorge-burlesque.com\/fr\/wp-json\/wp\/v2\/comments?post=10"}],"version-history":[{"count":18,"href":"https:\/\/sucredorge-burlesque.com\/fr\/wp-json\/wp\/v2\/pages\/10\/revisions"}],"predecessor-version":[{"id":18943,"href":"https:\/\/sucredorge-burlesque.com\/fr\/wp-json\/wp\/v2\/pages\/10\/revisions\/18943"}],"wp:attachment":[{"href":"https:\/\/sucredorge-burlesque.com\/fr\/wp-json\/wp\/v2\/media?parent=10"}],"curies":[{"name":"wp","href":"https:\/\/api.w.org\/{rel}","templated":true}]}}