{"id":1057,"date":"2024-12-02T18:25:46","date_gmt":"2024-12-02T17:25:46","guid":{"rendered":"http:\/\/sucredorge-burlesque.com\/new\/?page_id=1057"},"modified":"2024-12-24T16:17:06","modified_gmt":"2024-12-24T15:17:06","slug":"effeuillage-burlesque","status":"publish","type":"page","link":"https:\/\/sucredorge-burlesque.com\/fr\/repertoire\/effeuillage-burlesque\/","title":{"rendered":"Effeuillage burlesque"},"content":{"rendered":"\n<section class=\"acf-block-collapsible collapsible\">\n  <div class=\"collapsible-header\">\n    <h2 class=\"collapsible-title collapse-link\">\n      <button class=\"collapsible-trigger\" aria-expanded=\"false\">\n        <span>Parcourir les num\u00e9ros d&rsquo;effeuillage burlesque par titre :<\/span>\n        <span class=\"icon\" aria-hidden=\"true\"><\/span>\n      <\/button>\n    <\/h2>\n  <\/div>\n  <div class=\"content collapsible-content\" aria-hidden=\"true\">\n    <ul>\n<li><a href=\"https:\/\/sucredorge-burlesque.com\/fr\/spectacles\/le-bal-du-flamant-rose\/\">Le bal du flamant rose<\/a><\/li>\n<li><a href=\"https:\/\/sucredorge-burlesque.com\/fr\/spectacles\/bete-de-jour\/\">B\u00eate de jour<\/a><\/li>\n<li><a href=\"https:\/\/sucredorge-burlesque.com\/fr\/spectacles\/la-boite-a-musique-de-marie-antoinette\/\">La bo\u00eete \u00e0 musique de Marie-Antoinette<\/a><\/li>\n<li><a href=\"https:\/\/sucredorge-burlesque.com\/fr\/spectacles\/ball-1920\/\">Bal 1920<\/a><\/li>\n<li><a href=\"https:\/\/sucredorge-burlesque.com\/fr\/spectacles\/daphne\/\">Daphn\u00e9<\/a><\/li>\n<li><a href=\"https:\/\/sucredorge-burlesque.com\/fr\/spectacles\/danse-de-ballons\/\">Danse de ballons<\/a><\/li>\n<li><a href=\"https:\/\/sucredorge-burlesque.com\/fr\/spectacles\/danses-deventails\/\">Danses d&rsquo;\u00e9ventails<\/a><\/li>\n<li><a href=\"https:\/\/sucredorge-burlesque.com\/fr\/spectacles\/watch-the-stars\/\">Watch the stars!<\/a><\/li>\n<li><a href=\"https:\/\/sucredorge-burlesque.com\/fr\/spectacles\/lamour-sorcier\/\">L&rsquo;amour sorcier<\/a><\/li>\n<li><a href=\"https:\/\/sucredorge-burlesque.com\/fr\/spectacles\/under-the-sea\/\">Under the sea<\/a><\/li>\n<li><a href=\"https:\/\/sucredorge-burlesque.com\/fr\/spectacles\/le-reve-erotique-dune-poupee-mecanique\/\">Le r\u00eave \u00e9rotique de la poup\u00e9e m\u00e9canique<\/a><\/li>\n<li><a href=\"https:\/\/sucredorge-burlesque.com\/fr\/spectacles\/egyptian-fantasy\/\">Egyptian Fantasy<\/a><\/li>\n<li><a href=\"https:\/\/sucredorge-burlesque.com\/fr\/spectacles\/orgatschok\/\">Orgatschok<\/a><\/li>\n<li><a href=\"https:\/\/sucredorge-burlesque.com\/fr\/spectacles\/la-chose\/\">La Chose<\/a><\/li>\n<\/ul>\n  <\/div>\n<\/section>\n\n\n<div class=\"acf-block-featured-content block-featured-content section-featured-content\">\n  <ul class=\"list-featured-posts\">\n    \n          <li class=\"post\">\n        <div class=\"inner-content\">\n          <a class=\"block-link\" href=\"https:\/\/sucredorge-burlesque.com\/fr\/spectacles\/le-bal-du-flamant-rose\/\">\n                        <figure class=\"img\" aria-hidden=\"true\"><img loading=\"lazy\" decoding=\"async\" width=\"560\" height=\"840\" src=\"https:\/\/sucredorge-burlesque.com\/wp-content\/uploads\/2022\/09\/John-Paul-Bichard-3-560x840.jpg\" class=\"attachment-thumb-vertical size-thumb-vertical wp-post-image\" alt=\"\" srcset=\"https:\/\/sucredorge-burlesque.com\/wp-content\/uploads\/2022\/09\/John-Paul-Bichard-3-560x840.jpg 560w, https:\/\/sucredorge-burlesque.com\/wp-content\/uploads\/2022\/09\/John-Paul-Bichard-3-200x300.jpg 200w, https:\/\/sucredorge-burlesque.com\/wp-content\/uploads\/2022\/09\/John-Paul-Bichard-3-400x600.jpg 400w, https:\/\/sucredorge-burlesque.com\/wp-content\/uploads\/2022\/09\/John-Paul-Bichard-3-612x917.jpg 612w, https:\/\/sucredorge-burlesque.com\/wp-content\/uploads\/2022\/09\/John-Paul-Bichard-3.jpg 641w\" sizes=\"auto, (max-width: 560px) 100vw, 560px\" \/><\/figure>\n                        <h2 class=\"title\">\n              Le bal du flamant rose            <\/h2>\n          <\/a>\n        <\/div>\n      <\/li>\n          <li class=\"post\">\n        <div class=\"inner-content\">\n          <a class=\"block-link\" href=\"https:\/\/sucredorge-burlesque.com\/fr\/spectacles\/bete-de-jour\/\">\n                        <figure class=\"img\" aria-hidden=\"true\"><img loading=\"lazy\" decoding=\"async\" width=\"560\" height=\"840\" src=\"https:\/\/sucredorge-burlesque.com\/wp-content\/uploads\/2022\/09\/Mathilde-Marc145-1-1-560x840.jpg\" class=\"attachment-thumb-vertical size-thumb-vertical wp-post-image\" alt=\"\" srcset=\"https:\/\/sucredorge-burlesque.com\/wp-content\/uploads\/2022\/09\/Mathilde-Marc145-1-1-560x840.jpg 560w, https:\/\/sucredorge-burlesque.com\/wp-content\/uploads\/2022\/09\/Mathilde-Marc145-1-1-400x600.jpg 400w\" sizes=\"auto, (max-width: 560px) 100vw, 560px\" \/><\/figure>\n                        <h2 class=\"title\">\n              B\u00eate de\u00a0jour            <\/h2>\n          <\/a>\n        <\/div>\n      <\/li>\n          <li class=\"post\">\n        <div class=\"inner-content\">\n          <a class=\"block-link\" href=\"https:\/\/sucredorge-burlesque.com\/fr\/spectacles\/la-boite-a-musique-de-marie-antoinette\/\">\n                        <figure class=\"img\" aria-hidden=\"true\"><img loading=\"lazy\" decoding=\"async\" width=\"560\" height=\"840\" src=\"https:\/\/sucredorge-burlesque.com\/wp-content\/uploads\/2024\/11\/sucre-dorge-marie-antoinette-01-560x840.jpg\" class=\"attachment-thumb-vertical size-thumb-vertical wp-post-image\" alt=\"\" srcset=\"https:\/\/sucredorge-burlesque.com\/wp-content\/uploads\/2024\/11\/sucre-dorge-marie-antoinette-01-560x840.jpg 560w, https:\/\/sucredorge-burlesque.com\/wp-content\/uploads\/2024\/11\/sucre-dorge-marie-antoinette-01-200x300.jpg 200w, https:\/\/sucredorge-burlesque.com\/wp-content\/uploads\/2024\/11\/sucre-dorge-marie-antoinette-01-768x1152.jpg 768w, https:\/\/sucredorge-burlesque.com\/wp-content\/uploads\/2024\/11\/sucre-dorge-marie-antoinette-01-683x1024.jpg 683w, https:\/\/sucredorge-burlesque.com\/wp-content\/uploads\/2024\/11\/sucre-dorge-marie-antoinette-01-400x600.jpg 400w, https:\/\/sucredorge-burlesque.com\/wp-content\/uploads\/2024\/11\/sucre-dorge-marie-antoinette-01-612x918.jpg 612w, https:\/\/sucredorge-burlesque.com\/wp-content\/uploads\/2024\/11\/sucre-dorge-marie-antoinette-01.jpg 960w\" sizes=\"auto, (max-width: 560px) 100vw, 560px\" \/><\/figure>\n                        <h2 class=\"title\">\n              La bo\u00eete \u00e0 musique de Marie-Antoinette            <\/h2>\n          <\/a>\n        <\/div>\n      <\/li>\n          <li class=\"post\">\n        <div class=\"inner-content\">\n          <a class=\"block-link\" href=\"https:\/\/sucredorge-burlesque.com\/fr\/spectacles\/ball-1920\/\">\n                        <figure class=\"img\" aria-hidden=\"true\"><img loading=\"lazy\" decoding=\"async\" width=\"560\" height=\"840\" src=\"https:\/\/sucredorge-burlesque.com\/wp-content\/uploads\/2024\/11\/cabaret-canaille-oct-23-014-Francis-Beddok--560x840.jpg\" class=\"attachment-thumb-vertical size-thumb-vertical wp-post-image\" alt=\"\" srcset=\"https:\/\/sucredorge-burlesque.com\/wp-content\/uploads\/2024\/11\/cabaret-canaille-oct-23-014-Francis-Beddok--560x840.jpg 560w, https:\/\/sucredorge-burlesque.com\/wp-content\/uploads\/2024\/11\/cabaret-canaille-oct-23-014-Francis-Beddok--200x300.jpg 200w, https:\/\/sucredorge-burlesque.com\/wp-content\/uploads\/2024\/11\/cabaret-canaille-oct-23-014-Francis-Beddok--400x600.jpg 400w\" sizes=\"auto, (max-width: 560px) 100vw, 560px\" \/><\/figure>\n                        <h2 class=\"title\">\n              bal 1920            <\/h2>\n          <\/a>\n        <\/div>\n      <\/li>\n          <li class=\"post\">\n        <div class=\"inner-content\">\n          <a class=\"block-link\" href=\"https:\/\/sucredorge-burlesque.com\/fr\/spectacles\/daphne\/\">\n                        <figure class=\"img\" aria-hidden=\"true\"><img loading=\"lazy\" decoding=\"async\" width=\"560\" height=\"840\" src=\"https:\/\/sucredorge-burlesque.com\/wp-content\/uploads\/2024\/11\/sucre-dorge-daphne-01-560x840.jpg\" class=\"attachment-thumb-vertical size-thumb-vertical wp-post-image\" alt=\"\" srcset=\"https:\/\/sucredorge-burlesque.com\/wp-content\/uploads\/2024\/11\/sucre-dorge-daphne-01-560x840.jpg 560w, https:\/\/sucredorge-burlesque.com\/wp-content\/uploads\/2024\/11\/sucre-dorge-daphne-01-400x600.jpg 400w\" sizes=\"auto, (max-width: 560px) 100vw, 560px\" \/><\/figure>\n                        <h2 class=\"title\">\n              Daphn\u00e9            <\/h2>\n          <\/a>\n        <\/div>\n      <\/li>\n          <li class=\"post\">\n        <div class=\"inner-content\">\n          <a class=\"block-link\" href=\"https:\/\/sucredorge-burlesque.com\/fr\/spectacles\/danses-deventails\/\">\n                        <figure class=\"img\" aria-hidden=\"true\"><img loading=\"lazy\" decoding=\"async\" width=\"560\" height=\"840\" src=\"https:\/\/sucredorge-burlesque.com\/wp-content\/uploads\/2024\/11\/DSC_0452_DxO-560x840.jpg\" class=\"attachment-thumb-vertical size-thumb-vertical wp-post-image\" alt=\"\" srcset=\"https:\/\/sucredorge-burlesque.com\/wp-content\/uploads\/2024\/11\/DSC_0452_DxO-560x840.jpg 560w, https:\/\/sucredorge-burlesque.com\/wp-content\/uploads\/2024\/11\/DSC_0452_DxO-200x300.jpg 200w, https:\/\/sucredorge-burlesque.com\/wp-content\/uploads\/2024\/11\/DSC_0452_DxO-768x1152.jpg 768w, https:\/\/sucredorge-burlesque.com\/wp-content\/uploads\/2024\/11\/DSC_0452_DxO-683x1024.jpg 683w, https:\/\/sucredorge-burlesque.com\/wp-content\/uploads\/2024\/11\/DSC_0452_DxO-1024x1536.jpg 1024w, https:\/\/sucredorge-burlesque.com\/wp-content\/uploads\/2024\/11\/DSC_0452_DxO-400x600.jpg 400w, https:\/\/sucredorge-burlesque.com\/wp-content\/uploads\/2024\/11\/DSC_0452_DxO-612x918.jpg 612w, https:\/\/sucredorge-burlesque.com\/wp-content\/uploads\/2024\/11\/DSC_0452_DxO.jpg 1067w\" sizes=\"auto, (max-width: 560px) 100vw, 560px\" \/><\/figure>\n                        <h2 class=\"title\">\n              Danses d&rsquo;\u00e9ventails            <\/h2>\n          <\/a>\n        <\/div>\n      <\/li>\n          <li class=\"post\">\n        <div class=\"inner-content\">\n          <a class=\"block-link\" href=\"https:\/\/sucredorge-burlesque.com\/fr\/spectacles\/danse-de-ballons\/\">\n                        <figure class=\"img\" aria-hidden=\"true\"><img loading=\"lazy\" decoding=\"async\" width=\"560\" height=\"840\" src=\"https:\/\/sucredorge-burlesque.com\/wp-content\/uploads\/2024\/12\/danse-de-ballons-560x840.png\" class=\"attachment-thumb-vertical size-thumb-vertical wp-post-image\" alt=\"\" srcset=\"https:\/\/sucredorge-burlesque.com\/wp-content\/uploads\/2024\/12\/danse-de-ballons-560x840.png 560w, https:\/\/sucredorge-burlesque.com\/wp-content\/uploads\/2024\/12\/danse-de-ballons-400x600.png 400w\" sizes=\"auto, (max-width: 560px) 100vw, 560px\" \/><\/figure>\n                        <h2 class=\"title\">\n              Danse de ballons            <\/h2>\n          <\/a>\n        <\/div>\n      <\/li>\n          <li class=\"post\">\n        <div class=\"inner-content\">\n          <a class=\"block-link\" href=\"https:\/\/sucredorge-burlesque.com\/fr\/spectacles\/watch-the-stars\/\">\n                        <figure class=\"img\" aria-hidden=\"true\"><img loading=\"lazy\" decoding=\"async\" width=\"560\" height=\"840\" src=\"https:\/\/sucredorge-burlesque.com\/wp-content\/uploads\/2024\/12\/Morgane-Tardis-Etoile-Filante-Pace-391-560x840.jpg\" class=\"attachment-thumb-vertical size-thumb-vertical wp-post-image\" alt=\"\" srcset=\"https:\/\/sucredorge-burlesque.com\/wp-content\/uploads\/2024\/12\/Morgane-Tardis-Etoile-Filante-Pace-391-560x840.jpg 560w, https:\/\/sucredorge-burlesque.com\/wp-content\/uploads\/2024\/12\/Morgane-Tardis-Etoile-Filante-Pace-391-400x600.jpg 400w\" sizes=\"auto, (max-width: 560px) 100vw, 560px\" \/><\/figure>\n                        <h2 class=\"title\">\n              Watch the stars!            <\/h2>\n          <\/a>\n        <\/div>\n      <\/li>\n          <li class=\"post\">\n        <div class=\"inner-content\">\n          <a class=\"block-link\" href=\"https:\/\/sucredorge-burlesque.com\/fr\/spectacles\/lamour-sorcier\/\">\n                        <figure class=\"img\" aria-hidden=\"true\"><img loading=\"lazy\" decoding=\"async\" width=\"560\" height=\"840\" src=\"https:\/\/sucredorge-burlesque.com\/wp-content\/uploads\/2024\/12\/20210913Cabaretb@EmilieBrouchonIMG_8974HD-560x840.jpg\" class=\"attachment-thumb-vertical size-thumb-vertical wp-post-image\" alt=\"\" srcset=\"https:\/\/sucredorge-burlesque.com\/wp-content\/uploads\/2024\/12\/20210913Cabaretb@EmilieBrouchonIMG_8974HD-560x840.jpg 560w, https:\/\/sucredorge-burlesque.com\/wp-content\/uploads\/2024\/12\/20210913Cabaretb@EmilieBrouchonIMG_8974HD-400x600.jpg 400w\" sizes=\"auto, (max-width: 560px) 100vw, 560px\" \/><\/figure>\n                        <h2 class=\"title\">\n              L&rsquo;Amour sorcier            <\/h2>\n          <\/a>\n        <\/div>\n      <\/li>\n          <li class=\"post\">\n        <div class=\"inner-content\">\n          <a class=\"block-link\" href=\"https:\/\/sucredorge-burlesque.com\/fr\/spectacles\/under-the-sea\/\">\n                        <figure class=\"img\" aria-hidden=\"true\"><img loading=\"lazy\" decoding=\"async\" width=\"560\" height=\"840\" src=\"https:\/\/sucredorge-burlesque.com\/wp-content\/uploads\/2024\/12\/Eliashl_437-560x840.jpg\" class=\"attachment-thumb-vertical size-thumb-vertical wp-post-image\" alt=\"\" srcset=\"https:\/\/sucredorge-burlesque.com\/wp-content\/uploads\/2024\/12\/Eliashl_437-560x840.jpg 560w, https:\/\/sucredorge-burlesque.com\/wp-content\/uploads\/2024\/12\/Eliashl_437-200x300.jpg 200w, https:\/\/sucredorge-burlesque.com\/wp-content\/uploads\/2024\/12\/Eliashl_437-768x1152.jpg 768w, https:\/\/sucredorge-burlesque.com\/wp-content\/uploads\/2024\/12\/Eliashl_437-683x1024.jpg 683w, https:\/\/sucredorge-burlesque.com\/wp-content\/uploads\/2024\/12\/Eliashl_437-1024x1536.jpg 1024w, https:\/\/sucredorge-burlesque.com\/wp-content\/uploads\/2024\/12\/Eliashl_437-400x600.jpg 400w, https:\/\/sucredorge-burlesque.com\/wp-content\/uploads\/2024\/12\/Eliashl_437-612x918.jpg 612w, https:\/\/sucredorge-burlesque.com\/wp-content\/uploads\/2024\/12\/Eliashl_437.jpg 1067w\" sizes=\"auto, (max-width: 560px) 100vw, 560px\" \/><\/figure>\n                        <h2 class=\"title\">\n              Under the sea            <\/h2>\n          <\/a>\n        <\/div>\n      <\/li>\n          <li class=\"post\">\n        <div class=\"inner-content\">\n          <a class=\"block-link\" href=\"https:\/\/sucredorge-burlesque.com\/fr\/spectacles\/le-reve-erotique-dune-poupee-mecanique\/\">\n                        <figure class=\"img\" aria-hidden=\"true\"><img loading=\"lazy\" decoding=\"async\" width=\"533\" height=\"800\" src=\"https:\/\/sucredorge-burlesque.com\/wp-content\/uploads\/2014\/09\/poupee-mecanique3.jpg\" class=\"attachment-thumb-vertical size-thumb-vertical wp-post-image\" alt=\"\" srcset=\"https:\/\/sucredorge-burlesque.com\/wp-content\/uploads\/2014\/09\/poupee-mecanique3.jpg 533w, https:\/\/sucredorge-burlesque.com\/wp-content\/uploads\/2014\/09\/poupee-mecanique3-200x300.jpg 200w, https:\/\/sucredorge-burlesque.com\/wp-content\/uploads\/2014\/09\/poupee-mecanique3-400x600.jpg 400w\" sizes=\"auto, (max-width: 533px) 100vw, 533px\" \/><\/figure>\n                        <h2 class=\"title\">\n              Le r\u00eave \u00e9rotique d\u2019une poup\u00e9e m\u00e9canique            <\/h2>\n          <\/a>\n        <\/div>\n      <\/li>\n          <li class=\"post\">\n        <div class=\"inner-content\">\n          <a class=\"block-link\" href=\"https:\/\/sucredorge-burlesque.com\/fr\/spectacles\/egyptian-fantasy\/\">\n                        <figure class=\"img\" aria-hidden=\"true\"><img loading=\"lazy\" decoding=\"async\" width=\"560\" height=\"840\" src=\"https:\/\/sucredorge-burlesque.com\/wp-content\/uploads\/2024\/12\/BedockMG_7665-VersBedockon-2-1-560x840.jpg\" class=\"attachment-thumb-vertical size-thumb-vertical wp-post-image\" alt=\"\" srcset=\"https:\/\/sucredorge-burlesque.com\/wp-content\/uploads\/2024\/12\/BedockMG_7665-VersBedockon-2-1-560x840.jpg 560w, https:\/\/sucredorge-burlesque.com\/wp-content\/uploads\/2024\/12\/BedockMG_7665-VersBedockon-2-1-400x600.jpg 400w\" sizes=\"auto, (max-width: 560px) 100vw, 560px\" \/><\/figure>\n                        <h2 class=\"title\">\n              Egyptian Fantasy            <\/h2>\n          <\/a>\n        <\/div>\n      <\/li>\n          <li class=\"post\">\n        <div class=\"inner-content\">\n          <a class=\"block-link\" href=\"https:\/\/sucredorge-burlesque.com\/fr\/spectacles\/orgatschok\/\">\n                        <figure class=\"img\" aria-hidden=\"true\"><img loading=\"lazy\" decoding=\"async\" width=\"560\" height=\"840\" src=\"https:\/\/sucredorge-burlesque.com\/wp-content\/uploads\/2014\/09\/orgatschok5-560x840.jpg\" class=\"attachment-thumb-vertical size-thumb-vertical wp-post-image\" alt=\"\" srcset=\"https:\/\/sucredorge-burlesque.com\/wp-content\/uploads\/2014\/09\/orgatschok5-560x840.jpg 560w, https:\/\/sucredorge-burlesque.com\/wp-content\/uploads\/2014\/09\/orgatschok5-200x300.jpg 200w, https:\/\/sucredorge-burlesque.com\/wp-content\/uploads\/2014\/09\/orgatschok5-400x600.jpg 400w, https:\/\/sucredorge-burlesque.com\/wp-content\/uploads\/2014\/09\/orgatschok5.jpg 600w\" sizes=\"auto, (max-width: 560px) 100vw, 560px\" \/><\/figure>\n                        <h2 class=\"title\">\n              Orgatschok            <\/h2>\n          <\/a>\n        <\/div>\n      <\/li>\n          <li class=\"post\">\n        <div class=\"inner-content\">\n          <a class=\"block-link\" href=\"https:\/\/sucredorge-burlesque.com\/fr\/spectacles\/la-chose\/\">\n                        <figure class=\"img\" aria-hidden=\"true\"><img loading=\"lazy\" decoding=\"async\" width=\"560\" height=\"840\" src=\"https:\/\/sucredorge-burlesque.com\/wp-content\/uploads\/2024\/11\/image00004-560x840.jpeg\" class=\"attachment-thumb-vertical size-thumb-vertical wp-post-image\" alt=\"\" srcset=\"https:\/\/sucredorge-burlesque.com\/wp-content\/uploads\/2024\/11\/image00004-560x840.jpeg 560w, https:\/\/sucredorge-burlesque.com\/wp-content\/uploads\/2024\/11\/image00004-400x600.jpeg 400w\" sizes=\"auto, (max-width: 560px) 100vw, 560px\" \/><\/figure>\n                        <h2 class=\"title\">\n              La Chose            <\/h2>\n          <\/a>\n        <\/div>\n      <\/li>\n      <\/ul>\n<\/div>\n\n","protected":false},"excerpt":{"rendered":"","protected":false},"author":1,"featured_media":208,"parent":10,"menu_order":0,"comment_status":"closed","ping_status":"closed","template":"","meta":{"_acf_changed":false,"footnotes":""},"class_list":["post-1057","page","type-page","status-publish","has-post-thumbnail","hentry"],"acf":[],"yoast_head":"<!-- This site is optimized with the Yoast SEO plugin v27.2 - https:\/\/yoast.com\/product\/yoast-seo-wordpress\/ -->\n<title>Effeuillage burlesque - Sucre d&#039;Orge<\/title>\n<meta name=\"robots\" content=\"index, follow, max-snippet:-1, max-image-preview:large, max-video-preview:-1\" \/>\n<link rel=\"canonical\" href=\"https:\/\/sucredorge-burlesque.com\/fr\/repertoire\/effeuillage-burlesque\/\" \/>\n<meta property=\"og:locale\" content=\"fr_FR\" \/>\n<meta property=\"og:type\" content=\"article\" \/>\n<meta property=\"og:title\" content=\"Effeuillage burlesque - Sucre d&#039;Orge\" \/>\n<meta property=\"og:url\" content=\"https:\/\/sucredorge-burlesque.com\/fr\/repertoire\/effeuillage-burlesque\/\" \/>\n<meta property=\"og:site_name\" content=\"Sucre d&#039;Orge\" \/>\n<meta property=\"article:modified_time\" content=\"2024-12-24T15:17:06+00:00\" \/>\n<meta property=\"og:image\" content=\"https:\/\/sucredorge-burlesque.com\/wp-content\/uploads\/2024\/11\/sucre-dorge-marie-antoinette-01.jpg\" \/>\n\t<meta property=\"og:image:width\" content=\"960\" \/>\n\t<meta property=\"og:image:height\" content=\"1440\" \/>\n\t<meta property=\"og:image:type\" content=\"image\/jpeg\" \/>\n<meta name=\"twitter:card\" content=\"summary_large_image\" \/>\n<meta name=\"twitter:label1\" content=\"Dur\u00e9e de lecture estim\u00e9e\" \/>\n\t<meta name=\"twitter:data1\" content=\"1 minute\" \/>\n<script type=\"application\/ld+json\" class=\"yoast-schema-graph\">{\"@context\":\"https:\/\/schema.org\",\"@graph\":[{\"@type\":\"WebPage\",\"@id\":\"https:\/\/sucredorge-burlesque.com\/fr\/repertoire\/effeuillage-burlesque\/\",\"url\":\"https:\/\/sucredorge-burlesque.com\/fr\/repertoire\/effeuillage-burlesque\/\",\"name\":\"Effeuillage burlesque - Sucre d&#039;Orge\",\"isPartOf\":{\"@id\":\"https:\/\/sucredorge-burlesque.com\/fr\/#website\"},\"primaryImageOfPage\":{\"@id\":\"https:\/\/sucredorge-burlesque.com\/fr\/repertoire\/effeuillage-burlesque\/#primaryimage\"},\"image\":{\"@id\":\"https:\/\/sucredorge-burlesque.com\/fr\/repertoire\/effeuillage-burlesque\/#primaryimage\"},\"thumbnailUrl\":\"https:\/\/sucredorge-burlesque.com\/wp-content\/uploads\/2024\/11\/sucre-dorge-marie-antoinette-01.jpg\",\"datePublished\":\"2024-12-02T17:25:46+00:00\",\"dateModified\":\"2024-12-24T15:17:06+00:00\",\"breadcrumb\":{\"@id\":\"https:\/\/sucredorge-burlesque.com\/fr\/repertoire\/effeuillage-burlesque\/#breadcrumb\"},\"inLanguage\":\"fr-FR\",\"potentialAction\":[{\"@type\":\"ReadAction\",\"target\":[\"https:\/\/sucredorge-burlesque.com\/fr\/repertoire\/effeuillage-burlesque\/\"]}]},{\"@type\":\"ImageObject\",\"inLanguage\":\"fr-FR\",\"@id\":\"https:\/\/sucredorge-burlesque.com\/fr\/repertoire\/effeuillage-burlesque\/#primaryimage\",\"url\":\"https:\/\/sucredorge-burlesque.com\/wp-content\/uploads\/2024\/11\/sucre-dorge-marie-antoinette-01.jpg\",\"contentUrl\":\"https:\/\/sucredorge-burlesque.com\/wp-content\/uploads\/2024\/11\/sucre-dorge-marie-antoinette-01.jpg\",\"width\":960,\"height\":1440},{\"@type\":\"BreadcrumbList\",\"@id\":\"https:\/\/sucredorge-burlesque.com\/fr\/repertoire\/effeuillage-burlesque\/#breadcrumb\",\"itemListElement\":[{\"@type\":\"ListItem\",\"position\":1,\"name\":\"Accueil\",\"item\":\"https:\/\/sucredorge-burlesque.com\/fr\/\"},{\"@type\":\"ListItem\",\"position\":2,\"name\":\"R\u00e9pertoire\",\"item\":\"https:\/\/sucredorge-burlesque.com\/fr\/repertoire\/\"},{\"@type\":\"ListItem\",\"position\":3,\"name\":\"Effeuillage burlesque\"}]},{\"@type\":\"WebSite\",\"@id\":\"https:\/\/sucredorge-burlesque.com\/fr\/#website\",\"url\":\"https:\/\/sucredorge-burlesque.com\/fr\/\",\"name\":\"Sucre d'Orge\",\"description\":\"\",\"potentialAction\":[{\"@type\":\"SearchAction\",\"target\":{\"@type\":\"EntryPoint\",\"urlTemplate\":\"https:\/\/sucredorge-burlesque.com\/fr\/?s={search_term_string}\"},\"query-input\":{\"@type\":\"PropertyValueSpecification\",\"valueRequired\":true,\"valueName\":\"search_term_string\"}}],\"inLanguage\":\"fr-FR\"}]}<\/script>\n<!-- \/ Yoast SEO plugin. -->","yoast_head_json":{"title":"Effeuillage burlesque - Sucre d&#039;Orge","robots":{"index":"index","follow":"follow","max-snippet":"max-snippet:-1","max-image-preview":"max-image-preview:large","max-video-preview":"max-video-preview:-1"},"canonical":"https:\/\/sucredorge-burlesque.com\/fr\/repertoire\/effeuillage-burlesque\/","og_locale":"fr_FR","og_type":"article","og_title":"Effeuillage burlesque - Sucre d&#039;Orge","og_url":"https:\/\/sucredorge-burlesque.com\/fr\/repertoire\/effeuillage-burlesque\/","og_site_name":"Sucre d&#039;Orge","article_modified_time":"2024-12-24T15:17:06+00:00","og_image":[{"width":960,"height":1440,"url":"https:\/\/sucredorge-burlesque.com\/wp-content\/uploads\/2024\/11\/sucre-dorge-marie-antoinette-01.jpg","type":"image\/jpeg"}],"twitter_card":"summary_large_image","twitter_misc":{"Dur\u00e9e de lecture estim\u00e9e":"1 minute"},"schema":{"@context":"https:\/\/schema.org","@graph":[{"@type":"WebPage","@id":"https:\/\/sucredorge-burlesque.com\/fr\/repertoire\/effeuillage-burlesque\/","url":"https:\/\/sucredorge-burlesque.com\/fr\/repertoire\/effeuillage-burlesque\/","name":"Effeuillage burlesque - Sucre d&#039;Orge","isPartOf":{"@id":"https:\/\/sucredorge-burlesque.com\/fr\/#website"},"primaryImageOfPage":{"@id":"https:\/\/sucredorge-burlesque.com\/fr\/repertoire\/effeuillage-burlesque\/#primaryimage"},"image":{"@id":"https:\/\/sucredorge-burlesque.com\/fr\/repertoire\/effeuillage-burlesque\/#primaryimage"},"thumbnailUrl":"https:\/\/sucredorge-burlesque.com\/wp-content\/uploads\/2024\/11\/sucre-dorge-marie-antoinette-01.jpg","datePublished":"2024-12-02T17:25:46+00:00","dateModified":"2024-12-24T15:17:06+00:00","breadcrumb":{"@id":"https:\/\/sucredorge-burlesque.com\/fr\/repertoire\/effeuillage-burlesque\/#breadcrumb"},"inLanguage":"fr-FR","potentialAction":[{"@type":"ReadAction","target":["https:\/\/sucredorge-burlesque.com\/fr\/repertoire\/effeuillage-burlesque\/"]}]},{"@type":"ImageObject","inLanguage":"fr-FR","@id":"https:\/\/sucredorge-burlesque.com\/fr\/repertoire\/effeuillage-burlesque\/#primaryimage","url":"https:\/\/sucredorge-burlesque.com\/wp-content\/uploads\/2024\/11\/sucre-dorge-marie-antoinette-01.jpg","contentUrl":"https:\/\/sucredorge-burlesque.com\/wp-content\/uploads\/2024\/11\/sucre-dorge-marie-antoinette-01.jpg","width":960,"height":1440},{"@type":"BreadcrumbList","@id":"https:\/\/sucredorge-burlesque.com\/fr\/repertoire\/effeuillage-burlesque\/#breadcrumb","itemListElement":[{"@type":"ListItem","position":1,"name":"Accueil","item":"https:\/\/sucredorge-burlesque.com\/fr\/"},{"@type":"ListItem","position":2,"name":"R\u00e9pertoire","item":"https:\/\/sucredorge-burlesque.com\/fr\/repertoire\/"},{"@type":"ListItem","position":3,"name":"Effeuillage burlesque"}]},{"@type":"WebSite","@id":"https:\/\/sucredorge-burlesque.com\/fr\/#website","url":"https:\/\/sucredorge-burlesque.com\/fr\/","name":"Sucre d'Orge","description":"","potentialAction":[{"@type":"SearchAction","target":{"@type":"EntryPoint","urlTemplate":"https:\/\/sucredorge-burlesque.com\/fr\/?s={search_term_string}"},"query-input":{"@type":"PropertyValueSpecification","valueRequired":true,"valueName":"search_term_string"}}],"inLanguage":"fr-FR"}]}},"jetpack_sharing_enabled":true,"_links":{"self":[{"href":"https:\/\/sucredorge-burlesque.com\/fr\/wp-json\/wp\/v2\/pages\/1057","targetHints":{"allow":["GET"]}}],"collection":[{"href":"https:\/\/sucredorge-burlesque.com\/fr\/wp-json\/wp\/v2\/pages"}],"about":[{"href":"https:\/\/sucredorge-burlesque.com\/fr\/wp-json\/wp\/v2\/types\/page"}],"author":[{"embeddable":true,"href":"https:\/\/sucredorge-burlesque.com\/fr\/wp-json\/wp\/v2\/users\/1"}],"replies":[{"embeddable":true,"href":"https:\/\/sucredorge-burlesque.com\/fr\/wp-json\/wp\/v2\/comments?post=1057"}],"version-history":[{"count":6,"href":"https:\/\/sucredorge-burlesque.com\/fr\/wp-json\/wp\/v2\/pages\/1057\/revisions"}],"predecessor-version":[{"id":18989,"href":"https:\/\/sucredorge-burlesque.com\/fr\/wp-json\/wp\/v2\/pages\/1057\/revisions\/18989"}],"up":[{"embeddable":true,"href":"https:\/\/sucredorge-burlesque.com\/fr\/wp-json\/wp\/v2\/pages\/10"}],"wp:featuredmedia":[{"embeddable":true,"href":"https:\/\/sucredorge-burlesque.com\/fr\/wp-json\/wp\/v2\/media\/208"}],"wp:attachment":[{"href":"https:\/\/sucredorge-burlesque.com\/fr\/wp-json\/wp\/v2\/media?parent=1057"}],"curies":[{"name":"wp","href":"https:\/\/api.w.org\/{rel}","templated":true}]}}