{"id":12,"date":"2024-10-28T16:59:28","date_gmt":"2024-10-28T15:59:28","guid":{"rendered":"http:\/\/sucredorge-burlesque.com\/new\/?page_id=12"},"modified":"2025-01-15T13:25:30","modified_gmt":"2025-01-15T12:25:30","slug":"agenda","status":"publish","type":"page","link":"https:\/\/sucredorge-burlesque.com\/fr\/agenda\/","title":{"rendered":"Agenda"},"content":{"rendered":"\n<div class=\"acf-block-events block-events section-events\">\n  <ul class=\"list-events\">\n    \n          <li class=\"event\">\n      \n<div class=\"event-header\">\n  \n  <div class=\"event-details\">\n    <h2 class=\"event-title\">Velvet Dinner<\/h2>\n    \n\n<div class=\"event-meta\">\n  <time class=\"event-info event-date-time\">\n    4 mars \u2013 10 juin 2026, 22:30  <\/time>\n    <p class=\"event-info event-location\">\n    Paris   <\/p>\n      <p class=\"event-info event-location-venue\">\n    Chez Giulia  <\/p>\n      <p class=\"event-info event-link\">\n    <a href=\"https:\/\/www.instagram.com\/velvet_dinner\/?hl=fr\" title=\"R\u00e9servation \u2013\u00a0Nouvel onglet\" aria-label=\"R\u00e9servation \u2013\u00a0Velvet Dinner - Nouvel onglet\" target=\"_blank\">R\u00e9servation<\/a>\n  <\/p>\n    \n  \n<\/div>  <\/div>\n  \n<\/div>\n\n<div class=\"event-content\">\n  \n<p>J&rsquo;y serai un mercredi sur deux : 4, 18 mars, 1, 15, 29 avril, 13, 27 mai, 10 juin.<br \/>\nUn d\u00eener chic et festif inspir\u00e9 des ann\u00e9es 1920, anim\u00e9 de performances burlesques.<\/p>\n<\/div>\n      <\/li>\n          <li class=\"event\">\n      \n<div class=\"event-header\">\n  \n  <div class=\"event-details\">\n    <h2 class=\"event-title\">Le Cabaret Burlesque<\/h2>\n    \n  <p class=\"event-descr\">En tourn\u00e9e !<\/p>\n\n<div class=\"event-meta\">\n  <time class=\"event-info event-date-time\">\n    25 avril 2026  <\/time>\n    <p class=\"event-info event-location\">\n    Lissieu, 69  <\/p>\n        \n  \n<\/div>  <\/div>\n  \n<\/div>\n\n<div class=\"event-content\">\n  \n<p>Dans la grande lign\u00e9e de l\u2019entertainment \u00e0 l\u2019am\u00e9ricaine, les artistes du Burlesque Klub pr\u00e9sentent un show d\u00e9tonnant alliant glamour et humour.<\/p>\n<\/div>\n      <\/li>\n          <li class=\"event\">\n      \n<div class=\"event-header\">\n  \n  <div class=\"event-details\">\n    <h2 class=\"event-title\">Grand spectacle \u00e0 Neuch\u00e2tel<\/h2>\n    \n  <p class=\"event-descr\">Avec les \u00e9l\u00e8ves de Secret follies<\/p>\n\n<div class=\"event-meta\">\n  <time class=\"event-info event-date-time\">\n    1 \u2013 3 mai 2026  <\/time>\n    <p class=\"event-info event-location\">\n    Neuch\u00e2tel  <\/p>\n        <p class=\"event-info event-link\">\n    <a href=\"https:\/\/www.secretfollies.com\/agenda\" title=\"En savoir plus \u2013\u00a0Nouvel onglet\" aria-label=\"En savoir plus \u2013\u00a0Grand spectacle \u00e0 Neuch\u00e2tel - Nouvel onglet\" target=\"_blank\">En savoir plus<\/a>\n  <\/p>\n    \n  \n<\/div>  <\/div>\n  \n<\/div>\n\n<div class=\"event-content\">\n  \n<p>Deux soir\u00e9es de spectacle et une journ\u00e9e de stage d&rsquo;effeuillage burlesque au programme !<\/p>\n<\/div>\n      <\/li>\n          <li class=\"event\">\n      \n<div class=\"event-header\">\n  \n  <div class=\"event-details\">\n    <h2 class=\"event-title\">Cabaret Canaille<\/h2>\n    \n\n<div class=\"event-meta\">\n  <time class=\"event-info event-date-time\">\n    30 mai 2026  <\/time>\n    <p class=\"event-info event-location\">\n    Amiens  <\/p>\n        \n  \n<\/div>  <\/div>\n  \n<\/div>\n\n<div class=\"event-content\">\n  \n<\/div>\n      <\/li>\n          <li class=\"event\">\n      \n<div class=\"event-header\">\n  \n  <div class=\"event-details\">\n    <h2 class=\"event-title\">Cloyes Art &#038; Tattoo Fest<\/h2>\n    \n\n<div class=\"event-meta\">\n  <time class=\"event-info event-date-time\">\n    5 \u2013 7 juin 2026  <\/time>\n    <p class=\"event-info event-location\">\n    Cloyes  <\/p>\n      <p class=\"event-info event-location-venue\">\n    Prieur\u00e9 d&rsquo;Yron  <\/p>\n      <p class=\"event-info event-link\">\n    <a href=\"https:\/\/www.billetweb.fr\/cloyes-art-tattoo-fest&#038;multi=u241703&#038;margin=no_margin&#038;color=635BFF&#038;parent=1&#038;margin=no_margin&#038;color=635BFF\" title=\"Billetterie \u2013\u00a0Nouvel onglet\" aria-label=\"Billetterie \u2013\u00a0Cloyes Art &#038; Tattoo Fest - Nouvel onglet\" target=\"_blank\">Billetterie<\/a>\n  <\/p>\n    \n  \n<\/div>  <\/div>\n  \n<\/div>\n\n<div class=\"event-content\">\n  \n<p>Venez voir mon seule en luth \u00ab\u00a0Musique enchienne\u00a0\u00bb les vendredi et samedi soir !<\/p>\n<\/div>\n      <\/li>\n          <li class=\"event\">\n      \n<div class=\"event-header\">\n  \n  <div class=\"event-details\">\n    <h2 class=\"event-title\">Le Mask<\/h2>\n    \n\n<div class=\"event-meta\">\n  <time class=\"event-info event-date-time\">\n    12 juin 2026  <\/time>\n    <p class=\"event-info event-location\">\n    Paris  <\/p>\n      <p class=\"event-info event-location-venue\">\n    Le Mask  <\/p>\n      <p class=\"event-info event-link\">\n    <a href=\"https:\/\/mask-paris.com\/lagenda\/\" title=\" \u2013\u00a0Nouvel onglet\" aria-label=\" \u2013\u00a0Le Mask - Nouvel onglet\" target=\"_blank\"><\/a>\n  <\/p>\n    \n  \n<\/div>  <\/div>\n  \n<\/div>\n\n<div class=\"event-content\">\n  \n<\/div>\n      <\/li>\n          <li class=\"event\">\n      \n<div class=\"event-header\">\n  \n  <div class=\"event-details\">\n    <h2 class=\"event-title\">Musique Enchienne !<\/h2>\n    \n\n<div class=\"event-meta\">\n  <time class=\"event-info event-date-time\">\n    24 juin 2026, 21:00  <\/time>\n    <p class=\"event-info event-location\">\n    Paris  <\/p>\n      <p class=\"event-info event-location-venue\">\n    Cirque Electrique  <\/p>\n      <p class=\"event-info event-link\">\n    <a href=\"https:\/\/www.helloasso.com\/associations\/badass-spectacles\/evenements\/musique-enchienne-par-sucre-d-orge\" title=\"Billetterie \u2013\u00a0Nouvel onglet\" aria-label=\"Billetterie \u2013\u00a0Musique Enchienne ! - Nouvel onglet\" target=\"_blank\">Billetterie<\/a>\n  <\/p>\n    \n  \n<\/div>  <\/div>\n  \n<\/div>\n\n<div class=\"event-content\">\n  \n<p>>> Une nouvelle version de mon seule en sc\u00e8ne <<\nUn r\u00e9cital anachronique, \u00e9rudit et impertinent, toujours accompagn\u00e9e de mon luth renaissance et du nouveau venu: mon cousin King Arthur Luth !\n<\/p>\n<\/div>\n      <\/li>\n          <li class=\"event\">\n      \n<div class=\"event-header\">\n  \n  <div class=\"event-details\">\n    <h2 class=\"event-title\">Cabaret de la Brise Marine<\/h2>\n    \n\n<div class=\"event-meta\">\n  <time class=\"event-info event-date-time\">\n    28 juillet \u2013 7 ao\u00fbt 2026, 23:00  <\/time>\n    <p class=\"event-info event-location\">\n    \u00eele du Levant  <\/p>\n      <p class=\"event-info event-location-venue\">\n    La Brise Marine  <\/p>\n      \n  \n<\/div>  <\/div>\n  \n<\/div>\n\n<div class=\"event-content\">\n  \n<p>Des cabarets les mardi et vendredi, sous la brise de l&rsquo;\u00eele du Levant, avec Dee Huang et Martin Dust du Cabaret de Poussi\u00e8re.<\/p>\n<\/div>\n      <\/li>\n          <li class=\"event\">\n      \n<div class=\"event-header\">\n  \n  <div class=\"event-details\">\n    <h2 class=\"event-title\">Cabaret Burlesque<\/h2>\n    \n\n<div class=\"event-meta\">\n  <time class=\"event-info event-date-time\">\n    1 octobre 2026  <\/time>\n    <p class=\"event-info event-location\">\n    Paris  <\/p>\n      <p class=\"event-info event-location-venue\">\n    Novotel  <\/p>\n      \n  \n<\/div>  <\/div>\n  \n<\/div>\n\n<div class=\"event-content\">\n  \n<\/div>\n      <\/li>\n      <\/ul>\n<\/div>\n\n\n\n\n<figure class=\"wp-block-image size-large\"><img loading=\"lazy\" decoding=\"async\" width=\"910\" height=\"1024\" src=\"https:\/\/sucredorge-burlesque.com\/wp-content\/uploads\/2024\/12\/Cedric-Roulliat-798_1-copie-910x1024.jpg\" alt=\"\" class=\"wp-image-18779\" srcset=\"https:\/\/sucredorge-burlesque.com\/wp-content\/uploads\/2024\/12\/Cedric-Roulliat-798_1-copie-910x1024.jpg 910w, https:\/\/sucredorge-burlesque.com\/wp-content\/uploads\/2024\/12\/Cedric-Roulliat-798_1-copie-267x300.jpg 267w, https:\/\/sucredorge-burlesque.com\/wp-content\/uploads\/2024\/12\/Cedric-Roulliat-798_1-copie-768x864.jpg 768w, https:\/\/sucredorge-burlesque.com\/wp-content\/uploads\/2024\/12\/Cedric-Roulliat-798_1-copie-1365x1536.jpg 1365w, https:\/\/sucredorge-burlesque.com\/wp-content\/uploads\/2024\/12\/Cedric-Roulliat-798_1-copie-612x689.jpg 612w, https:\/\/sucredorge-burlesque.com\/wp-content\/uploads\/2024\/12\/Cedric-Roulliat-798_1-copie.jpg 1422w\" sizes=\"auto, (max-width: 910px) 100vw, 910px\" \/><figcaption class=\"wp-element-caption\">Photo Cedric Roulliat<\/figcaption><\/figure>\n","protected":false},"excerpt":{"rendered":"<p>Retrouvez les prochaines repr\u00e9sentations de Sucre d&rsquo;Orge <\/p>\n","protected":false},"author":1,"featured_media":0,"parent":0,"menu_order":0,"comment_status":"closed","ping_status":"closed","template":"page-templates\/page-narrow-wrapper.php","meta":{"_acf_changed":false,"footnotes":""},"class_list":["post-12","page","type-page","status-publish","hentry"],"acf":[],"yoast_head":"<!-- This site is optimized with the Yoast SEO plugin v27.2 - https:\/\/yoast.com\/product\/yoast-seo-wordpress\/ -->\n<title>Agenda - Sucre d&#039;Orge<\/title>\n<meta name=\"description\" content=\"Retrouvez Sucre d&#039;Orge sur sc\u00e8ne : d\u00e9couvrez toutes les dates de ses prochaines repr\u00e9sentations !\" \/>\n<meta name=\"robots\" content=\"index, follow, max-snippet:-1, max-image-preview:large, max-video-preview:-1\" \/>\n<link rel=\"canonical\" href=\"https:\/\/sucredorge-burlesque.com\/fr\/agenda\/\" \/>\n<meta property=\"og:locale\" content=\"fr_FR\" \/>\n<meta property=\"og:type\" content=\"article\" \/>\n<meta property=\"og:title\" content=\"Agenda - Sucre d&#039;Orge\" \/>\n<meta property=\"og:description\" content=\"Retrouvez Sucre d&#039;Orge sur sc\u00e8ne : d\u00e9couvrez toutes les dates de ses prochaines repr\u00e9sentations !\" \/>\n<meta property=\"og:url\" content=\"https:\/\/sucredorge-burlesque.com\/fr\/agenda\/\" \/>\n<meta property=\"og:site_name\" content=\"Sucre d&#039;Orge\" \/>\n<meta property=\"article:modified_time\" content=\"2025-01-15T12:25:30+00:00\" \/>\n<meta property=\"og:image\" content=\"https:\/\/sucredorge-burlesque.com\/wp-content\/uploads\/2024\/12\/Cedric-Roulliat-798_1-copie.jpg\" \/>\n\t<meta property=\"og:image:width\" content=\"1422\" \/>\n\t<meta property=\"og:image:height\" content=\"1600\" \/>\n\t<meta property=\"og:image:type\" content=\"image\/jpeg\" \/>\n<meta name=\"twitter:card\" content=\"summary_large_image\" \/>\n<meta name=\"twitter:label1\" content=\"Dur\u00e9e de lecture estim\u00e9e\" \/>\n\t<meta name=\"twitter:data1\" content=\"1 minute\" \/>\n<script type=\"application\/ld+json\" class=\"yoast-schema-graph\">{\"@context\":\"https:\/\/schema.org\",\"@graph\":[{\"@type\":\"WebPage\",\"@id\":\"https:\/\/sucredorge-burlesque.com\/fr\/agenda\/\",\"url\":\"https:\/\/sucredorge-burlesque.com\/fr\/agenda\/\",\"name\":\"Agenda - Sucre d&#039;Orge\",\"isPartOf\":{\"@id\":\"https:\/\/sucredorge-burlesque.com\/fr\/#website\"},\"primaryImageOfPage\":{\"@id\":\"https:\/\/sucredorge-burlesque.com\/fr\/agenda\/#primaryimage\"},\"image\":{\"@id\":\"https:\/\/sucredorge-burlesque.com\/fr\/agenda\/#primaryimage\"},\"thumbnailUrl\":\"https:\/\/sucredorge-burlesque.com\/wp-content\/uploads\/2024\/12\/Cedric-Roulliat-798_1-copie-910x1024.jpg\",\"datePublished\":\"2024-10-28T15:59:28+00:00\",\"dateModified\":\"2025-01-15T12:25:30+00:00\",\"description\":\"Retrouvez Sucre d'Orge sur sc\u00e8ne : d\u00e9couvrez toutes les dates de ses prochaines repr\u00e9sentations !\",\"breadcrumb\":{\"@id\":\"https:\/\/sucredorge-burlesque.com\/fr\/agenda\/#breadcrumb\"},\"inLanguage\":\"fr-FR\",\"potentialAction\":[{\"@type\":\"ReadAction\",\"target\":[\"https:\/\/sucredorge-burlesque.com\/fr\/agenda\/\"]}]},{\"@type\":\"ImageObject\",\"inLanguage\":\"fr-FR\",\"@id\":\"https:\/\/sucredorge-burlesque.com\/fr\/agenda\/#primaryimage\",\"url\":\"https:\/\/sucredorge-burlesque.com\/wp-content\/uploads\/2024\/12\/Cedric-Roulliat-798_1-copie-910x1024.jpg\",\"contentUrl\":\"https:\/\/sucredorge-burlesque.com\/wp-content\/uploads\/2024\/12\/Cedric-Roulliat-798_1-copie-910x1024.jpg\"},{\"@type\":\"BreadcrumbList\",\"@id\":\"https:\/\/sucredorge-burlesque.com\/fr\/agenda\/#breadcrumb\",\"itemListElement\":[{\"@type\":\"ListItem\",\"position\":1,\"name\":\"Accueil\",\"item\":\"https:\/\/sucredorge-burlesque.com\/fr\/\"},{\"@type\":\"ListItem\",\"position\":2,\"name\":\"Agenda\"}]},{\"@type\":\"WebSite\",\"@id\":\"https:\/\/sucredorge-burlesque.com\/fr\/#website\",\"url\":\"https:\/\/sucredorge-burlesque.com\/fr\/\",\"name\":\"Sucre d'Orge\",\"description\":\"\",\"potentialAction\":[{\"@type\":\"SearchAction\",\"target\":{\"@type\":\"EntryPoint\",\"urlTemplate\":\"https:\/\/sucredorge-burlesque.com\/fr\/?s={search_term_string}\"},\"query-input\":{\"@type\":\"PropertyValueSpecification\",\"valueRequired\":true,\"valueName\":\"search_term_string\"}}],\"inLanguage\":\"fr-FR\"}]}<\/script>\n<!-- \/ Yoast SEO plugin. -->","yoast_head_json":{"title":"Agenda - Sucre d&#039;Orge","description":"Retrouvez Sucre d'Orge sur sc\u00e8ne : d\u00e9couvrez toutes les dates de ses prochaines repr\u00e9sentations !","robots":{"index":"index","follow":"follow","max-snippet":"max-snippet:-1","max-image-preview":"max-image-preview:large","max-video-preview":"max-video-preview:-1"},"canonical":"https:\/\/sucredorge-burlesque.com\/fr\/agenda\/","og_locale":"fr_FR","og_type":"article","og_title":"Agenda - Sucre d&#039;Orge","og_description":"Retrouvez Sucre d'Orge sur sc\u00e8ne : d\u00e9couvrez toutes les dates de ses prochaines repr\u00e9sentations !","og_url":"https:\/\/sucredorge-burlesque.com\/fr\/agenda\/","og_site_name":"Sucre d&#039;Orge","article_modified_time":"2025-01-15T12:25:30+00:00","og_image":[{"width":1422,"height":1600,"url":"https:\/\/sucredorge-burlesque.com\/wp-content\/uploads\/2024\/12\/Cedric-Roulliat-798_1-copie.jpg","type":"image\/jpeg"}],"twitter_card":"summary_large_image","twitter_misc":{"Dur\u00e9e de lecture estim\u00e9e":"1 minute"},"schema":{"@context":"https:\/\/schema.org","@graph":[{"@type":"WebPage","@id":"https:\/\/sucredorge-burlesque.com\/fr\/agenda\/","url":"https:\/\/sucredorge-burlesque.com\/fr\/agenda\/","name":"Agenda - Sucre d&#039;Orge","isPartOf":{"@id":"https:\/\/sucredorge-burlesque.com\/fr\/#website"},"primaryImageOfPage":{"@id":"https:\/\/sucredorge-burlesque.com\/fr\/agenda\/#primaryimage"},"image":{"@id":"https:\/\/sucredorge-burlesque.com\/fr\/agenda\/#primaryimage"},"thumbnailUrl":"https:\/\/sucredorge-burlesque.com\/wp-content\/uploads\/2024\/12\/Cedric-Roulliat-798_1-copie-910x1024.jpg","datePublished":"2024-10-28T15:59:28+00:00","dateModified":"2025-01-15T12:25:30+00:00","description":"Retrouvez Sucre d'Orge sur sc\u00e8ne : d\u00e9couvrez toutes les dates de ses prochaines repr\u00e9sentations !","breadcrumb":{"@id":"https:\/\/sucredorge-burlesque.com\/fr\/agenda\/#breadcrumb"},"inLanguage":"fr-FR","potentialAction":[{"@type":"ReadAction","target":["https:\/\/sucredorge-burlesque.com\/fr\/agenda\/"]}]},{"@type":"ImageObject","inLanguage":"fr-FR","@id":"https:\/\/sucredorge-burlesque.com\/fr\/agenda\/#primaryimage","url":"https:\/\/sucredorge-burlesque.com\/wp-content\/uploads\/2024\/12\/Cedric-Roulliat-798_1-copie-910x1024.jpg","contentUrl":"https:\/\/sucredorge-burlesque.com\/wp-content\/uploads\/2024\/12\/Cedric-Roulliat-798_1-copie-910x1024.jpg"},{"@type":"BreadcrumbList","@id":"https:\/\/sucredorge-burlesque.com\/fr\/agenda\/#breadcrumb","itemListElement":[{"@type":"ListItem","position":1,"name":"Accueil","item":"https:\/\/sucredorge-burlesque.com\/fr\/"},{"@type":"ListItem","position":2,"name":"Agenda"}]},{"@type":"WebSite","@id":"https:\/\/sucredorge-burlesque.com\/fr\/#website","url":"https:\/\/sucredorge-burlesque.com\/fr\/","name":"Sucre d'Orge","description":"","potentialAction":[{"@type":"SearchAction","target":{"@type":"EntryPoint","urlTemplate":"https:\/\/sucredorge-burlesque.com\/fr\/?s={search_term_string}"},"query-input":{"@type":"PropertyValueSpecification","valueRequired":true,"valueName":"search_term_string"}}],"inLanguage":"fr-FR"}]}},"jetpack_sharing_enabled":true,"_links":{"self":[{"href":"https:\/\/sucredorge-burlesque.com\/fr\/wp-json\/wp\/v2\/pages\/12","targetHints":{"allow":["GET"]}}],"collection":[{"href":"https:\/\/sucredorge-burlesque.com\/fr\/wp-json\/wp\/v2\/pages"}],"about":[{"href":"https:\/\/sucredorge-burlesque.com\/fr\/wp-json\/wp\/v2\/types\/page"}],"author":[{"embeddable":true,"href":"https:\/\/sucredorge-burlesque.com\/fr\/wp-json\/wp\/v2\/users\/1"}],"replies":[{"embeddable":true,"href":"https:\/\/sucredorge-burlesque.com\/fr\/wp-json\/wp\/v2\/comments?post=12"}],"version-history":[{"count":12,"href":"https:\/\/sucredorge-burlesque.com\/fr\/wp-json\/wp\/v2\/pages\/12\/revisions"}],"predecessor-version":[{"id":19556,"href":"https:\/\/sucredorge-burlesque.com\/fr\/wp-json\/wp\/v2\/pages\/12\/revisions\/19556"}],"wp:attachment":[{"href":"https:\/\/sucredorge-burlesque.com\/fr\/wp-json\/wp\/v2\/media?parent=12"}],"curies":[{"name":"wp","href":"https:\/\/api.w.org\/{rel}","templated":true}]}}