{"id":19067,"date":"2024-12-24T20:46:57","date_gmt":"2024-12-24T19:46:57","guid":{"rendered":"https:\/\/sucredorge-burlesque.com\/?page_id=19067"},"modified":"2024-12-25T21:16:44","modified_gmt":"2024-12-25T20:16:44","slug":"prestations","status":"publish","type":"page","link":"https:\/\/sucredorge-burlesque.com\/fr\/prestations\/","title":{"rendered":"Prestations"},"content":{"rendered":"\n<div class=\"wp-block-media-text is-stacked-on-mobile\" style=\"grid-template-columns:40% auto\"><figure class=\"wp-block-media-text__media\"><img loading=\"lazy\" decoding=\"async\" width=\"683\" height=\"1024\" src=\"https:\/\/sucredorge-burlesque.com\/wp-content\/uploads\/2024\/12\/549375AD-14F7-4855-9E9F-1C259AD51214_1_105_c-683x1024.jpeg\" alt=\"\" class=\"wp-image-19238 size-full\" srcset=\"https:\/\/sucredorge-burlesque.com\/wp-content\/uploads\/2024\/12\/549375AD-14F7-4855-9E9F-1C259AD51214_1_105_c-683x1024.jpeg 683w, https:\/\/sucredorge-burlesque.com\/wp-content\/uploads\/2024\/12\/549375AD-14F7-4855-9E9F-1C259AD51214_1_105_c-200x300.jpeg 200w, https:\/\/sucredorge-burlesque.com\/wp-content\/uploads\/2024\/12\/549375AD-14F7-4855-9E9F-1C259AD51214_1_105_c-560x840.jpeg 560w, https:\/\/sucredorge-burlesque.com\/wp-content\/uploads\/2024\/12\/549375AD-14F7-4855-9E9F-1C259AD51214_1_105_c-400x600.jpeg 400w, https:\/\/sucredorge-burlesque.com\/wp-content\/uploads\/2024\/12\/549375AD-14F7-4855-9E9F-1C259AD51214_1_105_c-612x918.jpeg 612w, https:\/\/sucredorge-burlesque.com\/wp-content\/uploads\/2024\/12\/549375AD-14F7-4855-9E9F-1C259AD51214_1_105_c.jpeg 724w\" sizes=\"auto, (max-width: 683px) 100vw, 683px\" \/><\/figure><div class=\"wp-block-media-text__content\">\n<h2 class=\"wp-block-heading\">Spectacles<\/h2>\n\n\n\n<ul class=\"wp-block-list\">\n<li>Effeuillage burlesque<\/li>\n\n\n\n<li>Chant, avec ou sans luth<\/li>\n\n\n\n<li>D\u00e9ambulation, interaction, com\u00e9die immersive, lecture<\/li>\n<\/ul>\n\n\n\n<h3 class=\"wp-block-heading has-small-font-size\">Cadres des performances<\/h3>\n\n\n\n<ul class=\"wp-block-list\">\n<li>Pour vos <strong>\u00e9v\u00e9nements priv\u00e9s<\/strong> : dans votre entreprise, un lieu privatis\u00e9, votre ch\u00e2teau,&#8230;<\/li>\n\n\n\n<li>Pour une <strong>repr\u00e9sentation publique<\/strong> : en th\u00e9\u00e2tre, restaurant, librairie, jardin, &#8230;<\/li>\n<\/ul>\n<\/div><\/div>\n\n\n\n<h2 class=\"wp-block-heading\">Stages et ateliers<\/h2>\n\n\n\n<div class=\"wp-block-media-text has-media-on-the-right is-stacked-on-mobile\"><div class=\"wp-block-media-text__content\">\n<h3 class=\"wp-block-heading has-small-font-size\">Collectifs<\/h3>\n\n\n\n<p>Sucre d&rsquo;Orge donne parfois des stages d&rsquo;effeuillage burlesque pour tous les niveaux :<\/p>\n\n\n\n<ul class=\"wp-block-list\">\n<li>Dans des \u00e9coles de cabaret lorsqu&rsquo; elle y est invit\u00e9e (Secret Follies en Suisse, \u00d4 Boudoir \u00e0 Lyon, Olala Party \u00e0 Paris, &#8230;)<\/li>\n\n\n\n<li>Pour un groupe d\u00e9j\u00e0 constitu\u00e9 par vos soins d&rsquo;au moins 4 personnes (pour vos EVJF ou anniversaire par exemple)<\/li>\n<\/ul>\n\n\n\n<p>Son stage signature <strong>\u00ab\u00a0Mets du Sucre dans ton burlesque\u00a0\u00bb<\/strong> permet d&rsquo;enrichir la qualit\u00e9 de ses mouvements, de ses intentions et de sortir de ses automatismes, gr\u00e2ce aux outils du chor\u00e9graphe Rudolf Laban, nomm\u00e9e \u00ab\u00a0Effort\u00a0\u00bb.<\/p>\n<\/div><figure class=\"wp-block-media-text__media\"><img loading=\"lazy\" decoding=\"async\" width=\"899\" height=\"658\" src=\"https:\/\/sucredorge-burlesque.com\/wp-content\/uploads\/2024\/12\/stage-atelier-burlesque.jpg\" alt=\"\" class=\"wp-image-19075 size-full\" srcset=\"https:\/\/sucredorge-burlesque.com\/wp-content\/uploads\/2024\/12\/stage-atelier-burlesque.jpg 899w, https:\/\/sucredorge-burlesque.com\/wp-content\/uploads\/2024\/12\/stage-atelier-burlesque-300x220.jpg 300w, https:\/\/sucredorge-burlesque.com\/wp-content\/uploads\/2024\/12\/stage-atelier-burlesque-768x562.jpg 768w, https:\/\/sucredorge-burlesque.com\/wp-content\/uploads\/2024\/12\/stage-atelier-burlesque-612x448.jpg 612w\" sizes=\"auto, (max-width: 899px) 100vw, 899px\" \/><\/figure><\/div>\n\n\n\n<h3 class=\"wp-block-heading has-small-font-size\">Particuliers<\/h3>\n\n\n\n<p>Sucre d&rsquo;Orge peut aussi donner des cours particuliers pour peaufiner un num\u00e9ro burlesque ou une performance sc\u00e9nique.<\/p>\n\n\n\n<div class=\"wp-block-buttons is-content-justification-center is-layout-flex wp-container-core-buttons-is-layout-16018d1d wp-block-buttons-is-layout-flex\">\n<div class=\"wp-block-button has-custom-width wp-block-button__width-25\"><a class=\"wp-block-button__link wp-element-button\" href=\"\/fr\/contact\">Lancez-vous !<\/a><\/div>\n<\/div>\n\n\n\n\n","protected":false},"excerpt":{"rendered":"<p>Stages et ateliers Particuliers Sucre d&rsquo;Orge peut aussi donner des cours particuliers pour peaufiner un num\u00e9ro burlesque ou une performance sc\u00e9nique.<\/p>\n","protected":false},"author":2,"featured_media":0,"parent":0,"menu_order":0,"comment_status":"closed","ping_status":"closed","template":"","meta":{"_acf_changed":false,"footnotes":""},"class_list":["post-19067","page","type-page","status-publish","hentry"],"acf":[],"yoast_head":"<!-- This site is optimized with the Yoast SEO plugin v27.2 - https:\/\/yoast.com\/product\/yoast-seo-wordpress\/ -->\n<title>Prestations - Sucre d&#039;Orge<\/title>\n<meta name=\"description\" content=\"Repr\u00e9sentations publiques ou priv\u00e9es, atelier et coaching burlesque, d\u00e9couvrez les prestations de Sucre d&#039;Orge.\" \/>\n<meta name=\"robots\" content=\"index, follow, max-snippet:-1, max-image-preview:large, max-video-preview:-1\" \/>\n<link rel=\"canonical\" href=\"https:\/\/sucredorge-burlesque.com\/fr\/prestations\/\" \/>\n<meta property=\"og:locale\" content=\"fr_FR\" \/>\n<meta property=\"og:type\" content=\"article\" \/>\n<meta property=\"og:title\" content=\"Prestations - Sucre d&#039;Orge\" \/>\n<meta property=\"og:description\" content=\"Repr\u00e9sentations publiques ou priv\u00e9es, atelier et coaching burlesque, d\u00e9couvrez les prestations de Sucre d&#039;Orge.\" \/>\n<meta property=\"og:url\" content=\"https:\/\/sucredorge-burlesque.com\/fr\/prestations\/\" \/>\n<meta property=\"og:site_name\" content=\"Sucre d&#039;Orge\" \/>\n<meta property=\"article:modified_time\" content=\"2024-12-25T20:16:44+00:00\" \/>\n<meta property=\"og:image\" content=\"https:\/\/sucredorge-burlesque.com\/wp-content\/uploads\/2024\/12\/549375AD-14F7-4855-9E9F-1C259AD51214_1_105_c.jpeg\" \/>\n\t<meta property=\"og:image:width\" content=\"724\" \/>\n\t<meta property=\"og:image:height\" content=\"1086\" \/>\n\t<meta property=\"og:image:type\" content=\"image\/jpeg\" \/>\n<meta name=\"twitter:card\" content=\"summary_large_image\" \/>\n<meta name=\"twitter:label1\" content=\"Dur\u00e9e de lecture estim\u00e9e\" \/>\n\t<meta name=\"twitter:data1\" content=\"2 minutes\" \/>\n<script type=\"application\/ld+json\" class=\"yoast-schema-graph\">{\"@context\":\"https:\/\/schema.org\",\"@graph\":[{\"@type\":\"WebPage\",\"@id\":\"https:\/\/sucredorge-burlesque.com\/fr\/prestations\/\",\"url\":\"https:\/\/sucredorge-burlesque.com\/fr\/prestations\/\",\"name\":\"Prestations - Sucre d&#039;Orge\",\"isPartOf\":{\"@id\":\"https:\/\/sucredorge-burlesque.com\/fr\/#website\"},\"primaryImageOfPage\":{\"@id\":\"https:\/\/sucredorge-burlesque.com\/fr\/prestations\/#primaryimage\"},\"image\":{\"@id\":\"https:\/\/sucredorge-burlesque.com\/fr\/prestations\/#primaryimage\"},\"thumbnailUrl\":\"https:\/\/sucredorge-burlesque.com\/wp-content\/uploads\/2024\/12\/549375AD-14F7-4855-9E9F-1C259AD51214_1_105_c-683x1024.jpeg\",\"datePublished\":\"2024-12-24T19:46:57+00:00\",\"dateModified\":\"2024-12-25T20:16:44+00:00\",\"description\":\"Repr\u00e9sentations publiques ou priv\u00e9es, atelier et coaching burlesque, d\u00e9couvrez les prestations de Sucre d'Orge.\",\"breadcrumb\":{\"@id\":\"https:\/\/sucredorge-burlesque.com\/fr\/prestations\/#breadcrumb\"},\"inLanguage\":\"fr-FR\",\"potentialAction\":[{\"@type\":\"ReadAction\",\"target\":[\"https:\/\/sucredorge-burlesque.com\/fr\/prestations\/\"]}]},{\"@type\":\"ImageObject\",\"inLanguage\":\"fr-FR\",\"@id\":\"https:\/\/sucredorge-burlesque.com\/fr\/prestations\/#primaryimage\",\"url\":\"https:\/\/sucredorge-burlesque.com\/wp-content\/uploads\/2024\/12\/549375AD-14F7-4855-9E9F-1C259AD51214_1_105_c-683x1024.jpeg\",\"contentUrl\":\"https:\/\/sucredorge-burlesque.com\/wp-content\/uploads\/2024\/12\/549375AD-14F7-4855-9E9F-1C259AD51214_1_105_c-683x1024.jpeg\"},{\"@type\":\"BreadcrumbList\",\"@id\":\"https:\/\/sucredorge-burlesque.com\/fr\/prestations\/#breadcrumb\",\"itemListElement\":[{\"@type\":\"ListItem\",\"position\":1,\"name\":\"Accueil\",\"item\":\"https:\/\/sucredorge-burlesque.com\/fr\/\"},{\"@type\":\"ListItem\",\"position\":2,\"name\":\"Prestations\"}]},{\"@type\":\"WebSite\",\"@id\":\"https:\/\/sucredorge-burlesque.com\/fr\/#website\",\"url\":\"https:\/\/sucredorge-burlesque.com\/fr\/\",\"name\":\"Sucre d'Orge\",\"description\":\"\",\"potentialAction\":[{\"@type\":\"SearchAction\",\"target\":{\"@type\":\"EntryPoint\",\"urlTemplate\":\"https:\/\/sucredorge-burlesque.com\/fr\/?s={search_term_string}\"},\"query-input\":{\"@type\":\"PropertyValueSpecification\",\"valueRequired\":true,\"valueName\":\"search_term_string\"}}],\"inLanguage\":\"fr-FR\"}]}<\/script>\n<!-- \/ Yoast SEO plugin. -->","yoast_head_json":{"title":"Prestations - Sucre d&#039;Orge","description":"Repr\u00e9sentations publiques ou priv\u00e9es, atelier et coaching burlesque, d\u00e9couvrez les prestations de Sucre d'Orge.","robots":{"index":"index","follow":"follow","max-snippet":"max-snippet:-1","max-image-preview":"max-image-preview:large","max-video-preview":"max-video-preview:-1"},"canonical":"https:\/\/sucredorge-burlesque.com\/fr\/prestations\/","og_locale":"fr_FR","og_type":"article","og_title":"Prestations - Sucre d&#039;Orge","og_description":"Repr\u00e9sentations publiques ou priv\u00e9es, atelier et coaching burlesque, d\u00e9couvrez les prestations de Sucre d'Orge.","og_url":"https:\/\/sucredorge-burlesque.com\/fr\/prestations\/","og_site_name":"Sucre d&#039;Orge","article_modified_time":"2024-12-25T20:16:44+00:00","og_image":[{"width":724,"height":1086,"url":"https:\/\/sucredorge-burlesque.com\/wp-content\/uploads\/2024\/12\/549375AD-14F7-4855-9E9F-1C259AD51214_1_105_c.jpeg","type":"image\/jpeg"}],"twitter_card":"summary_large_image","twitter_misc":{"Dur\u00e9e de lecture estim\u00e9e":"2 minutes"},"schema":{"@context":"https:\/\/schema.org","@graph":[{"@type":"WebPage","@id":"https:\/\/sucredorge-burlesque.com\/fr\/prestations\/","url":"https:\/\/sucredorge-burlesque.com\/fr\/prestations\/","name":"Prestations - Sucre d&#039;Orge","isPartOf":{"@id":"https:\/\/sucredorge-burlesque.com\/fr\/#website"},"primaryImageOfPage":{"@id":"https:\/\/sucredorge-burlesque.com\/fr\/prestations\/#primaryimage"},"image":{"@id":"https:\/\/sucredorge-burlesque.com\/fr\/prestations\/#primaryimage"},"thumbnailUrl":"https:\/\/sucredorge-burlesque.com\/wp-content\/uploads\/2024\/12\/549375AD-14F7-4855-9E9F-1C259AD51214_1_105_c-683x1024.jpeg","datePublished":"2024-12-24T19:46:57+00:00","dateModified":"2024-12-25T20:16:44+00:00","description":"Repr\u00e9sentations publiques ou priv\u00e9es, atelier et coaching burlesque, d\u00e9couvrez les prestations de Sucre d'Orge.","breadcrumb":{"@id":"https:\/\/sucredorge-burlesque.com\/fr\/prestations\/#breadcrumb"},"inLanguage":"fr-FR","potentialAction":[{"@type":"ReadAction","target":["https:\/\/sucredorge-burlesque.com\/fr\/prestations\/"]}]},{"@type":"ImageObject","inLanguage":"fr-FR","@id":"https:\/\/sucredorge-burlesque.com\/fr\/prestations\/#primaryimage","url":"https:\/\/sucredorge-burlesque.com\/wp-content\/uploads\/2024\/12\/549375AD-14F7-4855-9E9F-1C259AD51214_1_105_c-683x1024.jpeg","contentUrl":"https:\/\/sucredorge-burlesque.com\/wp-content\/uploads\/2024\/12\/549375AD-14F7-4855-9E9F-1C259AD51214_1_105_c-683x1024.jpeg"},{"@type":"BreadcrumbList","@id":"https:\/\/sucredorge-burlesque.com\/fr\/prestations\/#breadcrumb","itemListElement":[{"@type":"ListItem","position":1,"name":"Accueil","item":"https:\/\/sucredorge-burlesque.com\/fr\/"},{"@type":"ListItem","position":2,"name":"Prestations"}]},{"@type":"WebSite","@id":"https:\/\/sucredorge-burlesque.com\/fr\/#website","url":"https:\/\/sucredorge-burlesque.com\/fr\/","name":"Sucre d'Orge","description":"","potentialAction":[{"@type":"SearchAction","target":{"@type":"EntryPoint","urlTemplate":"https:\/\/sucredorge-burlesque.com\/fr\/?s={search_term_string}"},"query-input":{"@type":"PropertyValueSpecification","valueRequired":true,"valueName":"search_term_string"}}],"inLanguage":"fr-FR"}]}},"jetpack_sharing_enabled":true,"_links":{"self":[{"href":"https:\/\/sucredorge-burlesque.com\/fr\/wp-json\/wp\/v2\/pages\/19067","targetHints":{"allow":["GET"]}}],"collection":[{"href":"https:\/\/sucredorge-burlesque.com\/fr\/wp-json\/wp\/v2\/pages"}],"about":[{"href":"https:\/\/sucredorge-burlesque.com\/fr\/wp-json\/wp\/v2\/types\/page"}],"author":[{"embeddable":true,"href":"https:\/\/sucredorge-burlesque.com\/fr\/wp-json\/wp\/v2\/users\/2"}],"replies":[{"embeddable":true,"href":"https:\/\/sucredorge-burlesque.com\/fr\/wp-json\/wp\/v2\/comments?post=19067"}],"version-history":[{"count":14,"href":"https:\/\/sucredorge-burlesque.com\/fr\/wp-json\/wp\/v2\/pages\/19067\/revisions"}],"predecessor-version":[{"id":19357,"href":"https:\/\/sucredorge-burlesque.com\/fr\/wp-json\/wp\/v2\/pages\/19067\/revisions\/19357"}],"wp:attachment":[{"href":"https:\/\/sucredorge-burlesque.com\/fr\/wp-json\/wp\/v2\/media?parent=19067"}],"curies":[{"name":"wp","href":"https:\/\/api.w.org\/{rel}","templated":true}]}}