{"id":58,"date":"2024-10-31T19:44:12","date_gmt":"2024-10-31T18:44:12","guid":{"rendered":"http:\/\/sucredorge-burlesque.com\/new\/?page_id=58"},"modified":"2024-12-02T19:31:30","modified_gmt":"2024-12-02T18:31:30","slug":"mentions-legales","status":"publish","type":"page","link":"https:\/\/sucredorge-burlesque.com\/fr\/mentions-legales\/","title":{"rendered":"Mentions l\u00e9gales"},"content":{"rendered":"\n<h2 class=\"wp-block-heading\">Copyright et droit d\u2019auteur<\/h2>\n\n\n\n<p>Les textes de\u00a0ce site sont r\u00e9dig\u00e9s par Sucre\u00a0d&rsquo;Orge.<\/p>\n\n\n\n<p>Les auteurs des photos et des illustrations sont mentionn\u00e9s. Si vous notez un oubli, n\u2019h\u00e9sitez pas \u00e0 me le signaler.<\/p>\n\n\n\n<p>Les images du\u00a0blog \u00ab\u00a0Journal\u00a0\u00bb sont, sauf mention contraire, prises par Sucre\u00a0d&rsquo;Orge (surtout concernant les articles de\u00a0voyages).<\/p>\n\n\n\n<p>Si vous souhaitez faire un usage, non commercial seulement, de\u00a0l\u2019un de\u00a0ces contenus, merci de\u00a0me le signaler au\u00a0pr\u00e9allable et de\u00a0faire figurer le cr\u00e9dit pour chaque photo, illustration ou texte: Sucre\u00a0d&rsquo;Orge, ou \u00ab\u00a0nom du\u00a0contributeur\u00a0\u00bb.<\/p>\n\n\n\n<h2 class=\"wp-block-heading\">Le site<\/h2>\n\n\n\n<p>Le th\u00e8me WordPress a \u00e9t\u00e9 con\u00e7u et d\u00e9velopp\u00e9 sur-mesure par Aline Keller. Les \u00e9l\u00e9ments visuels utilis\u00e9s dans le th\u00e8me (illustrations, motifs d&rsquo;arri\u00e8re-plan) ont \u00e9t\u00e9 cr\u00e9\u00e9 par <a href=\"http:\/\/marieguillaumet.com\/\" target=\"_blank\" rel=\"noreferrer noopener\">Marie Guillaumet<\/a>. Aucune utilisation du th\u00e8me ou des \u00e9l\u00e9ments de design n&rsquo;est autoris\u00e9e.<\/p>\n\n\n\n<p>La photo principale, utilis\u00e9e sur la page d&rsquo;accueil est de<\/p>\n\n\n\n<p>Ce site web est h\u00e9berg\u00e9 par OVH, 2 rue Kellermann, 59100 Roubaix (France).<\/p>\n","protected":false},"excerpt":{"rendered":"<p>Copyright et droit d\u2019auteur Les textes de\u00a0ce site sont r\u00e9dig\u00e9s par Sucre\u00a0d&rsquo;Orge. Les auteurs des photos et des illustrations sont mentionn\u00e9s. Si vous notez un oubli, n\u2019h\u00e9sitez pas \u00e0 me le signaler. Les images du\u00a0blog \u00ab\u00a0Journal\u00a0\u00bb sont, sauf mention contraire, prises par Sucre\u00a0d&rsquo;Orge (surtout concernant les articles de\u00a0voyages). Si vous souhaitez faire un usage, non [&hellip;]<\/p>\n","protected":false},"author":1,"featured_media":0,"parent":0,"menu_order":0,"comment_status":"closed","ping_status":"closed","template":"","meta":{"_acf_changed":false,"footnotes":""},"class_list":["post-58","page","type-page","status-publish","hentry"],"acf":[],"yoast_head":"<!-- This site is optimized with the Yoast SEO plugin v27.2 - https:\/\/yoast.com\/product\/yoast-seo-wordpress\/ -->\n<title>Mentions l\u00e9gales - Sucre d&#039;Orge<\/title>\n<meta name=\"robots\" content=\"index, follow, max-snippet:-1, max-image-preview:large, max-video-preview:-1\" \/>\n<link rel=\"canonical\" href=\"https:\/\/sucredorge-burlesque.com\/fr\/mentions-legales\/\" \/>\n<meta property=\"og:locale\" content=\"fr_FR\" \/>\n<meta property=\"og:type\" content=\"article\" \/>\n<meta property=\"og:title\" content=\"Mentions l\u00e9gales - Sucre d&#039;Orge\" \/>\n<meta property=\"og:description\" content=\"Copyright et droit d\u2019auteur Les textes de\u00a0ce site sont r\u00e9dig\u00e9s par Sucre\u00a0d&rsquo;Orge. Les auteurs des photos et des illustrations sont mentionn\u00e9s. Si vous notez un oubli, n\u2019h\u00e9sitez pas \u00e0 me le signaler. Les images du\u00a0blog \u00ab\u00a0Journal\u00a0\u00bb sont, sauf mention contraire, prises par Sucre\u00a0d&rsquo;Orge (surtout concernant les articles de\u00a0voyages). Si vous souhaitez faire un usage, non [&hellip;]\" \/>\n<meta property=\"og:url\" content=\"https:\/\/sucredorge-burlesque.com\/fr\/mentions-legales\/\" \/>\n<meta property=\"og:site_name\" content=\"Sucre d&#039;Orge\" \/>\n<meta property=\"article:modified_time\" content=\"2024-12-02T18:31:30+00:00\" \/>\n<meta name=\"twitter:card\" content=\"summary_large_image\" \/>\n<meta name=\"twitter:label1\" content=\"Dur\u00e9e de lecture estim\u00e9e\" \/>\n\t<meta name=\"twitter:data1\" content=\"1 minute\" \/>\n<script type=\"application\/ld+json\" class=\"yoast-schema-graph\">{\"@context\":\"https:\/\/schema.org\",\"@graph\":[{\"@type\":\"WebPage\",\"@id\":\"https:\/\/sucredorge-burlesque.com\/fr\/mentions-legales\/\",\"url\":\"https:\/\/sucredorge-burlesque.com\/fr\/mentions-legales\/\",\"name\":\"Mentions l\u00e9gales - Sucre d&#039;Orge\",\"isPartOf\":{\"@id\":\"https:\/\/sucredorge-burlesque.com\/fr\/#website\"},\"datePublished\":\"2024-10-31T18:44:12+00:00\",\"dateModified\":\"2024-12-02T18:31:30+00:00\",\"breadcrumb\":{\"@id\":\"https:\/\/sucredorge-burlesque.com\/fr\/mentions-legales\/#breadcrumb\"},\"inLanguage\":\"fr-FR\",\"potentialAction\":[{\"@type\":\"ReadAction\",\"target\":[\"https:\/\/sucredorge-burlesque.com\/fr\/mentions-legales\/\"]}]},{\"@type\":\"BreadcrumbList\",\"@id\":\"https:\/\/sucredorge-burlesque.com\/fr\/mentions-legales\/#breadcrumb\",\"itemListElement\":[{\"@type\":\"ListItem\",\"position\":1,\"name\":\"Accueil\",\"item\":\"https:\/\/sucredorge-burlesque.com\/fr\/\"},{\"@type\":\"ListItem\",\"position\":2,\"name\":\"Mentions l\u00e9gales\"}]},{\"@type\":\"WebSite\",\"@id\":\"https:\/\/sucredorge-burlesque.com\/fr\/#website\",\"url\":\"https:\/\/sucredorge-burlesque.com\/fr\/\",\"name\":\"Sucre d'Orge\",\"description\":\"\",\"potentialAction\":[{\"@type\":\"SearchAction\",\"target\":{\"@type\":\"EntryPoint\",\"urlTemplate\":\"https:\/\/sucredorge-burlesque.com\/fr\/?s={search_term_string}\"},\"query-input\":{\"@type\":\"PropertyValueSpecification\",\"valueRequired\":true,\"valueName\":\"search_term_string\"}}],\"inLanguage\":\"fr-FR\"}]}<\/script>\n<!-- \/ Yoast SEO plugin. -->","yoast_head_json":{"title":"Mentions l\u00e9gales - Sucre d&#039;Orge","robots":{"index":"index","follow":"follow","max-snippet":"max-snippet:-1","max-image-preview":"max-image-preview:large","max-video-preview":"max-video-preview:-1"},"canonical":"https:\/\/sucredorge-burlesque.com\/fr\/mentions-legales\/","og_locale":"fr_FR","og_type":"article","og_title":"Mentions l\u00e9gales - Sucre d&#039;Orge","og_description":"Copyright et droit d\u2019auteur Les textes de\u00a0ce site sont r\u00e9dig\u00e9s par Sucre\u00a0d&rsquo;Orge. Les auteurs des photos et des illustrations sont mentionn\u00e9s. Si vous notez un oubli, n\u2019h\u00e9sitez pas \u00e0 me le signaler. Les images du\u00a0blog \u00ab\u00a0Journal\u00a0\u00bb sont, sauf mention contraire, prises par Sucre\u00a0d&rsquo;Orge (surtout concernant les articles de\u00a0voyages). Si vous souhaitez faire un usage, non [&hellip;]","og_url":"https:\/\/sucredorge-burlesque.com\/fr\/mentions-legales\/","og_site_name":"Sucre d&#039;Orge","article_modified_time":"2024-12-02T18:31:30+00:00","twitter_card":"summary_large_image","twitter_misc":{"Dur\u00e9e de lecture estim\u00e9e":"1 minute"},"schema":{"@context":"https:\/\/schema.org","@graph":[{"@type":"WebPage","@id":"https:\/\/sucredorge-burlesque.com\/fr\/mentions-legales\/","url":"https:\/\/sucredorge-burlesque.com\/fr\/mentions-legales\/","name":"Mentions l\u00e9gales - Sucre d&#039;Orge","isPartOf":{"@id":"https:\/\/sucredorge-burlesque.com\/fr\/#website"},"datePublished":"2024-10-31T18:44:12+00:00","dateModified":"2024-12-02T18:31:30+00:00","breadcrumb":{"@id":"https:\/\/sucredorge-burlesque.com\/fr\/mentions-legales\/#breadcrumb"},"inLanguage":"fr-FR","potentialAction":[{"@type":"ReadAction","target":["https:\/\/sucredorge-burlesque.com\/fr\/mentions-legales\/"]}]},{"@type":"BreadcrumbList","@id":"https:\/\/sucredorge-burlesque.com\/fr\/mentions-legales\/#breadcrumb","itemListElement":[{"@type":"ListItem","position":1,"name":"Accueil","item":"https:\/\/sucredorge-burlesque.com\/fr\/"},{"@type":"ListItem","position":2,"name":"Mentions l\u00e9gales"}]},{"@type":"WebSite","@id":"https:\/\/sucredorge-burlesque.com\/fr\/#website","url":"https:\/\/sucredorge-burlesque.com\/fr\/","name":"Sucre d'Orge","description":"","potentialAction":[{"@type":"SearchAction","target":{"@type":"EntryPoint","urlTemplate":"https:\/\/sucredorge-burlesque.com\/fr\/?s={search_term_string}"},"query-input":{"@type":"PropertyValueSpecification","valueRequired":true,"valueName":"search_term_string"}}],"inLanguage":"fr-FR"}]}},"jetpack_sharing_enabled":true,"_links":{"self":[{"href":"https:\/\/sucredorge-burlesque.com\/fr\/wp-json\/wp\/v2\/pages\/58","targetHints":{"allow":["GET"]}}],"collection":[{"href":"https:\/\/sucredorge-burlesque.com\/fr\/wp-json\/wp\/v2\/pages"}],"about":[{"href":"https:\/\/sucredorge-burlesque.com\/fr\/wp-json\/wp\/v2\/types\/page"}],"author":[{"embeddable":true,"href":"https:\/\/sucredorge-burlesque.com\/fr\/wp-json\/wp\/v2\/users\/1"}],"replies":[{"embeddable":true,"href":"https:\/\/sucredorge-burlesque.com\/fr\/wp-json\/wp\/v2\/comments?post=58"}],"version-history":[{"count":2,"href":"https:\/\/sucredorge-burlesque.com\/fr\/wp-json\/wp\/v2\/pages\/58\/revisions"}],"predecessor-version":[{"id":1073,"href":"https:\/\/sucredorge-burlesque.com\/fr\/wp-json\/wp\/v2\/pages\/58\/revisions\/1073"}],"wp:attachment":[{"href":"https:\/\/sucredorge-burlesque.com\/fr\/wp-json\/wp\/v2\/media?parent=58"}],"curies":[{"name":"wp","href":"https:\/\/api.w.org\/{rel}","templated":true}]}}