{"id":60,"date":"2024-10-31T19:45:47","date_gmt":"2024-10-31T18:45:47","guid":{"rendered":"http:\/\/sucredorge-burlesque.com\/new\/?page_id=60"},"modified":"2024-12-24T21:51:40","modified_gmt":"2024-12-24T20:51:40","slug":"biographie","status":"publish","type":"page","link":"https:\/\/sucredorge-burlesque.com\/fr\/biographie\/","title":{"rendered":"Biographie"},"content":{"rendered":"\n<div class=\"wp-block-media-text is-stacked-on-mobile\" style=\"grid-template-columns:40% auto\"><figure class=\"wp-block-media-text__media\"><img loading=\"lazy\" decoding=\"async\" width=\"769\" height=\"1024\" src=\"https:\/\/sucredorge-burlesque.com\/wp-content\/uploads\/2024\/10\/Eve-Saint-Ramon-Insta2-769x1024.jpg\" alt=\"\" class=\"wp-image-18558 size-full\" srcset=\"https:\/\/sucredorge-burlesque.com\/wp-content\/uploads\/2024\/10\/Eve-Saint-Ramon-Insta2-769x1024.jpg 769w, https:\/\/sucredorge-burlesque.com\/wp-content\/uploads\/2024\/10\/Eve-Saint-Ramon-Insta2-225x300.jpg 225w, https:\/\/sucredorge-burlesque.com\/wp-content\/uploads\/2024\/10\/Eve-Saint-Ramon-Insta2-768x1023.jpg 768w, https:\/\/sucredorge-burlesque.com\/wp-content\/uploads\/2024\/10\/Eve-Saint-Ramon-Insta2-612x815.jpg 612w, https:\/\/sucredorge-burlesque.com\/wp-content\/uploads\/2024\/10\/Eve-Saint-Ramon-Insta2.jpg 1080w\" sizes=\"auto, (max-width: 769px) 100vw, 769px\" \/><\/figure><div class=\"wp-block-media-text__content\">\n<h2 class=\"wp-block-heading\">Premiers \u00e9mois<\/h2>\n\n\n\n<p>Sucre d&rsquo;Orge rencontre le cabaret pour la premi\u00e8re fois un 31 d\u00e9cembre, lorsqu&rsquo;elle a 7 ans, derri\u00e8re un \u00e9cran de t\u00e9l\u00e9viseur: c&rsquo;est l&rsquo;heure de la diffusion du spectacle du Crazy Horse, une messe de minuit \u00e0 laquelle elle restera fid\u00e8le de nombreuses ann\u00e9es.<\/p>\n\n\n\n<p>10 ans plus tard, apr\u00e8s avoir pris des cours de danse classique et de com\u00e9die musicale, elle d\u00e9couvre le tango argentin et une nouvelle fa\u00e7on de se mouvoir sur talons.<\/p>\n\n\n\n<p class=\"has-small-font-size\">\u00a9 Eve Saint-Ramon<\/p>\n<\/div><\/div>\n\n\n\n<div class=\"wp-block-media-text has-media-on-the-right is-stacked-on-mobile\" style=\"grid-template-columns:auto 40%\"><div class=\"wp-block-media-text__content\">\n<h2 class=\"wp-block-heading\">En sc\u00e8ne<\/h2>\n\n\n\n<p>En 2009, elle fait un pied de nez \u00e0 la morosit\u00e9 ambiante de la crise financi\u00e8re en franchissant les portes des premi\u00e8res soir\u00e9es burlesque parisiennes. De fil en aiguille elle cr\u00e9e ses premiers num\u00e9ros au China Club avec la Petite Cours des Astres, puis rejoint les soir\u00e9es de Miss Glitter Painkiller et Valentina del Pearls. Elle monte les samedis soir sur le podium du Raspoutine, se fait inviter pour les premiers grands bals de Versailles, et fait des apparitions dans moultes soir\u00e9es priv\u00e9es gr\u00e2ce \u00e0 Marion Boucard et \u00e0 sa soci\u00e9t\u00e9 d&rsquo;\u00e9v\u00e9nementiel Brand Contente (Canal+, Dior, &#8230;). Elle rejoint bient\u00f4t la troupe du Burlesque Klub de Valentina del Pearls avec qui elle participe de nombreuses fois au festival d&rsquo;Avignon.<\/p>\n\n\n\n<p>Elle se produit aussi \u00e0 l&rsquo;\u00e9tranger, de la Belgique \u00e0 l&rsquo;Australie, en passant par l&rsquo;Italie, l&rsquo;Allemagne, la Su\u00e8de, la Norv\u00e8ge, les Etats-Unis, la Chine&#8230;<\/p>\n\n\n\n<p class=\"has-small-font-size\">\u00a9 Shot by Alexandra <\/p>\n<\/div><figure class=\"wp-block-media-text__media\"><img loading=\"lazy\" decoding=\"async\" width=\"683\" height=\"1024\" src=\"https:\/\/sucredorge-burlesque.com\/wp-content\/uploads\/2024\/10\/Shot-by-Alexandra-2577-683x1024.jpg\" alt=\"\" class=\"wp-image-18480 size-full\" srcset=\"https:\/\/sucredorge-burlesque.com\/wp-content\/uploads\/2024\/10\/Shot-by-Alexandra-2577-683x1024.jpg 683w, https:\/\/sucredorge-burlesque.com\/wp-content\/uploads\/2024\/10\/Shot-by-Alexandra-2577-200x300.jpg 200w, https:\/\/sucredorge-burlesque.com\/wp-content\/uploads\/2024\/10\/Shot-by-Alexandra-2577-768x1152.jpg 768w, https:\/\/sucredorge-burlesque.com\/wp-content\/uploads\/2024\/10\/Shot-by-Alexandra-2577-1024x1536.jpg 1024w, https:\/\/sucredorge-burlesque.com\/wp-content\/uploads\/2024\/10\/Shot-by-Alexandra-2577-560x840.jpg 560w, https:\/\/sucredorge-burlesque.com\/wp-content\/uploads\/2024\/10\/Shot-by-Alexandra-2577-400x600.jpg 400w, https:\/\/sucredorge-burlesque.com\/wp-content\/uploads\/2024\/10\/Shot-by-Alexandra-2577-612x918.jpg 612w, https:\/\/sucredorge-burlesque.com\/wp-content\/uploads\/2024\/10\/Shot-by-Alexandra-2577.jpg 1067w\" sizes=\"auto, (max-width: 683px) 100vw, 683px\" \/><\/figure><\/div>\n\n\n\n<div class=\"wp-block-media-text is-stacked-on-mobile\"><figure class=\"wp-block-media-text__media\"><img loading=\"lazy\" decoding=\"async\" width=\"768\" height=\"1024\" src=\"https:\/\/sucredorge-burlesque.com\/wp-content\/uploads\/2024\/11\/UJDLT-Renaissance-Luth-Marine-05-1-768x1024.webp\" alt=\"\" class=\"wp-image-144 size-full\" srcset=\"https:\/\/sucredorge-burlesque.com\/wp-content\/uploads\/2024\/11\/UJDLT-Renaissance-Luth-Marine-05-1-768x1024.webp 768w, https:\/\/sucredorge-burlesque.com\/wp-content\/uploads\/2024\/11\/UJDLT-Renaissance-Luth-Marine-05-1-225x300.webp 225w, https:\/\/sucredorge-burlesque.com\/wp-content\/uploads\/2024\/11\/UJDLT-Renaissance-Luth-Marine-05-1-1152x1536.webp 1152w, https:\/\/sucredorge-burlesque.com\/wp-content\/uploads\/2024\/11\/UJDLT-Renaissance-Luth-Marine-05-1-612x816.webp 612w, https:\/\/sucredorge-burlesque.com\/wp-content\/uploads\/2024\/11\/UJDLT-Renaissance-Luth-Marine-05-1.webp 1500w\" sizes=\"auto, (max-width: 768px) 100vw, 768px\" \/><\/figure><div class=\"wp-block-media-text__content\">\n<h2 class=\"wp-block-heading\">Au luth<\/h2>\n\n\n\n<p>En 2017, elle adopte un luth renaissance, et apr\u00e8s quelques temps d&rsquo;apprentissage, son comparse Kim Giani lui propose d&rsquo;en jouer sur sc\u00e8ne. Elle se lance dans la cr\u00e9ation d&rsquo;un r\u00e9cital polisson de luth o\u00f9 le rire ferait oublier et pardonner toute fausset\u00e9 musicale. Encourag\u00e9e par le public \u00e0 profaner de plus belle la musique enchienne, elle sort son luth d\u00e8s que possible sur les sc\u00e8nes des cabarets qui l&rsquo;invitent et propose en 2023 \u00e0 la Divine Com\u00e9die un seule en sc\u00e8ne d&rsquo;1h20 \u00ab\u00a0Sucre d&rsquo;Orge vous montre son luth\u00a0\u00bb, sous le regard avis\u00e9 de Clara Brajtman.<\/p>\n\n\n\n<p>Citons parmi les cabarets particuli\u00e8rement friands de ses \u00e9carts de conduites le Cabaret Mademoiselle (Bruxelles), La Barbichette (ex Cabaret Le Secret de Monsieur K, Paris) et le Cabaret de Poussi\u00e8re de Martin Dust (Paris).<\/p>\n<\/div><\/div>\n\n\n\n<div class=\"wp-block-media-text has-media-on-the-right is-stacked-on-mobile\"><div class=\"wp-block-media-text__content\">\n<h2 class=\"wp-block-heading\">En chansons<\/h2>\n\n\n\n<p>Sucre d&rsquo;Orge pose parfois son luth pour chanter son r\u00e9pertoire de pr\u00e9dilection: le jazz d&rsquo;entre deux guerre. Pendant plus d&rsquo;un an elle chante chaque semaine au Victoria (Paris 8\u00e8me) pour la Velvet Dinner Party et anime les r\u00e9veillons \u00e0 la Maison du Caviar (Paris 8\u00e8me) et au Deauville (&#8230;\u00e0 Deauville) pour le groupe Beaumarly. Elle chante aussi lors du pr\u00e9-show du Cabaret Canaille de Valentina Del Pearls au Th\u00e9\u00e2tre Michel tous les dimanches soir. <\/p>\n\n\n\n<p>Elle remplace par ailleurs Cl\u00e9o S\u00e9nia dans son duo des Soeurs Papilles, lorsque cette derni\u00e8re est en tourn\u00e9e, pour les conf\u00e9rences spectacles aux Belles Poules (rue Blondel, Paris).<\/p>\n\n\n\n<p class=\"has-small-font-size\">\u00a9 Clementine Art Gallery<\/p>\n<\/div><figure class=\"wp-block-media-text__media\"><img loading=\"lazy\" decoding=\"async\" width=\"594\" height=\"1024\" src=\"https:\/\/sucredorge-burlesque.com\/wp-content\/uploads\/2024\/10\/clementine_art_gallery346-594x1024.jpg\" alt=\"\" class=\"wp-image-18500 size-full\" srcset=\"https:\/\/sucredorge-burlesque.com\/wp-content\/uploads\/2024\/10\/clementine_art_gallery346-594x1024.jpg 594w, https:\/\/sucredorge-burlesque.com\/wp-content\/uploads\/2024\/10\/clementine_art_gallery346-174x300.jpg 174w, https:\/\/sucredorge-burlesque.com\/wp-content\/uploads\/2024\/10\/clementine_art_gallery346-768x1324.jpg 768w, https:\/\/sucredorge-burlesque.com\/wp-content\/uploads\/2024\/10\/clementine_art_gallery346-891x1536.jpg 891w, https:\/\/sucredorge-burlesque.com\/wp-content\/uploads\/2024\/10\/clementine_art_gallery346-612x1055.jpg 612w, https:\/\/sucredorge-burlesque.com\/wp-content\/uploads\/2024\/10\/clementine_art_gallery346.jpg 928w\" sizes=\"auto, (max-width: 594px) 100vw, 594px\" \/><\/figure><\/div>\n\n\n\n<div class=\"wp-block-media-text is-stacked-on-mobile\"><figure class=\"wp-block-media-text__media\"><img loading=\"lazy\" decoding=\"async\" width=\"682\" height=\"1024\" src=\"https:\/\/sucredorge-burlesque.com\/wp-content\/uploads\/2024\/10\/Conteur-dhistoire_2271-682x1024.jpg\" alt=\"\" class=\"wp-image-18512 size-full\" srcset=\"https:\/\/sucredorge-burlesque.com\/wp-content\/uploads\/2024\/10\/Conteur-dhistoire_2271-682x1024.jpg 682w, https:\/\/sucredorge-burlesque.com\/wp-content\/uploads\/2024\/10\/Conteur-dhistoire_2271-200x300.jpg 200w, https:\/\/sucredorge-burlesque.com\/wp-content\/uploads\/2024\/10\/Conteur-dhistoire_2271-768x1154.jpg 768w, https:\/\/sucredorge-burlesque.com\/wp-content\/uploads\/2024\/10\/Conteur-dhistoire_2271-1022x1536.jpg 1022w, https:\/\/sucredorge-burlesque.com\/wp-content\/uploads\/2024\/10\/Conteur-dhistoire_2271-560x840.jpg 560w, https:\/\/sucredorge-burlesque.com\/wp-content\/uploads\/2024\/10\/Conteur-dhistoire_2271-400x600.jpg 400w, https:\/\/sucredorge-burlesque.com\/wp-content\/uploads\/2024\/10\/Conteur-dhistoire_2271-612x919.jpg 612w, https:\/\/sucredorge-burlesque.com\/wp-content\/uploads\/2024\/10\/Conteur-dhistoire_2271.jpg 1065w\" sizes=\"auto, (max-width: 682px) 100vw, 682px\" \/><\/figure><div class=\"wp-block-media-text__content\">\n<h2 class=\"wp-block-heading\">Hors sc\u00e8ne<\/h2>\n\n\n\n<p>Sucre d&rsquo;Orge photographie les coulisses des cabarets o\u00f9 elle se produit sous le nom de Marine Orlova, pour voir ses photos <a href=\"https:\/\/marineorlova.com\/\" target=\"_blank\" rel=\"noreferrer noopener\">cliquez ici<\/a>.<\/p>\n\n\n\n<p>Elle prend aussi le pinceau pour peindre des aquarelles frivoles sous le nom de l&rsquo;Amante \u00e0 l&rsquo;eau, \u00e0 d\u00e9couvrir <a href=\"https:\/\/www.instagram.com\/l.amante.a.l.eau\/\" target=\"_blank\" rel=\"noreferrer noopener\">par ici<\/a>.<\/p>\n\n\n\n<p>Enfin, elle ne se lasse pas d&rsquo;apprendre le mandarin, toujours pr\u00eate \u00e0 r\u00e9viser ses caract\u00e8res, dans un train, entre deux num\u00e9ros ou le soir sur l&rsquo;oreiller, persuad\u00e9e qu&rsquo;un jour cela lui sera utile.<\/p>\n\n\n\n<p class=\"has-small-font-size\">\u00a9 Conteur d&rsquo;histoire<\/p>\n<\/div><\/div>\n","protected":false},"excerpt":{"rendered":"<p>Premiers \u00e9mois Sucre d&rsquo;Orge rencontre le cabaret pour la premi\u00e8re fois un 31 d\u00e9cembre, lorsqu&rsquo;elle a 7 ans, derri\u00e8re un \u00e9cran de t\u00e9l\u00e9viseur: c&rsquo;est l&rsquo;heure de la diffusion du spectacle du Crazy Horse, une messe de minuit \u00e0 laquelle elle restera fid\u00e8le de nombreuses ann\u00e9es. 10 ans plus tard, apr\u00e8s avoir pris des cours de [&hellip;]<\/p>\n","protected":false},"author":1,"featured_media":0,"parent":0,"menu_order":0,"comment_status":"closed","ping_status":"closed","template":"","meta":{"_acf_changed":false,"footnotes":""},"class_list":["post-60","page","type-page","status-publish","hentry"],"acf":[],"yoast_head":"<!-- This site is optimized with the Yoast SEO plugin v27.2 - https:\/\/yoast.com\/product\/yoast-seo-wordpress\/ -->\n<title>Biographie - Sucre d&#039;Orge<\/title>\n<meta name=\"robots\" content=\"index, follow, max-snippet:-1, max-image-preview:large, max-video-preview:-1\" \/>\n<link rel=\"canonical\" href=\"https:\/\/sucredorge-burlesque.com\/fr\/biographie\/\" \/>\n<meta property=\"og:locale\" content=\"fr_FR\" \/>\n<meta property=\"og:type\" content=\"article\" \/>\n<meta property=\"og:title\" content=\"Biographie - Sucre d&#039;Orge\" \/>\n<meta property=\"og:description\" content=\"Premiers \u00e9mois Sucre d&rsquo;Orge rencontre le cabaret pour la premi\u00e8re fois un 31 d\u00e9cembre, lorsqu&rsquo;elle a 7 ans, derri\u00e8re un \u00e9cran de t\u00e9l\u00e9viseur: c&rsquo;est l&rsquo;heure de la diffusion du spectacle du Crazy Horse, une messe de minuit \u00e0 laquelle elle restera fid\u00e8le de nombreuses ann\u00e9es. 10 ans plus tard, apr\u00e8s avoir pris des cours de [&hellip;]\" \/>\n<meta property=\"og:url\" content=\"https:\/\/sucredorge-burlesque.com\/fr\/biographie\/\" \/>\n<meta property=\"og:site_name\" content=\"Sucre d&#039;Orge\" \/>\n<meta property=\"article:modified_time\" content=\"2024-12-24T20:51:40+00:00\" \/>\n<meta property=\"og:image\" content=\"https:\/\/sucredorge-burlesque.com\/wp-content\/uploads\/2024\/10\/Eve-Saint-Ramon-Insta2.jpg\" \/>\n\t<meta property=\"og:image:width\" content=\"1080\" \/>\n\t<meta property=\"og:image:height\" content=\"1439\" \/>\n\t<meta property=\"og:image:type\" content=\"image\/jpeg\" \/>\n<meta name=\"twitter:card\" content=\"summary_large_image\" \/>\n<meta name=\"twitter:label1\" content=\"Dur\u00e9e de lecture estim\u00e9e\" \/>\n\t<meta name=\"twitter:data1\" content=\"4 minutes\" \/>\n<script type=\"application\/ld+json\" class=\"yoast-schema-graph\">{\"@context\":\"https:\/\/schema.org\",\"@graph\":[{\"@type\":\"WebPage\",\"@id\":\"https:\/\/sucredorge-burlesque.com\/fr\/biographie\/\",\"url\":\"https:\/\/sucredorge-burlesque.com\/fr\/biographie\/\",\"name\":\"Biographie - Sucre d&#039;Orge\",\"isPartOf\":{\"@id\":\"https:\/\/sucredorge-burlesque.com\/fr\/#website\"},\"primaryImageOfPage\":{\"@id\":\"https:\/\/sucredorge-burlesque.com\/fr\/biographie\/#primaryimage\"},\"image\":{\"@id\":\"https:\/\/sucredorge-burlesque.com\/fr\/biographie\/#primaryimage\"},\"thumbnailUrl\":\"https:\/\/sucredorge-burlesque.com\/wp-content\/uploads\/2024\/10\/Eve-Saint-Ramon-Insta2-769x1024.jpg\",\"datePublished\":\"2024-10-31T18:45:47+00:00\",\"dateModified\":\"2024-12-24T20:51:40+00:00\",\"breadcrumb\":{\"@id\":\"https:\/\/sucredorge-burlesque.com\/fr\/biographie\/#breadcrumb\"},\"inLanguage\":\"fr-FR\",\"potentialAction\":[{\"@type\":\"ReadAction\",\"target\":[\"https:\/\/sucredorge-burlesque.com\/fr\/biographie\/\"]}]},{\"@type\":\"ImageObject\",\"inLanguage\":\"fr-FR\",\"@id\":\"https:\/\/sucredorge-burlesque.com\/fr\/biographie\/#primaryimage\",\"url\":\"https:\/\/sucredorge-burlesque.com\/wp-content\/uploads\/2024\/10\/Eve-Saint-Ramon-Insta2-769x1024.jpg\",\"contentUrl\":\"https:\/\/sucredorge-burlesque.com\/wp-content\/uploads\/2024\/10\/Eve-Saint-Ramon-Insta2-769x1024.jpg\"},{\"@type\":\"BreadcrumbList\",\"@id\":\"https:\/\/sucredorge-burlesque.com\/fr\/biographie\/#breadcrumb\",\"itemListElement\":[{\"@type\":\"ListItem\",\"position\":1,\"name\":\"Accueil\",\"item\":\"https:\/\/sucredorge-burlesque.com\/fr\/\"},{\"@type\":\"ListItem\",\"position\":2,\"name\":\"Biographie\"}]},{\"@type\":\"WebSite\",\"@id\":\"https:\/\/sucredorge-burlesque.com\/fr\/#website\",\"url\":\"https:\/\/sucredorge-burlesque.com\/fr\/\",\"name\":\"Sucre d'Orge\",\"description\":\"\",\"potentialAction\":[{\"@type\":\"SearchAction\",\"target\":{\"@type\":\"EntryPoint\",\"urlTemplate\":\"https:\/\/sucredorge-burlesque.com\/fr\/?s={search_term_string}\"},\"query-input\":{\"@type\":\"PropertyValueSpecification\",\"valueRequired\":true,\"valueName\":\"search_term_string\"}}],\"inLanguage\":\"fr-FR\"}]}<\/script>\n<!-- \/ Yoast SEO plugin. -->","yoast_head_json":{"title":"Biographie - Sucre d&#039;Orge","robots":{"index":"index","follow":"follow","max-snippet":"max-snippet:-1","max-image-preview":"max-image-preview:large","max-video-preview":"max-video-preview:-1"},"canonical":"https:\/\/sucredorge-burlesque.com\/fr\/biographie\/","og_locale":"fr_FR","og_type":"article","og_title":"Biographie - Sucre d&#039;Orge","og_description":"Premiers \u00e9mois Sucre d&rsquo;Orge rencontre le cabaret pour la premi\u00e8re fois un 31 d\u00e9cembre, lorsqu&rsquo;elle a 7 ans, derri\u00e8re un \u00e9cran de t\u00e9l\u00e9viseur: c&rsquo;est l&rsquo;heure de la diffusion du spectacle du Crazy Horse, une messe de minuit \u00e0 laquelle elle restera fid\u00e8le de nombreuses ann\u00e9es. 10 ans plus tard, apr\u00e8s avoir pris des cours de [&hellip;]","og_url":"https:\/\/sucredorge-burlesque.com\/fr\/biographie\/","og_site_name":"Sucre d&#039;Orge","article_modified_time":"2024-12-24T20:51:40+00:00","og_image":[{"width":1080,"height":1439,"url":"https:\/\/sucredorge-burlesque.com\/wp-content\/uploads\/2024\/10\/Eve-Saint-Ramon-Insta2.jpg","type":"image\/jpeg"}],"twitter_card":"summary_large_image","twitter_misc":{"Dur\u00e9e de lecture estim\u00e9e":"4 minutes"},"schema":{"@context":"https:\/\/schema.org","@graph":[{"@type":"WebPage","@id":"https:\/\/sucredorge-burlesque.com\/fr\/biographie\/","url":"https:\/\/sucredorge-burlesque.com\/fr\/biographie\/","name":"Biographie - Sucre d&#039;Orge","isPartOf":{"@id":"https:\/\/sucredorge-burlesque.com\/fr\/#website"},"primaryImageOfPage":{"@id":"https:\/\/sucredorge-burlesque.com\/fr\/biographie\/#primaryimage"},"image":{"@id":"https:\/\/sucredorge-burlesque.com\/fr\/biographie\/#primaryimage"},"thumbnailUrl":"https:\/\/sucredorge-burlesque.com\/wp-content\/uploads\/2024\/10\/Eve-Saint-Ramon-Insta2-769x1024.jpg","datePublished":"2024-10-31T18:45:47+00:00","dateModified":"2024-12-24T20:51:40+00:00","breadcrumb":{"@id":"https:\/\/sucredorge-burlesque.com\/fr\/biographie\/#breadcrumb"},"inLanguage":"fr-FR","potentialAction":[{"@type":"ReadAction","target":["https:\/\/sucredorge-burlesque.com\/fr\/biographie\/"]}]},{"@type":"ImageObject","inLanguage":"fr-FR","@id":"https:\/\/sucredorge-burlesque.com\/fr\/biographie\/#primaryimage","url":"https:\/\/sucredorge-burlesque.com\/wp-content\/uploads\/2024\/10\/Eve-Saint-Ramon-Insta2-769x1024.jpg","contentUrl":"https:\/\/sucredorge-burlesque.com\/wp-content\/uploads\/2024\/10\/Eve-Saint-Ramon-Insta2-769x1024.jpg"},{"@type":"BreadcrumbList","@id":"https:\/\/sucredorge-burlesque.com\/fr\/biographie\/#breadcrumb","itemListElement":[{"@type":"ListItem","position":1,"name":"Accueil","item":"https:\/\/sucredorge-burlesque.com\/fr\/"},{"@type":"ListItem","position":2,"name":"Biographie"}]},{"@type":"WebSite","@id":"https:\/\/sucredorge-burlesque.com\/fr\/#website","url":"https:\/\/sucredorge-burlesque.com\/fr\/","name":"Sucre d'Orge","description":"","potentialAction":[{"@type":"SearchAction","target":{"@type":"EntryPoint","urlTemplate":"https:\/\/sucredorge-burlesque.com\/fr\/?s={search_term_string}"},"query-input":{"@type":"PropertyValueSpecification","valueRequired":true,"valueName":"search_term_string"}}],"inLanguage":"fr-FR"}]}},"jetpack_sharing_enabled":true,"_links":{"self":[{"href":"https:\/\/sucredorge-burlesque.com\/fr\/wp-json\/wp\/v2\/pages\/60","targetHints":{"allow":["GET"]}}],"collection":[{"href":"https:\/\/sucredorge-burlesque.com\/fr\/wp-json\/wp\/v2\/pages"}],"about":[{"href":"https:\/\/sucredorge-burlesque.com\/fr\/wp-json\/wp\/v2\/types\/page"}],"author":[{"embeddable":true,"href":"https:\/\/sucredorge-burlesque.com\/fr\/wp-json\/wp\/v2\/users\/1"}],"replies":[{"embeddable":true,"href":"https:\/\/sucredorge-burlesque.com\/fr\/wp-json\/wp\/v2\/comments?post=60"}],"version-history":[{"count":25,"href":"https:\/\/sucredorge-burlesque.com\/fr\/wp-json\/wp\/v2\/pages\/60\/revisions"}],"predecessor-version":[{"id":19095,"href":"https:\/\/sucredorge-burlesque.com\/fr\/wp-json\/wp\/v2\/pages\/60\/revisions\/19095"}],"wp:attachment":[{"href":"https:\/\/sucredorge-burlesque.com\/fr\/wp-json\/wp\/v2\/media?parent=60"}],"curies":[{"name":"wp","href":"https:\/\/api.w.org\/{rel}","templated":true}]}}