{"id":64,"date":"2024-10-31T19:46:26","date_gmt":"2024-10-31T18:46:26","guid":{"rendered":"http:\/\/sucredorge-burlesque.com\/new\/?page_id=64"},"modified":"2026-03-30T12:09:17","modified_gmt":"2026-03-30T10:09:17","slug":"references","status":"publish","type":"page","link":"https:\/\/sucredorge-burlesque.com\/fr\/references\/","title":{"rendered":"R\u00e9f\u00e9rences"},"content":{"rendered":"\n<h2 class=\"wp-block-heading\">Effeuillage Burlesque<\/h2>\n\n\n\n<div class=\"wp-block-media-text is-stacked-on-mobile\" style=\"grid-template-columns:40% auto\"><figure class=\"wp-block-media-text__media\"><img loading=\"lazy\" decoding=\"async\" width=\"675\" height=\"1024\" src=\"https:\/\/sucredorge-burlesque.com\/wp-content\/uploads\/2024\/10\/SucreDorge-Yago-10-675x1024.jpg\" alt=\"\" class=\"wp-image-18524 size-full\" srcset=\"https:\/\/sucredorge-burlesque.com\/wp-content\/uploads\/2024\/10\/SucreDorge-Yago-10-675x1024.jpg 675w, https:\/\/sucredorge-burlesque.com\/wp-content\/uploads\/2024\/10\/SucreDorge-Yago-10-198x300.jpg 198w, https:\/\/sucredorge-burlesque.com\/wp-content\/uploads\/2024\/10\/SucreDorge-Yago-10-768x1165.jpg 768w, https:\/\/sucredorge-burlesque.com\/wp-content\/uploads\/2024\/10\/SucreDorge-Yago-10-1013x1536.jpg 1013w, https:\/\/sucredorge-burlesque.com\/wp-content\/uploads\/2024\/10\/SucreDorge-Yago-10-612x928.jpg 612w, https:\/\/sucredorge-burlesque.com\/wp-content\/uploads\/2024\/10\/SucreDorge-Yago-10.jpg 1055w\" sizes=\"auto, (max-width: 675px) 100vw, 675px\" \/><\/figure><div class=\"wp-block-media-text__content\">\n<h3 class=\"wp-block-heading has-small-font-size\">A paris:<\/h3>\n\n\n\n<p>Le Cabaret Burlesque (sur la p\u00e9niche de la Nouvelle Seine et au Rouge Gorge lors du festival d&rsquo;Avingon), le cabaret Canaille (th\u00e9\u00e2tre Michel), La Barbichette (\u00e0 la Machine du Moulin Rouge), les Velvet Dinners (au Victoria puis au Boeuf sur le toit), le Cabaret de Poussi\u00e8re, La Bouche, Le Carnaval du Ch\u00e2teau de Versailles, la f\u00eate de la danse de Blanca Li et les cabarets de Blanca Li chez Maxim&rsquo;s, Le Divan Japonais (chez Madame Arthur), le Boudoir des Muses (DA Maud Amour dans l&rsquo;h\u00f4tel du Boudoir des Muses), le Secret (au Truc du P\u00e8re Lachaise), la Glitter Fever de Miss Glitter Painkiller, le Silencio, le Raspoutine, le Carmen, la Petite Cour des Astres,&#8230;<\/p>\n\n\n\n<h3 class=\"wp-block-heading has-small-font-size\">En France:<\/h3>\n\n\n\n<p>Le Cabaret Burlesque au Rouge Gorge Avignon lors des festival d&rsquo;Avignon, mais aussi en tourn\u00e9e dans toute la France, le Scandal des fr\u00e8res Pourcels (Montpellier), le Papagayo (Saint-Tropez), &#8230;<\/p>\n\n\n\n<p class=\"has-small-font-size\">\u00a9 Katherine Chulkova<\/p>\n<\/div><\/div>\n\n\n\n<div class=\"wp-block-media-text has-media-on-the-right is-stacked-on-mobile\" style=\"grid-template-columns:auto 40%\"><div class=\"wp-block-media-text__content\">\n<h3 class=\"wp-block-heading has-small-font-size\">En Europe:<\/h3>\n\n\n\n<p>Le Cabaret Mademoiselle (Bruxelles), le Sassy Cabaret (Bruxelles), le Bizz&rsquo;Art Show (Belgique), Voodoo de Luxe (Milan, Italie), Frauke Fraulein Show et Stockholm burlesque festival (Stockholm, Su\u00e8de), Secret Follies (Suisse), Blue Moon Cabaret, Casa do Alejandro (Lisbonne, Portugal), Wilton Theatre (Londres), &#8230;<\/p>\n\n\n\n<h3 class=\"wp-block-heading has-small-font-size\">Dans le monde:<\/h3>\n\n\n\n<p>L&rsquo;Or Espresso avec le Burlesque Klub (Sydney, Australie), soir\u00e9es cabarets en Chine (the Pearl, Shanghai et Modernista, Beijing), Gemini &amp; Scorpio (New York), &#8230;<\/p>\n\n\n\n<p class=\"has-small-font-size\">\u00a9 Conteur d&rsquo;histoire<\/p>\n<\/div><figure class=\"wp-block-media-text__media\"><img loading=\"lazy\" decoding=\"async\" width=\"682\" height=\"1024\" src=\"https:\/\/sucredorge-burlesque.com\/wp-content\/uploads\/2024\/10\/DSC_1953-682x1024.jpg\" alt=\"\" class=\"wp-image-18516 size-full\" srcset=\"https:\/\/sucredorge-burlesque.com\/wp-content\/uploads\/2024\/10\/DSC_1953-682x1024.jpg 682w, https:\/\/sucredorge-burlesque.com\/wp-content\/uploads\/2024\/10\/DSC_1953-200x300.jpg 200w, https:\/\/sucredorge-burlesque.com\/wp-content\/uploads\/2024\/10\/DSC_1953-768x1154.jpg 768w, https:\/\/sucredorge-burlesque.com\/wp-content\/uploads\/2024\/10\/DSC_1953-1022x1536.jpg 1022w, https:\/\/sucredorge-burlesque.com\/wp-content\/uploads\/2024\/10\/DSC_1953-560x840.jpg 560w, https:\/\/sucredorge-burlesque.com\/wp-content\/uploads\/2024\/10\/DSC_1953-400x600.jpg 400w, https:\/\/sucredorge-burlesque.com\/wp-content\/uploads\/2024\/10\/DSC_1953-612x919.jpg 612w, https:\/\/sucredorge-burlesque.com\/wp-content\/uploads\/2024\/10\/DSC_1953.jpg 1065w\" sizes=\"auto, (max-width: 682px) 100vw, 682px\" \/><\/figure><\/div>\n\n\n\n<h2 class=\"wp-block-heading\">\u00e9v\u00e9nementiel<\/h2>\n\n\n\n<div class=\"wp-block-media-text is-stacked-on-mobile\"><figure class=\"wp-block-media-text__media\"><img loading=\"lazy\" decoding=\"async\" width=\"960\" height=\"640\" src=\"https:\/\/sucredorge-burlesque.com\/wp-content\/uploads\/2024\/12\/1907648_10152425974318948_786058456575627882_n.jpg\" alt=\"\" class=\"wp-image-18740 size-full\" srcset=\"https:\/\/sucredorge-burlesque.com\/wp-content\/uploads\/2024\/12\/1907648_10152425974318948_786058456575627882_n.jpg 960w, https:\/\/sucredorge-burlesque.com\/wp-content\/uploads\/2024\/12\/1907648_10152425974318948_786058456575627882_n-300x200.jpg 300w, https:\/\/sucredorge-burlesque.com\/wp-content\/uploads\/2024\/12\/1907648_10152425974318948_786058456575627882_n-768x512.jpg 768w, https:\/\/sucredorge-burlesque.com\/wp-content\/uploads\/2024\/12\/1907648_10152425974318948_786058456575627882_n-840x560.jpg 840w, https:\/\/sucredorge-burlesque.com\/wp-content\/uploads\/2024\/12\/1907648_10152425974318948_786058456575627882_n-600x400.jpg 600w, https:\/\/sucredorge-burlesque.com\/wp-content\/uploads\/2024\/12\/1907648_10152425974318948_786058456575627882_n-612x408.jpg 612w\" sizes=\"auto, (max-width: 960px) 100vw, 960px\" \/><\/figure><div class=\"wp-block-media-text__content\">\n<p>Quelques uns des \u00e9v\u00e9nements priv\u00e9s o\u00f9 Sucre d&rsquo;Orge s&rsquo;est produite :<\/p>\n\n\n\n<ul class=\"wp-block-list\">\n<li>Lancements de parfum pour Penhaligon&rsquo;s (<em>Juniper Sling, Tralala<\/em>)<\/li>\n\n\n\n<li>L&rsquo;Or Espresso (2018 Sydney, Australie) avec Le Burlesque Klub<\/li>\n\n\n\n<li>Soir\u00e9es Canal+ (Paris et Cannes), Bal Dior (2018 \u00e0 Paris, Shanghai), animations de No\u00ebl au Printemps et \u00e0 la Samaritaine, &#8230;Sous la houlette de l&rsquo;agence Brand Contente.<\/li>\n<\/ul>\n<\/div><\/div>\n\n\n\n<h2 class=\"wp-block-heading\">Musique<\/h2>\n\n\n\n<div class=\"wp-block-media-text has-media-on-the-right is-stacked-on-mobile\" style=\"grid-template-columns:auto 40%\"><div class=\"wp-block-media-text__content\">\n<h3 class=\"wp-block-heading has-small-font-size\">Chant<\/h3>\n\n\n\n<ul class=\"wp-block-list\">\n<li>Chanteuse solo en 2023 et 2024 pour les soir\u00e9es Velvet Dinner au Victoria (Paris)<\/li>\n\n\n\n<li>En pr\u00e9-show immersif au Cabaret Canaille (th\u00e9\u00e2tre Michel, Paris)<\/li>\n\n\n\n<li>Chanteuse solo \u00e0 la Maison du Caviar (31\/12\/2024)<\/li>\n\n\n\n<li>En duo avec les Soeurs Papilles en remplacement de Cl\u00e9o S\u00e9nia aux Belles Poules.<\/li>\n<\/ul>\n\n\n\n<h3 class=\"wp-block-heading has-small-font-size\">Seule en sc\u00e8ne \u00ab\u00a0Sucre d&rsquo;Orge vous montre son luth\u00a0\u00bb<\/h3>\n\n\n\n<p>2023 : 8 dates \u00e0 la Divine Com\u00e9die (Paris)<\/p>\n\n\n\n<p>2024: Festival les Clopes (Montreuil), Cave de Bleu L\u00e9zard (Lausanne, Suisse)<\/p>\n\n\n\n<p>2025: Lyon, Rouen, \u00e0 suivre!<\/p>\n\n\n\n<p class=\"has-small-font-size\">\u00a9 Eve Saint-Ramon<\/p>\n<\/div><figure class=\"wp-block-media-text__media\"><img loading=\"lazy\" decoding=\"async\" width=\"768\" height=\"1024\" src=\"https:\/\/sucredorge-burlesque.com\/wp-content\/uploads\/2024\/10\/DSC9829-768x1024.jpg\" alt=\"\" class=\"wp-image-18554 size-full\" srcset=\"https:\/\/sucredorge-burlesque.com\/wp-content\/uploads\/2024\/10\/DSC9829-768x1024.jpg 768w, https:\/\/sucredorge-burlesque.com\/wp-content\/uploads\/2024\/10\/DSC9829-225x300.jpg 225w, https:\/\/sucredorge-burlesque.com\/wp-content\/uploads\/2024\/10\/DSC9829-612x816.jpg 612w, https:\/\/sucredorge-burlesque.com\/wp-content\/uploads\/2024\/10\/DSC9829.jpg 1080w\" sizes=\"auto, (max-width: 768px) 100vw, 768px\" \/><\/figure><\/div>\n\n\n\n<h2 class=\"wp-block-heading\">Tournages et mod\u00e8le photo &#8211; dessin<\/h2>\n\n\n\n<div class=\"wp-block-media-text is-stacked-on-mobile\" style=\"grid-template-columns:40% auto\"><figure class=\"wp-block-media-text__media\"><img loading=\"lazy\" decoding=\"async\" width=\"683\" height=\"1024\" src=\"https:\/\/sucredorge-burlesque.com\/wp-content\/uploads\/2024\/12\/DSCF1489-683x1024.jpg\" alt=\"\" class=\"wp-image-19112 size-full\" srcset=\"https:\/\/sucredorge-burlesque.com\/wp-content\/uploads\/2024\/12\/DSCF1489-683x1024.jpg 683w, https:\/\/sucredorge-burlesque.com\/wp-content\/uploads\/2024\/12\/DSCF1489-200x300.jpg 200w, https:\/\/sucredorge-burlesque.com\/wp-content\/uploads\/2024\/12\/DSCF1489-768x1152.jpg 768w, https:\/\/sucredorge-burlesque.com\/wp-content\/uploads\/2024\/12\/DSCF1489-1024x1536.jpg 1024w, https:\/\/sucredorge-burlesque.com\/wp-content\/uploads\/2024\/12\/DSCF1489-1365x2048.jpg 1365w, https:\/\/sucredorge-burlesque.com\/wp-content\/uploads\/2024\/12\/DSCF1489-560x840.jpg 560w, https:\/\/sucredorge-burlesque.com\/wp-content\/uploads\/2024\/12\/DSCF1489-400x600.jpg 400w, https:\/\/sucredorge-burlesque.com\/wp-content\/uploads\/2024\/12\/DSCF1489-612x918.jpg 612w, https:\/\/sucredorge-burlesque.com\/wp-content\/uploads\/2024\/12\/DSCF1489-scaled.jpg 1707w\" sizes=\"auto, (max-width: 683px) 100vw, 683px\" \/><\/figure><div class=\"wp-block-media-text__content\">\n<h3 class=\"wp-block-heading has-small-font-size\">Cin\u00e9ma et vid\u00e9o :<\/h3>\n\n\n\n<ul class=\"wp-block-list\">\n<li>Silhouette dans <em>Le temps d&rsquo;aimer<\/em> de Katell Quill\u00e9v\u00e9r\u00e9, 2023 (<a href=\"https:\/\/www.youtube.com\/watch?v=68iDzOr3jsQ&amp;t=2s\" target=\"_blank\" rel=\"noreferrer noopener\">voir la bande annonce<\/a>)<\/li>\n\n\n\n<li>Silhouette de Mata Hari dans <em>L&rsquo;ombre d&rsquo;un doute, Mata Hari une coupable id\u00e9ale ?<\/em>, 2011 (<a href=\"https:\/\/histoire.fr\/programmes\/l-ombre-d-un-doute-mata-hari-une-coupable-ideale-124618\" target=\"_blank\" rel=\"noreferrer noopener\">voir les diffusions<\/a>)<\/li>\n\n\n\n<li>Clip pour l&rsquo;association R\u00e8gles \u00e9l\u00e9mentaires, 2020<\/li>\n\n\n\n<li>Clip r\u00e9alis\u00e9 par Jethro Massey (voir<a href=\"https:\/\/youtu.be\/HJeMFNgQy5c?si=xkjK5MCF4Au-uAEx\" target=\"_blank\" rel=\"noreferrer noopener\"> ici<\/a>)<\/li>\n\n\n\n<li>Ateliers porte-jarretelles pour le Cabinet de Curiosit\u00e9 de Marie Audran, 2014 (3 \u00e9pisodes \u00e0 voir <a href=\"https:\/\/www.dailymotion.com\/video\/x1bruzu\" target=\"_blank\" rel=\"noreferrer noopener\">ici<\/a>)<\/li>\n<\/ul>\n\n\n\n<h3 class=\"wp-block-heading has-small-font-size\">Mod\u00e8le photo :<\/h3>\n\n\n\n<p>Sucre d&rsquo;Orge se pr\u00eate souvent \u00e0 des collaborations photographiques avec entre autres Shot by Alexandra, Cedric Roulliat, Eve Saint-Ramon, Julien Benhamou, Isaure Anska, Armelle Gouyet, Paul von Borax, &#8230;<\/p>\n\n\n\n<h3 class=\"wp-block-heading has-small-font-size\">Mod\u00e8le dessin :<\/h3>\n\n\n\n<p>Elle pose r\u00e9guli\u00e8rement pour des \u00e9coles d&rsquo;art et des ateliers priv\u00e9s comme les Gobelins, Dr Sketchy&rsquo;s Anti-Art School (Paris, NYC), l&rsquo;atelier double-raisin, &#8230;<\/p>\n<\/div><\/div>\n\n\n\n<div class=\"wp-block-buttons is-content-justification-center is-layout-flex wp-container-core-buttons-is-layout-16018d1d wp-block-buttons-is-layout-flex\">\n<div class=\"wp-block-button\"><a class=\"wp-block-button__link wp-element-button\" href=\"https:\/\/sucredorge-burlesque.com\/fr\/contact\/\" target=\"_blank\" rel=\"noreferrer noopener\">Contact<\/a><\/div>\n<\/div>\n","protected":false},"excerpt":{"rendered":"<p>Effeuillage Burlesque A paris: Le Cabaret Burlesque (sur la p\u00e9niche de la Nouvelle Seine et au Rouge Gorge lors du festival d&rsquo;Avingon), le cabaret Canaille (th\u00e9\u00e2tre Michel), La Barbichette (\u00e0 la Machine du Moulin Rouge), les Velvet Dinners (au Victoria puis au Boeuf sur le toit), le Cabaret de Poussi\u00e8re, La Bouche, Le Carnaval du [&hellip;]<\/p>\n","protected":false},"author":1,"featured_media":0,"parent":0,"menu_order":0,"comment_status":"closed","ping_status":"closed","template":"","meta":{"_acf_changed":false,"footnotes":""},"class_list":["post-64","page","type-page","status-publish","hentry"],"acf":[],"yoast_head":"<!-- This site is optimized with the Yoast SEO plugin v27.2 - https:\/\/yoast.com\/product\/yoast-seo-wordpress\/ -->\n<title>R\u00e9f\u00e9rences - Sucre d&#039;Orge<\/title>\n<meta name=\"robots\" content=\"index, follow, max-snippet:-1, max-image-preview:large, max-video-preview:-1\" \/>\n<link rel=\"canonical\" href=\"https:\/\/sucredorge-burlesque.com\/fr\/references\/\" \/>\n<meta property=\"og:locale\" content=\"fr_FR\" \/>\n<meta property=\"og:type\" content=\"article\" \/>\n<meta property=\"og:title\" content=\"R\u00e9f\u00e9rences - Sucre d&#039;Orge\" \/>\n<meta property=\"og:description\" content=\"Effeuillage Burlesque A paris: Le Cabaret Burlesque (sur la p\u00e9niche de la Nouvelle Seine et au Rouge Gorge lors du festival d&rsquo;Avingon), le cabaret Canaille (th\u00e9\u00e2tre Michel), La Barbichette (\u00e0 la Machine du Moulin Rouge), les Velvet Dinners (au Victoria puis au Boeuf sur le toit), le Cabaret de Poussi\u00e8re, La Bouche, Le Carnaval du [&hellip;]\" \/>\n<meta property=\"og:url\" content=\"https:\/\/sucredorge-burlesque.com\/fr\/references\/\" \/>\n<meta property=\"og:site_name\" content=\"Sucre d&#039;Orge\" \/>\n<meta property=\"article:modified_time\" content=\"2026-03-30T10:09:17+00:00\" \/>\n<meta property=\"og:image\" content=\"https:\/\/sucredorge-burlesque.com\/wp-content\/uploads\/2024\/10\/SucreDorge-Yago-10.jpg\" \/>\n\t<meta property=\"og:image:width\" content=\"1055\" \/>\n\t<meta property=\"og:image:height\" content=\"1600\" \/>\n\t<meta property=\"og:image:type\" content=\"image\/jpeg\" \/>\n<meta name=\"twitter:card\" content=\"summary_large_image\" \/>\n<meta name=\"twitter:label1\" content=\"Dur\u00e9e de lecture estim\u00e9e\" \/>\n\t<meta name=\"twitter:data1\" content=\"4 minutes\" \/>\n<script type=\"application\/ld+json\" class=\"yoast-schema-graph\">{\"@context\":\"https:\/\/schema.org\",\"@graph\":[{\"@type\":\"WebPage\",\"@id\":\"https:\/\/sucredorge-burlesque.com\/fr\/references\/\",\"url\":\"https:\/\/sucredorge-burlesque.com\/fr\/references\/\",\"name\":\"R\u00e9f\u00e9rences - Sucre d&#039;Orge\",\"isPartOf\":{\"@id\":\"https:\/\/sucredorge-burlesque.com\/fr\/#website\"},\"primaryImageOfPage\":{\"@id\":\"https:\/\/sucredorge-burlesque.com\/fr\/references\/#primaryimage\"},\"image\":{\"@id\":\"https:\/\/sucredorge-burlesque.com\/fr\/references\/#primaryimage\"},\"thumbnailUrl\":\"https:\/\/sucredorge-burlesque.com\/wp-content\/uploads\/2024\/10\/SucreDorge-Yago-10-675x1024.jpg\",\"datePublished\":\"2024-10-31T18:46:26+00:00\",\"dateModified\":\"2026-03-30T10:09:17+00:00\",\"breadcrumb\":{\"@id\":\"https:\/\/sucredorge-burlesque.com\/fr\/references\/#breadcrumb\"},\"inLanguage\":\"fr-FR\",\"potentialAction\":[{\"@type\":\"ReadAction\",\"target\":[\"https:\/\/sucredorge-burlesque.com\/fr\/references\/\"]}]},{\"@type\":\"ImageObject\",\"inLanguage\":\"fr-FR\",\"@id\":\"https:\/\/sucredorge-burlesque.com\/fr\/references\/#primaryimage\",\"url\":\"https:\/\/sucredorge-burlesque.com\/wp-content\/uploads\/2024\/10\/SucreDorge-Yago-10-675x1024.jpg\",\"contentUrl\":\"https:\/\/sucredorge-burlesque.com\/wp-content\/uploads\/2024\/10\/SucreDorge-Yago-10-675x1024.jpg\"},{\"@type\":\"BreadcrumbList\",\"@id\":\"https:\/\/sucredorge-burlesque.com\/fr\/references\/#breadcrumb\",\"itemListElement\":[{\"@type\":\"ListItem\",\"position\":1,\"name\":\"Accueil\",\"item\":\"https:\/\/sucredorge-burlesque.com\/fr\/\"},{\"@type\":\"ListItem\",\"position\":2,\"name\":\"R\u00e9f\u00e9rences\"}]},{\"@type\":\"WebSite\",\"@id\":\"https:\/\/sucredorge-burlesque.com\/fr\/#website\",\"url\":\"https:\/\/sucredorge-burlesque.com\/fr\/\",\"name\":\"Sucre d'Orge\",\"description\":\"\",\"potentialAction\":[{\"@type\":\"SearchAction\",\"target\":{\"@type\":\"EntryPoint\",\"urlTemplate\":\"https:\/\/sucredorge-burlesque.com\/fr\/?s={search_term_string}\"},\"query-input\":{\"@type\":\"PropertyValueSpecification\",\"valueRequired\":true,\"valueName\":\"search_term_string\"}}],\"inLanguage\":\"fr-FR\"}]}<\/script>\n<!-- \/ Yoast SEO plugin. -->","yoast_head_json":{"title":"R\u00e9f\u00e9rences - Sucre d&#039;Orge","robots":{"index":"index","follow":"follow","max-snippet":"max-snippet:-1","max-image-preview":"max-image-preview:large","max-video-preview":"max-video-preview:-1"},"canonical":"https:\/\/sucredorge-burlesque.com\/fr\/references\/","og_locale":"fr_FR","og_type":"article","og_title":"R\u00e9f\u00e9rences - Sucre d&#039;Orge","og_description":"Effeuillage Burlesque A paris: Le Cabaret Burlesque (sur la p\u00e9niche de la Nouvelle Seine et au Rouge Gorge lors du festival d&rsquo;Avingon), le cabaret Canaille (th\u00e9\u00e2tre Michel), La Barbichette (\u00e0 la Machine du Moulin Rouge), les Velvet Dinners (au Victoria puis au Boeuf sur le toit), le Cabaret de Poussi\u00e8re, La Bouche, Le Carnaval du [&hellip;]","og_url":"https:\/\/sucredorge-burlesque.com\/fr\/references\/","og_site_name":"Sucre d&#039;Orge","article_modified_time":"2026-03-30T10:09:17+00:00","og_image":[{"width":1055,"height":1600,"url":"https:\/\/sucredorge-burlesque.com\/wp-content\/uploads\/2024\/10\/SucreDorge-Yago-10.jpg","type":"image\/jpeg"}],"twitter_card":"summary_large_image","twitter_misc":{"Dur\u00e9e de lecture estim\u00e9e":"4 minutes"},"schema":{"@context":"https:\/\/schema.org","@graph":[{"@type":"WebPage","@id":"https:\/\/sucredorge-burlesque.com\/fr\/references\/","url":"https:\/\/sucredorge-burlesque.com\/fr\/references\/","name":"R\u00e9f\u00e9rences - Sucre d&#039;Orge","isPartOf":{"@id":"https:\/\/sucredorge-burlesque.com\/fr\/#website"},"primaryImageOfPage":{"@id":"https:\/\/sucredorge-burlesque.com\/fr\/references\/#primaryimage"},"image":{"@id":"https:\/\/sucredorge-burlesque.com\/fr\/references\/#primaryimage"},"thumbnailUrl":"https:\/\/sucredorge-burlesque.com\/wp-content\/uploads\/2024\/10\/SucreDorge-Yago-10-675x1024.jpg","datePublished":"2024-10-31T18:46:26+00:00","dateModified":"2026-03-30T10:09:17+00:00","breadcrumb":{"@id":"https:\/\/sucredorge-burlesque.com\/fr\/references\/#breadcrumb"},"inLanguage":"fr-FR","potentialAction":[{"@type":"ReadAction","target":["https:\/\/sucredorge-burlesque.com\/fr\/references\/"]}]},{"@type":"ImageObject","inLanguage":"fr-FR","@id":"https:\/\/sucredorge-burlesque.com\/fr\/references\/#primaryimage","url":"https:\/\/sucredorge-burlesque.com\/wp-content\/uploads\/2024\/10\/SucreDorge-Yago-10-675x1024.jpg","contentUrl":"https:\/\/sucredorge-burlesque.com\/wp-content\/uploads\/2024\/10\/SucreDorge-Yago-10-675x1024.jpg"},{"@type":"BreadcrumbList","@id":"https:\/\/sucredorge-burlesque.com\/fr\/references\/#breadcrumb","itemListElement":[{"@type":"ListItem","position":1,"name":"Accueil","item":"https:\/\/sucredorge-burlesque.com\/fr\/"},{"@type":"ListItem","position":2,"name":"R\u00e9f\u00e9rences"}]},{"@type":"WebSite","@id":"https:\/\/sucredorge-burlesque.com\/fr\/#website","url":"https:\/\/sucredorge-burlesque.com\/fr\/","name":"Sucre d'Orge","description":"","potentialAction":[{"@type":"SearchAction","target":{"@type":"EntryPoint","urlTemplate":"https:\/\/sucredorge-burlesque.com\/fr\/?s={search_term_string}"},"query-input":{"@type":"PropertyValueSpecification","valueRequired":true,"valueName":"search_term_string"}}],"inLanguage":"fr-FR"}]}},"jetpack_sharing_enabled":true,"_links":{"self":[{"href":"https:\/\/sucredorge-burlesque.com\/fr\/wp-json\/wp\/v2\/pages\/64","targetHints":{"allow":["GET"]}}],"collection":[{"href":"https:\/\/sucredorge-burlesque.com\/fr\/wp-json\/wp\/v2\/pages"}],"about":[{"href":"https:\/\/sucredorge-burlesque.com\/fr\/wp-json\/wp\/v2\/types\/page"}],"author":[{"embeddable":true,"href":"https:\/\/sucredorge-burlesque.com\/fr\/wp-json\/wp\/v2\/users\/1"}],"replies":[{"embeddable":true,"href":"https:\/\/sucredorge-burlesque.com\/fr\/wp-json\/wp\/v2\/comments?post=64"}],"version-history":[{"count":20,"href":"https:\/\/sucredorge-burlesque.com\/fr\/wp-json\/wp\/v2\/pages\/64\/revisions"}],"predecessor-version":[{"id":25796,"href":"https:\/\/sucredorge-burlesque.com\/fr\/wp-json\/wp\/v2\/pages\/64\/revisions\/25796"}],"wp:attachment":[{"href":"https:\/\/sucredorge-burlesque.com\/fr\/wp-json\/wp\/v2\/media?parent=64"}],"curies":[{"name":"wp","href":"https:\/\/api.w.org\/{rel}","templated":true}]}}